{"id":4822,"date":"2016-07-19T21:40:58","date_gmt":"2016-07-19T21:40:58","guid":{"rendered":"http:\/\/equipomedicocentral.com\/wordpress\/product\/steris-sq140\/"},"modified":"2023-08-23T06:16:13","modified_gmt":"2023-08-23T10:16:13","slug":"steris-sq140","status":"publish","type":"product","link":"https:\/\/www.somatechnology.com\/spanish\/equipo-medico-usado-remanufacturado\/luces-de-cirugia-lamparas-quirurgicas\/steris-sq140\/","title":{"rendered":"Steris SQ140"},"content":{"rendered":"<h2>Caracter\u00edsticas Steris SQ140<\/h2>\n<ul>\n<li>El sistema de iluminaci\u00f3n quir\u00fargico de Amsco<strong> SQ140 de STERIS<\/strong> combina la flexibilidad y la facilidad de colocaci\u00f3n de un peque\u00f1o mareo del di\u00e1metro con el funcionamiento \u00f3ptico magn\u00edfico de un v\u00e9rtigo de gran di\u00e1metro.<\/li>\n<li>Es un sistema de iluminaci\u00f3n de alta potencia, f\u00e1cil de maniobra dise\u00f1ado para cada tama\u00f1o y tipo de procedimiento quir\u00fargico<\/li>\n<\/ul>\n<h2>Especificaciones Steris SQ 140<\/h2>\n<ul>\n<li>Intensidad de luz @ 1m en la vela de pie (Lux): 12.000 (129.170)<\/li>\n<li>Di\u00e1metro de campo ligero pulgadas (mm): 6,5 \u2013 8,5 (160 \u2013 208)<\/li>\n<li>Pulgadas de la distancia de funcionamiento (mil\u00edmetro): 34 \u2013 60 (833 \u2013 1470)<\/li>\n<li>Profundidad de las pulgadas del campo (mil\u00edmetro): 26 (660)<\/li>\n<li>Di\u00e1metro de las pulgadas del reflector (mil\u00edmetro): 22 (559)<\/li>\n<li>Temperatura de color: 4400 k<\/li>\n<li>CRI: 92<\/li>\n<li>Fuente de luz: hal\u00f3geno del tungsteno<\/li>\n<li>Vatiaje de la l\u00e1mpara: ultra peque\u00f1o<\/li>\n<li>Tiempo de vida de la l\u00e1mpara (aproximado): 1.000 t\u00edpico, 2.000 en el ajuste 3<\/li>\n<\/ul>\n<p>&nbsp;<\/p>\n","protected":false},"excerpt":{"rendered":"<p>Luces de Cirug\u00eda<\/p>\n","protected":false},"featured_media":12410,"template":"","meta":{"_acf_changed":false,"_relevanssi_hide_post":"","_relevanssi_hide_content":"","_relevanssi_pin_for_all":"","_relevanssi_pin_keywords":"","_relevanssi_unpin_keywords":"","_relevanssi_related_keywords":"","_relevanssi_related_include_ids":"","_relevanssi_related_exclude_ids":"","_relevanssi_related_no_append":"","_relevanssi_related_not_related":"","_relevanssi_related_posts":"","_relevanssi_noindex_reason":"","inline_featured_image":false},"pwb-brand":[1149],"product_brand":[],"product_cat":[71],"product_tag":[4987,543,5158,5161,5163,5162],"class_list":{"0":"post-4822","1":"product","2":"type-product","3":"status-publish","4":"has-post-thumbnail","6":"pwb-brand-equipo-medico-steris","7":"product_cat-luces-de-cirugia-lamparas-quirurgicas","8":"product_tag-lamparas-quirurgicas","9":"product_tag-steris","10":"product_tag-steris-lamparas-quirurgicas","11":"product_tag-steris-sq","12":"product_tag-steris-sq140","13":"product_tag-steris-sq140-lamparas-quirurgicas","15":"first","16":"instock","17":"purchasable","18":"product-type-simple"},"acf":[],"brands":[{"id":1149,"name":"Steris","slug":"equipo-medico-steris"}],"_links":{"self":[{"href":"https:\/\/www.somatechnology.com\/spanish\/wp-json\/wp\/v2\/product\/4822","targetHints":{"allow":["GET"]}}],"collection":[{"href":"https:\/\/www.somatechnology.com\/spanish\/wp-json\/wp\/v2\/product"}],"about":[{"href":"https:\/\/www.somatechnology.com\/spanish\/wp-json\/wp\/v2\/types\/product"}],"wp:featuredmedia":[{"embeddable":true,"href":"https:\/\/www.somatechnology.com\/spanish\/wp-json\/wp\/v2\/media\/12410"}],"wp:attachment":[{"href":"https:\/\/www.somatechnology.com\/spanish\/wp-json\/wp\/v2\/media?parent=4822"}],"wp:term":[{"taxonomy":"pwb-brand","embeddable":true,"href":"https:\/\/www.somatechnology.com\/spanish\/wp-json\/wp\/v2\/pwb-brand?post=4822"},{"taxonomy":"product_brand","embeddable":true,"href":"https:\/\/www.somatechnology.com\/spanish\/wp-json\/wp\/v2\/product_brand?post=4822"},{"taxonomy":"product_cat","embeddable":true,"href":"https:\/\/www.somatechnology.com\/spanish\/wp-json\/wp\/v2\/product_cat?post=4822"},{"taxonomy":"product_tag","embeddable":true,"href":"https:\/\/www.somatechnology.com\/spanish\/wp-json\/wp\/v2\/product_tag?post=4822"}],"curies":[{"name":"wp","href":"https:\/\/api.w.org\/{rel}","templated":true}]}}