{"id":4826,"date":"2016-07-19T21:40:58","date_gmt":"2016-07-19T21:40:58","guid":{"rendered":"http:\/\/equipomedicocentral.com\/wordpress\/product\/philips-c3\/"},"modified":"2023-08-23T06:16:17","modified_gmt":"2023-08-23T10:16:17","slug":"philips-c3","status":"publish","type":"product","link":"https:\/\/www.somatechnology.com\/spanish\/equipo-medico-usado-remanufacturado\/monitores-de-signos-vitales\/monitores-multiparametros\/philips-c3\/","title":{"rendered":"Philips C3"},"content":{"rendered":"<h2>Caracter\u00edsticas Philips C3<\/h2>\n<p>El <strong>Philips C3<\/strong> es un monitor de paciente no invasivo con todos los elementos esenciales para su uso en m\u00faltiples aplicaciones. El C3 todo incluido ofrece un conjunto completo de par\u00e1metros no invasivos, una gran pantalla de color \u2033 10,4, y conectores universales Philips.<\/p>\n<ul>\n<li>ECG 3-Lead con la detecci\u00f3n de los marcapasos<\/li>\n<li>SpO2 r\u00e1pido: tecnolog\u00eda movimiento-tolerante de la supresi\u00f3n del artefacto de Fourier<\/li>\n<li>Presi\u00f3n arterial no invasiva con modo STAT<\/li>\n<li>Grabadora integrada de la carta de la tira (opcional)<\/li>\n<li>La rueda de navegaci\u00f3n funciona como un rat\u00f3n de ordenador<\/li>\n<li>Puerto serie RS232 para la conexi\u00f3n al sistema de llamada de enfermer\u00eda o la exportaci\u00f3n de datos de tendencia<\/li>\n<li>Exhibici\u00f3n de color grande de 10,4 \u2033<\/li>\n<li>Los formatos de exhibici\u00f3n flexibles se adaptan a varios requisitos cl\u00ednicos<\/li>\n<li>Tendencias integradas de 12 horas<\/li>\n<li>Los conectores universales Philips se intercambian f\u00e1cilmente entre monitores<\/li>\n<li>Portable, con energ\u00eda de la bater\u00eda de tres horas<\/li>\n<\/ul>\n","protected":false},"excerpt":{"rendered":"<p>Monitor Multiparametro<\/p>\n","protected":false},"featured_media":11294,"template":"","meta":{"_acf_changed":false,"_relevanssi_hide_post":"","_relevanssi_hide_content":"","_relevanssi_pin_for_all":"","_relevanssi_pin_keywords":"","_relevanssi_unpin_keywords":"","_relevanssi_related_keywords":"","_relevanssi_related_include_ids":"","_relevanssi_related_exclude_ids":"","_relevanssi_related_no_append":"","_relevanssi_related_not_related":"","_relevanssi_related_posts":"","_relevanssi_noindex_reason":"","inline_featured_image":false},"pwb-brand":[1102],"product_brand":[],"product_cat":[50],"product_tag":[3841,3847,273,3845,3846],"class_list":{"0":"post-4826","1":"product","2":"type-product","3":"status-publish","4":"has-post-thumbnail","6":"pwb-brand-equipo-medico-philips","7":"product_cat-monitores-multiparametros","8":"product_tag-monitores-multiparametros-philips","9":"product_tag-monitores-multiparametros-philips-c3","10":"product_tag-philips","11":"product_tag-philips-c3","12":"product_tag-philips-c3-monitores-multiparametros","14":"first","15":"instock","16":"purchasable","17":"product-type-simple"},"acf":[],"brands":[{"id":1102,"name":"Philips","slug":"equipo-medico-philips"}],"_links":{"self":[{"href":"https:\/\/www.somatechnology.com\/spanish\/wp-json\/wp\/v2\/product\/4826","targetHints":{"allow":["GET"]}}],"collection":[{"href":"https:\/\/www.somatechnology.com\/spanish\/wp-json\/wp\/v2\/product"}],"about":[{"href":"https:\/\/www.somatechnology.com\/spanish\/wp-json\/wp\/v2\/types\/product"}],"wp:featuredmedia":[{"embeddable":true,"href":"https:\/\/www.somatechnology.com\/spanish\/wp-json\/wp\/v2\/media\/11294"}],"wp:attachment":[{"href":"https:\/\/www.somatechnology.com\/spanish\/wp-json\/wp\/v2\/media?parent=4826"}],"wp:term":[{"taxonomy":"pwb-brand","embeddable":true,"href":"https:\/\/www.somatechnology.com\/spanish\/wp-json\/wp\/v2\/pwb-brand?post=4826"},{"taxonomy":"product_brand","embeddable":true,"href":"https:\/\/www.somatechnology.com\/spanish\/wp-json\/wp\/v2\/product_brand?post=4826"},{"taxonomy":"product_cat","embeddable":true,"href":"https:\/\/www.somatechnology.com\/spanish\/wp-json\/wp\/v2\/product_cat?post=4826"},{"taxonomy":"product_tag","embeddable":true,"href":"https:\/\/www.somatechnology.com\/spanish\/wp-json\/wp\/v2\/product_tag?post=4826"}],"curies":[{"name":"wp","href":"https:\/\/api.w.org\/{rel}","templated":true}]}}