{"id":4831,"date":"2016-07-19T21:40:58","date_gmt":"2016-07-19T21:40:58","guid":{"rendered":"http:\/\/equipomedicocentral.com\/wordpress\/product\/philips-hp-sonos-5500\/"},"modified":"2025-12-11T02:09:48","modified_gmt":"2025-12-11T07:09:48","slug":"philips-hp-sonos-5500","status":"publish","type":"product","link":"https:\/\/www.somatechnology.com\/spanish\/equipo-medico-usado-remanufacturado\/imagenologia-radiologia\/ultrasonidos\/philips-hp-sonos-5500\/","title":{"rendered":"Philips HP Sonos 5500"},"content":{"rendered":"<h2>Philips HP Sonos 5500<\/h2>\n<p>El Philips HP Sonos 5500 es una m\u00e1quina de ultrasonido\u00a0que se puede utilizar para diagn\u00f3sticos avanzados. El ultrasonido HP Sonos 5500 utiliza color Doppler con PW y CW Doppler para crear im\u00e1genes claras. El sistema tambi\u00e9n ofrece im\u00e1genes arm\u00f3nicas de fusi\u00f3n, im\u00e1genes de contraste y flujo de color de alta definici\u00f3n. Producci\u00f3n de im\u00e1genes 2D y 3D para aplicaciones como; Cardia, abdominal, vasculares, piezas peque\u00f1as, emed, excelentes ex\u00e1menes y anestesia. La lata de ultrasonido es comparable con diez transductores\/sondas diferentes.<\/p>\n<ul>\n<li>Im\u00e1genes: modo B, modo M, doppler de color, colorizaci\u00f3n, Doppler PW\/CW de direcci\u00f3n espectral<\/li>\n<li>Monitor CRT CRT de 13.5 \u2033<\/li>\n<li>ECG\/Modo M incluyendo cable de ECG de 3 derivaciones<\/li>\n<li>Bucle de CINE<\/li>\n<li>Zoom ac\u00fastico<\/li>\n<li>Imagen trapezoidal<\/li>\n<li>Echo de estr\u00e9s<\/li>\n<li>Control de ganancia lateral<\/li>\n<li>Tres piezas de sonda de conmutaci\u00f3n electr\u00f3nica<\/li>\n<li>Grabadora SVHS integrada<\/li>\n<li>Mejora de eco suave<\/li>\n<li>Im\u00e1genes de arm\u00f3nicas de fusi\u00f3n<\/li>\n<li>Software de calculos \/ informes card\u00edacos y vasculares<\/li>\n<li>Escaneo de velocidad de fotogramas alta (hasta 300 Hz)<\/li>\n<li>Control de ganancia lateral, revisi\u00f3n continua de bucle<\/li>\n<li>Cuantificaci\u00f3n ac\u00fastica inteligente<\/li>\n<li>Haz de elevaci\u00f3n din\u00e1mica ex<\/li>\n<li>Apoyo lineal curvo para estudios abdominales<\/li>\n<li>Doppler de tejido, kinesis de color<\/li>\n<\/ul>\n<h3>Dimensiones<\/h3>\n<ul>\n<li>Altura: 57 en<\/li>\n<li>Ancho: 24.5 en<\/li>\n<li>Profundidad 36 en<\/li>\n<li>Peso: 478 libras<\/li>\n<\/ul>\n<h3>Sondas \/ Transductores<\/h3>\n<ul>\n<li>Sonda CW ciega (1.9 MHz)<\/li>\n<li>S4 sonda de matriz en fase card\u00edaca S4 para adultos (2 &#8211; 4 MHz)<\/li>\n<li>Sonda de matriz en fase card\u00edaca para adultos (1.8 &#8211; 3.6 MHz)<\/li>\n<li>C5-2 sonda de matriz lineal curva abdominal \/ OB con software OB Calcs \/ Reports (2-6 MHz)<\/li>\n<li>Sonda de matriz lineal curva endovaginal (3 &#8211; 7 MHz)<\/li>\n<li>E6-519 Omni-Plane II TE Probe de matriz en fase (4-6 MHz)<\/li>\n<li>Sonda de matriz en fases de TE pedi\u00e1trico biplano (5 &#8211; 9 MHz)<\/li>\n<li>Sonda de matriz en fase pedi\u00e1trica (4 &#8211; 8 MHz)<\/li>\n<li>Sonda de matriz en fase card\u00edaca neonatal (5 &#8211; 12 MHz)<\/li>\n<li>Probaci\u00f3n de matriz lineal de trampa vascular (3 &#8211; 7 MHz)<\/li>\n<li>Probaci\u00f3n de matriz lineal de trampa vasculares\/peque\u00f1as (4 &#8211; 8 MHz)<\/li>\n<li>Propiedad de matriz lineal de trampa vasculares\/peque\u00f1as (3 &#8211; 11 MHz)<\/li>\n<li>Matriz lineal (7.5 \/ 5.5 MHz)<\/li>\n<li>Array lineal de banda ancha de 11-3l (3-11 MHz)<\/li>\n<\/ul>\n","protected":false},"excerpt":{"rendered":"<p>El Philips HP Sonos 5500 es una m\u00e1quina de ultrasonido\u00a0que se puede utilizar para diagn\u00f3sticos avanzados. El ultrasonido HP Sonos 5500 utiliza color Doppler con PW y CW Doppler para crear im\u00e1genes claras. El sistema tambi\u00e9n ofrece im\u00e1genes arm\u00f3nicas de fusi\u00f3n, im\u00e1genes de contraste y flujo de color de alta definici\u00f3n. Producci\u00f3n de im\u00e1genes 2D y 3D para aplicaciones como; Cardia, abdominal, vasculares, piezas peque\u00f1as, emed, excelentes ex\u00e1menes y anestesia. La lata de ultrasonido es comparable con diez transductores\/sondas diferentes.<\/p>\n","protected":false},"featured_media":9228,"template":"","meta":{"_acf_changed":false,"_relevanssi_hide_post":"","_relevanssi_hide_content":"","_relevanssi_pin_for_all":"","_relevanssi_pin_keywords":"","_relevanssi_unpin_keywords":"","_relevanssi_related_keywords":"","_relevanssi_related_include_ids":"","_relevanssi_related_exclude_ids":"","_relevanssi_related_no_append":"","_relevanssi_related_not_related":"","_relevanssi_related_posts":"","_relevanssi_noindex_reason":"","inline_featured_image":false},"pwb-brand":[1102],"product_brand":[],"product_cat":[91],"product_tag":[2115,2117,2121,273,1224,2118,2120,2116,2119,2122,2123,1901,1900],"class_list":{"0":"post-4831","1":"product","2":"type-product","3":"status-publish","4":"has-post-thumbnail","6":"pwb-brand-equipo-medico-philips","7":"product_cat-ultrasonidos","8":"product_tag-hp","9":"product_tag-hp-sonos","10":"product_tag-hp-sonos-5500","11":"product_tag-philips","12":"product_tag-philips-hp","13":"product_tag-philips-hp-sonos","14":"product_tag-philips-hp-sonos-5500","15":"product_tag-philips-sonos","16":"product_tag-philips-sonos-5500","17":"product_tag-sonos","18":"product_tag-sonos-5500","19":"product_tag-ultrasonido","20":"product_tag-ultrasonidos","22":"first","23":"instock","24":"purchasable","25":"product-type-simple"},"acf":[],"brands":[{"id":1102,"name":"Philips","slug":"equipo-medico-philips"}],"_links":{"self":[{"href":"https:\/\/www.somatechnology.com\/spanish\/wp-json\/wp\/v2\/product\/4831","targetHints":{"allow":["GET"]}}],"collection":[{"href":"https:\/\/www.somatechnology.com\/spanish\/wp-json\/wp\/v2\/product"}],"about":[{"href":"https:\/\/www.somatechnology.com\/spanish\/wp-json\/wp\/v2\/types\/product"}],"wp:featuredmedia":[{"embeddable":true,"href":"https:\/\/www.somatechnology.com\/spanish\/wp-json\/wp\/v2\/media\/9228"}],"wp:attachment":[{"href":"https:\/\/www.somatechnology.com\/spanish\/wp-json\/wp\/v2\/media?parent=4831"}],"wp:term":[{"taxonomy":"pwb-brand","embeddable":true,"href":"https:\/\/www.somatechnology.com\/spanish\/wp-json\/wp\/v2\/pwb-brand?post=4831"},{"taxonomy":"product_brand","embeddable":true,"href":"https:\/\/www.somatechnology.com\/spanish\/wp-json\/wp\/v2\/product_brand?post=4831"},{"taxonomy":"product_cat","embeddable":true,"href":"https:\/\/www.somatechnology.com\/spanish\/wp-json\/wp\/v2\/product_cat?post=4831"},{"taxonomy":"product_tag","embeddable":true,"href":"https:\/\/www.somatechnology.com\/spanish\/wp-json\/wp\/v2\/product_tag?post=4831"}],"curies":[{"name":"wp","href":"https:\/\/api.w.org\/{rel}","templated":true}]}}