{"id":4833,"date":"2016-07-19T21:40:58","date_gmt":"2016-07-19T21:40:58","guid":{"rendered":"http:\/\/equipomedicocentral.com\/wordpress\/product\/ge-marquette-mac-3500\/"},"modified":"2023-08-23T06:16:20","modified_gmt":"2023-08-23T10:16:20","slug":"ge-marquette-mac-3500","status":"publish","type":"product","link":"https:\/\/www.somatechnology.com\/spanish\/equipo-medico-usado-remanufacturado\/cardiologia\/ekg-interpretativo-y-no-interpretativo\/ge-marquette-mac-3500\/","title":{"rendered":"GE Marquette MAC 3500"},"content":{"rendered":"<h2>Caracter\u00edsticas del\u00a0<strong>GE Marquette Mac 3500<\/strong><\/h2>\n<ul>\n<li>La pantalla en color f\u00e1cil de leer muestra 12 conductores a la vez.<\/li>\n<li>Marquette 12SL ECG programa de an\u00e1lisis ECG simult\u00e1neo de 12 derivaciones para adultos y pediatr\u00eda.<\/li>\n<li>12SL con interpretaci\u00f3n espec\u00edfica de g\u00e9nero hace que la detecci\u00f3n de IAM en mujeres sea m\u00e1s f\u00e1cil.<\/li>\n<li>El programa de an\u00e1lisis de calidad de se\u00f1al de Marquette Hook-up Advisor reduce la mala calidad de la forma de onda durante la grabaci\u00f3n del ECG.<\/li>\n<\/ul>\n<h2>Especificaciones del\u00a0<strong>GE Marquette Mac 3500<\/strong><\/h2>\n<h3>Datos t\u00e9cnicos<\/h3>\n<ul>\n<li>Tama\u00f1o del papel: 8.45in x 11in z-fold<\/li>\n<li>Dispositivo de impresi\u00f3n: arreglo t\u00e9rmico de puntos<\/li>\n<li>Canales: 3, 6 o 12<\/li>\n<li>Velocidades del gr\u00e1fico: mm \/ s: 5, 12.5, 25, 50<\/li>\n<\/ul>\n<h3>Dimensiones<\/h3>\n<ul>\n<li>Cardi\u00f3grafo: 15 pulgadas L x 15.6 pulgadas W x 7.6 pulgadas H<\/li>\n<li>Peso: 15 libras (7 kg)<\/li>\n<\/ul>\n<h3>Requerimientos de Energ\u00eda<\/h3>\n<ul>\n<li>115 \/ 230V AC +\/- 10%, 50 \/ 60Hz en fuente de alimentaci\u00f3n externa<\/li>\n<\/ul>\n<p>&nbsp;<\/p>\n","protected":false},"excerpt":{"rendered":"<p>Electrocardi\u00f3grafo<\/p>\n","protected":false},"featured_media":20491,"template":"","meta":{"_acf_changed":false,"_relevanssi_hide_post":"","_relevanssi_hide_content":"","_relevanssi_pin_for_all":"","_relevanssi_pin_keywords":"","_relevanssi_unpin_keywords":"","_relevanssi_related_keywords":"","_relevanssi_related_include_ids":"","_relevanssi_related_exclude_ids":"","_relevanssi_related_no_append":"","_relevanssi_related_not_related":"","_relevanssi_related_posts":"","_relevanssi_noindex_reason":"","inline_featured_image":false},"pwb-brand":[1100],"product_brand":[],"product_cat":[49],"product_tag":[4782,4802,224,4803,1210,4806,1207,4810,1206,1209,4811],"class_list":{"0":"post-4833","1":"product","2":"type-product","3":"status-publish","4":"has-post-thumbnail","6":"pwb-brand-equipo-medico-ge","7":"product_cat-ekg-interpretativo-y-no-interpretativo","8":"product_tag-electrocardiografos","9":"product_tag-electrocardiografos-ge","10":"product_tag-ge","11":"product_tag-ge-electrocardiografos","12":"product_tag-ge-mac-3500","13":"product_tag-ge-mac-electrocardiografos","14":"product_tag-ge-marquette","15":"product_tag-ge-marquette-electrocardiografos","16":"product_tag-ge-marquette-mac","17":"product_tag-ge-marquette-mac-3500","18":"product_tag-ge-marquette-mac-3500-electrocardiografos","20":"first","21":"instock","22":"purchasable","23":"product-type-simple"},"acf":[],"brands":[{"id":1100,"name":"GE","slug":"equipo-medico-ge"}],"_links":{"self":[{"href":"https:\/\/www.somatechnology.com\/spanish\/wp-json\/wp\/v2\/product\/4833","targetHints":{"allow":["GET"]}}],"collection":[{"href":"https:\/\/www.somatechnology.com\/spanish\/wp-json\/wp\/v2\/product"}],"about":[{"href":"https:\/\/www.somatechnology.com\/spanish\/wp-json\/wp\/v2\/types\/product"}],"wp:featuredmedia":[{"embeddable":true,"href":"https:\/\/www.somatechnology.com\/spanish\/wp-json\/wp\/v2\/media\/20491"}],"wp:attachment":[{"href":"https:\/\/www.somatechnology.com\/spanish\/wp-json\/wp\/v2\/media?parent=4833"}],"wp:term":[{"taxonomy":"pwb-brand","embeddable":true,"href":"https:\/\/www.somatechnology.com\/spanish\/wp-json\/wp\/v2\/pwb-brand?post=4833"},{"taxonomy":"product_brand","embeddable":true,"href":"https:\/\/www.somatechnology.com\/spanish\/wp-json\/wp\/v2\/product_brand?post=4833"},{"taxonomy":"product_cat","embeddable":true,"href":"https:\/\/www.somatechnology.com\/spanish\/wp-json\/wp\/v2\/product_cat?post=4833"},{"taxonomy":"product_tag","embeddable":true,"href":"https:\/\/www.somatechnology.com\/spanish\/wp-json\/wp\/v2\/product_tag?post=4833"}],"curies":[{"name":"wp","href":"https:\/\/api.w.org\/{rel}","templated":true}]}}