{"id":4834,"date":"2016-07-19T21:40:58","date_gmt":"2016-07-19T21:40:58","guid":{"rendered":"http:\/\/equipomedicocentral.com\/wordpress\/product\/steris-amsco-orthovision\/"},"modified":"2023-08-23T06:16:21","modified_gmt":"2023-08-23T10:16:21","slug":"steris-amsco-orthovision","status":"publish","type":"product","link":"https:\/\/www.somatechnology.com\/spanish\/equipo-medico-usado-remanufacturado\/mesas-de-cirugia\/steris-amsco-orthovision\/","title":{"rendered":"Steris Amsco OrthoVision"},"content":{"rendered":"<h2>Caracter\u00edsticas Steris Amsco OrthoVision<\/h2>\n<p>El <strong>Steris Amsco OrthoVision<\/strong> ofrece y asegura una fiabilidad, rendimiento y valor excepcionales. Representando un alto nivel en la proyecci\u00f3n de imagen quir\u00fargica, la tabla ortop\u00e9dica OrthoVision ofrece las barras radiol\u00facidas del abductor y un resto sacro cu\u00f1a-formado con un poste perineal opcional que ayuden a proporcionar la capacidad excepcional de la proyecci\u00f3n de imagen, no importa c\u00f3mo es complicado el Procedimiento.<\/p>\n<ul>\n<li>Dise\u00f1ado principalmente para procedimientos de cadera y extremidades inferiores.<\/li>\n<li>M\u00f3vil y operado manualmente.<\/li>\n<li>La mesa se pliega en un paquete compacto cuando no est\u00e1 en uso (29 \u00abx 27 \u00bd\u00bb x 41 \u00ab).<\/li>\n<li>Capacidad de Trendelenburg y inclinaci\u00f3n lateral.<\/li>\n<li>Excelente interfaz C-arm.<\/li>\n<li>Maniobrabilidad f\u00e1cil.<\/li>\n<li>Capacidad de imagen excepcional.<\/li>\n<\/ul>\n<h2>Especificaciones Steris Amsco OrthoVision<\/h2>\n<h3>Dimensiones<\/h3>\n<ul>\n<li>Altura 29 \u2033 a 47 \u2033 (731 \u2013 118,4 cm)<\/li>\n<li>Anchura 27,5 \u2033 (69,9 cm)<\/li>\n<li>Longitud 87,1 \u2033 (221,4 cm)<\/li>\n<li>Capacidad del peso (posici\u00f3n anat\u00f3mica) 400 lbs. (181 kilogramos)<\/li>\n<li>Capacidad de peso (orientaci\u00f3n inversa) 300 lbs. (137 kg)<\/li>\n<li>Inclinaci\u00f3n lateral (izquierda\/derecha) 15 \u00b0<\/li>\n<li>Trendelenburg\/tendencia reversa 15 \u00b0\/15\u00b0<\/li>\n<\/ul>\n<h3>Diversos procedimientos<\/h3>\n<ul>\n<li>Fijaci\u00f3n de cadera derecha e izquierda<\/li>\n<li>Tracci\u00f3n unilateral o bilateral<\/li>\n<li>Clavado intramedular derecho e izquierdo<\/li>\n<li>Pie o tracci\u00f3n esquel\u00e9tica<\/li>\n<li>Tibia, peron\u00e9, clavado<\/li>\n<li>Clavos de Ender<\/li>\n<li>Cadera espiga<\/li>\n<li>Noperative myelograms<\/li>\n<li>Debe reparar<\/li>\n<li>Inserci\u00f3n de marcapasos<\/li>\n<\/ul>\n<p>&nbsp;<\/p>\n","protected":false},"excerpt":{"rendered":"<p id=\"tw-target-text\" class=\"tw-data-text tw-ta tw-text-medium\" dir=\"ltr\" data-placeholder=\"Translation\"><span lang=\"es\">Mesa quir\u00fargica ortop\u00e9dica<\/span><\/p>\n","protected":false},"featured_media":11735,"template":"","meta":{"_acf_changed":false,"_relevanssi_hide_post":"","_relevanssi_hide_content":"","_relevanssi_pin_for_all":"","_relevanssi_pin_keywords":"","_relevanssi_unpin_keywords":"","_relevanssi_related_keywords":"","_relevanssi_related_include_ids":"","_relevanssi_related_exclude_ids":"","_relevanssi_related_no_append":"","_relevanssi_related_not_related":"","_relevanssi_related_posts":"","_relevanssi_noindex_reason":"","inline_featured_image":false},"pwb-brand":[1149],"product_brand":[],"product_cat":[72],"product_tag":[4705,3098,3095,3094,3184,2500,3984,4706,4707,3100,3099,543,554,4703,4704],"class_list":{"0":"post-4834","1":"product","2":"type-product","3":"status-publish","4":"has-post-thumbnail","6":"pwb-brand-equipo-medico-steris","7":"product_cat-mesas-de-cirugia","8":"product_tag-amsoc-orthovision","9":"product_tag-mesa","10":"product_tag-mesa-quirurgica","11":"product_tag-mesas","12":"product_tag-mesas-quirurgica","13":"product_tag-mesas-quirurgicas","14":"product_tag-mesas-quirurgicas-steris","15":"product_tag-orthovision","16":"product_tag-ortopedica","17":"product_tag-quirurgica","18":"product_tag-quirurgicas","19":"product_tag-steris","20":"product_tag-steris-amsco","21":"product_tag-steris-amsco-orthovision","22":"product_tag-steris-orthovision","24":"first","25":"instock","26":"purchasable","27":"product-type-simple"},"acf":[],"brands":[{"id":1149,"name":"Steris","slug":"equipo-medico-steris"}],"_links":{"self":[{"href":"https:\/\/www.somatechnology.com\/spanish\/wp-json\/wp\/v2\/product\/4834","targetHints":{"allow":["GET"]}}],"collection":[{"href":"https:\/\/www.somatechnology.com\/spanish\/wp-json\/wp\/v2\/product"}],"about":[{"href":"https:\/\/www.somatechnology.com\/spanish\/wp-json\/wp\/v2\/types\/product"}],"wp:featuredmedia":[{"embeddable":true,"href":"https:\/\/www.somatechnology.com\/spanish\/wp-json\/wp\/v2\/media\/11735"}],"wp:attachment":[{"href":"https:\/\/www.somatechnology.com\/spanish\/wp-json\/wp\/v2\/media?parent=4834"}],"wp:term":[{"taxonomy":"pwb-brand","embeddable":true,"href":"https:\/\/www.somatechnology.com\/spanish\/wp-json\/wp\/v2\/pwb-brand?post=4834"},{"taxonomy":"product_brand","embeddable":true,"href":"https:\/\/www.somatechnology.com\/spanish\/wp-json\/wp\/v2\/product_brand?post=4834"},{"taxonomy":"product_cat","embeddable":true,"href":"https:\/\/www.somatechnology.com\/spanish\/wp-json\/wp\/v2\/product_cat?post=4834"},{"taxonomy":"product_tag","embeddable":true,"href":"https:\/\/www.somatechnology.com\/spanish\/wp-json\/wp\/v2\/product_tag?post=4834"}],"curies":[{"name":"wp","href":"https:\/\/api.w.org\/{rel}","templated":true}]}}