{"id":4836,"date":"2016-07-19T21:40:58","date_gmt":"2016-07-19T21:40:58","guid":{"rendered":"http:\/\/equipomedicocentral.com\/wordpress\/product\/ge-marquette-case-8000\/"},"modified":"2023-08-23T06:16:22","modified_gmt":"2023-08-23T10:16:22","slug":"ge-marquette-case-8000","status":"publish","type":"product","link":"https:\/\/www.somatechnology.com\/spanish\/equipo-medico-usado-remanufacturado\/cardiologia\/sistemas-de-pruebas-de-esfuerzo\/ge-marquette-case-8000\/","title":{"rendered":"GE Marquette Case 8000"},"content":{"rendered":"<h2>Caracter\u00edsticas GE Marquette Case 8000<\/h2>\n<p>El sistema de prueba de tensi\u00f3n de <strong>GE Marquette<\/strong> incluye la consola del caso de GE configurada con el software Rev. 6,5, la cinta rodante de GE T2000 (energ\u00eda requerida 220 VAC), impresora, CAM-14, cable paciente, alambres de plomo, cable de interfaz de la cinta rodante, un paquete de papel manual, y cables de alimentaci\u00f3n. Est\u00e1 en condiciones excelentes y certificado a las especificaciones de funcionamiento apropiadas.<\/p>\n<p>El sistema de prueba de tensi\u00f3n del Case 8000 de Marquette es robusto y eficiente. La unidad es uno de los primeros, verdaderos sistemas de informaci\u00f3n cl\u00ednica del punto-de-cuidado para el ambiente del ejercicio. Combinando la exactitud de su sistema de ECG del ejercicio de la Premier con la accesibilidad de la informaci\u00f3n de la conectividad de la red, el Marquette Case 8000 ofrece un acercamiento avanzado, integrado a la prueba de tensi\u00f3n de alta eficacia, de alto rendimiento.<\/p>\n<p>El sistema de prueba de tensi\u00f3n Marquette Case 8000 construye en la tradici\u00f3n del sistema m\u00e9dico de GE Marquette de la direcci\u00f3n de ECG, introduciendo nuevas capacidades de la prueba del ejercicio que ampl\u00edan su historia distinguida en el proceso de se\u00f1al, microelectr\u00f3nica, y los algoritmos de ECG.<\/p>\n<ul>\n<li>15 capacidad del plomo.<\/li>\n<li>An\u00e1lisis de ECG interpretativo 12SL.<\/li>\n<li>Registros de p\u00e1ginas completas.<\/li>\n<li>Detecci\u00f3n de arritmias.<\/li>\n<li>Plataforma Windows.<\/li>\n<li>Teclas duras dedicadas para una interfaz de usuario f\u00e1cil.<\/li>\n<li>3,2 GB de memoria interna.<\/li>\n<li>Pantalla CRT de color.<\/li>\n<li>Funcionamiento del teclado alfanum\u00e9rico.<\/li>\n<li>Grabadora t\u00e9rmica integrada..<\/li>\n<\/ul>\n<p>&nbsp;<\/p>\n","protected":false},"excerpt":{"rendered":"<p>Sistema de Prueba de Esfuerzo con Banda Sin Fin<\/p>\n","protected":false},"featured_media":12459,"template":"","meta":{"_acf_changed":false,"_relevanssi_hide_post":"","_relevanssi_hide_content":"","_relevanssi_pin_for_all":"","_relevanssi_pin_keywords":"","_relevanssi_unpin_keywords":"","_relevanssi_related_keywords":"","_relevanssi_related_include_ids":"","_relevanssi_related_exclude_ids":"","_relevanssi_related_no_append":"","_relevanssi_related_not_related":"","_relevanssi_related_posts":"","_relevanssi_noindex_reason":"","inline_featured_image":false},"pwb-brand":[1100],"product_brand":[],"product_cat":[75],"product_tag":[1207,5256,5261,5262,5257,5258,5254,5259,5260,5239,5255],"class_list":{"0":"post-4836","1":"product","2":"type-product","3":"status-publish","4":"has-post-thumbnail","6":"pwb-brand-equipo-medico-ge","7":"product_cat-sistemas-de-pruebas-de-esfuerzo","8":"product_tag-ge-marquette","9":"product_tag-ge-marquette-case","10":"product_tag-ge-marquette-case-8000","11":"product_tag-ge-marquette-case-8000-sistemas-de-pruebas-de-esfuerzo","12":"product_tag-ge-marquette-case-sistemas-de-pruebas-de-esfuerzo","13":"product_tag-ge-marquette-sistemas-de-pruebas-de-esfuerzo","14":"product_tag-ge-sistemas-de-pruebas-de-esfuerzo","15":"product_tag-marquette-case-8000","16":"product_tag-marquette-case-8000-sistemas-de-pruebas-de-esfuerzo","17":"product_tag-sistemas-de-pruebas-de-esfuerzo","18":"product_tag-sistemas-de-pruebas-de-esfuerzo-ge","20":"first","21":"instock","22":"purchasable","23":"product-type-simple"},"acf":[],"brands":[{"id":1100,"name":"GE","slug":"equipo-medico-ge"}],"_links":{"self":[{"href":"https:\/\/www.somatechnology.com\/spanish\/wp-json\/wp\/v2\/product\/4836","targetHints":{"allow":["GET"]}}],"collection":[{"href":"https:\/\/www.somatechnology.com\/spanish\/wp-json\/wp\/v2\/product"}],"about":[{"href":"https:\/\/www.somatechnology.com\/spanish\/wp-json\/wp\/v2\/types\/product"}],"wp:featuredmedia":[{"embeddable":true,"href":"https:\/\/www.somatechnology.com\/spanish\/wp-json\/wp\/v2\/media\/12459"}],"wp:attachment":[{"href":"https:\/\/www.somatechnology.com\/spanish\/wp-json\/wp\/v2\/media?parent=4836"}],"wp:term":[{"taxonomy":"pwb-brand","embeddable":true,"href":"https:\/\/www.somatechnology.com\/spanish\/wp-json\/wp\/v2\/pwb-brand?post=4836"},{"taxonomy":"product_brand","embeddable":true,"href":"https:\/\/www.somatechnology.com\/spanish\/wp-json\/wp\/v2\/product_brand?post=4836"},{"taxonomy":"product_cat","embeddable":true,"href":"https:\/\/www.somatechnology.com\/spanish\/wp-json\/wp\/v2\/product_cat?post=4836"},{"taxonomy":"product_tag","embeddable":true,"href":"https:\/\/www.somatechnology.com\/spanish\/wp-json\/wp\/v2\/product_tag?post=4836"}],"curies":[{"name":"wp","href":"https:\/\/api.w.org\/{rel}","templated":true}]}}