{"id":4838,"date":"2016-07-19T21:40:58","date_gmt":"2016-07-19T21:40:58","guid":{"rendered":"http:\/\/equipomedicocentral.com\/wordpress\/product\/drager-infinity-gamma-xl\/"},"modified":"2023-08-23T06:16:23","modified_gmt":"2023-08-23T10:16:23","slug":"drager-infinity-gamma-xl","status":"publish","type":"product","link":"https:\/\/www.somatechnology.com\/spanish\/equipo-medico-usado-remanufacturado\/monitores-de-signos-vitales\/monitores-multiparametros\/drager-infinity-gamma-xl\/","title":{"rendered":"Drager Infinity Gamma XL"},"content":{"rendered":"<h2>Caracter\u00edsticas del\u00a0Drager Infinity Gamma XL<\/h2>\n<p>Los monitores de paciente configurados <strong>Infinity Gamma y Gamma XL<\/strong>, ahora con funcionalidad de software VF5, brindan un conjunto completo de los par\u00e1metros m\u00e1s com\u00fanmente utilizados en un paquete compacto y f\u00e1cil de usar. Debido a las capacidades exclusivas de Pick and Go\u00ae, estos monitores brindan una vigilancia continua al tiempo que eliminan la necesidad de comprar monitores de transporte por separado. La informaci\u00f3n del paciente de ambos monitores est\u00e1 disponible ya sea cableada o inal\u00e1mbrica en la red Infinity.<\/p>\n<ul>\n<li>Proporcionar versatilidad de monitoreo para cualquier entorno de cuidado subagudo<\/li>\n<li>Muestra 3 o 4 canales y ofrece una variedad de tama\u00f1os<\/li>\n<li>Proporcionar monitoreo continuo y recopilaci\u00f3n de datos<\/li>\n<\/ul>\n<h2 dir=\"ltr\" data-placeholder=\"Translation\"><span lang=\"es\">Especificaciones<\/span> del\u00a0Drager Infinity Gamma XL<\/h2>\n<h3>Capacidades de Monitoreo<\/h3>\n<ul>\n<li>Aplicaciones neonatales, pedi\u00e1tricas y para adultos<\/li>\n<\/ul>\n<h3>ECG<\/h3>\n<ul>\n<li>Clientes potenciales disponibles<\/li>\n<li>Juego de 3 derivaciones Prospectos: I, II, III<\/li>\n<li>Juego de 5 derivaciones Conductores: I, II, III, aVR, aVL, aVF, V<\/li>\n<li>Juego de 6 derivaciones Conductores: I, II, III, aVR, aVL, aVF, V, V +<\/li>\n<li>Rango de medici\u00f3n de 15 a 300 lpm<\/li>\n<li>Precisi\u00f3n \u00b1 5 lpm o \u00b1 2% (lo que sea mayor)<\/li>\n<li>Rango de frecuencia (\u00b1 3 db) 0,5 Hz a 28 Hz (50 Hz)<\/li>\n<li>0,5 Hz a 40 Hz (60 Hz)<\/li>\n<li>Frecuencia del filtro de 50 a 60 Hz<\/li>\n<\/ul>\n<h3>QRS Detection Range<\/h3>\n<ul>\n<li>Alarmas L\u00edmites superior e inferior seleccionables por el usuario<\/li>\n<li>Detecci\u00f3n de marcapasos: I, II o III<\/li>\n<li>Amplitud: \u00b1 5 a \u00b1 700 mV<\/li>\n<li>Separaci\u00f3n entre pulsos: 30 mseg<\/li>\n<li>Ancho (dp): 0.1 a 2.0 mseg<\/li>\n<li>Accesorios Juego de electrodos de 3, 5 o 6 derivaciones<\/li>\n<\/ul>\n<h3>An\u00e1lisis dual de ST Lead<\/h3>\n<ul>\n<li>Consulte la hoja de datos ST 9049456<\/li>\n<\/ul>\n<h3>Respiraci\u00f3n<\/h3>\n<ul>\n<li>Detectando el plomo II<\/li>\n<li>M\u00e9todo de medici\u00f3n Impedancia neumogr\u00e1fica<\/li>\n<li>Corriente auxiliar 10\u03bcA para cualquier electrodo activo<\/li>\n<li>Umbral de detecci\u00f3n 0.15 a 4.0 en modo manual (ajuste de usuario))<\/li>\n<li>Adulto y pedi\u00e1trico: de 0.20 a 10.5 en modo autom\u00e1tico (ajuste autom\u00e1tico)<\/li>\n<li>Neonatal: de 0.20 a 1.5 en modo autom\u00e1tico (ajuste autom\u00e1tico)<\/li>\n<li>Rango de medici\u00f3n 0 a 155 respiraciones \/ min<\/li>\n<li>Precisi\u00f3n \u00b1 1 l \/ min o \u00b1 2% (lo que sea mayor)<\/li>\n<li>Alarmas Tasa de respiraci\u00f3n superior e inferior seleccionable por el usuario<\/li>\n<\/ul>\n<h3>Oximetr\u00eda de Pulso (SpO2)<\/h3>\n<ul>\n<li>Par\u00e1metros mostrados Saturaci\u00f3n (fracci\u00f3n de oxihemoglobina a hemoglobina funcional) y pulso (frecuencia y curva)<\/li>\n<li>M\u00e9todo de medici\u00f3n espectrofotometr\u00eda de absorci\u00f3n<\/li>\n<li>Pulso de 15 a 300 lpm<\/li>\n<li>Precisi\u00f3n SpO2: 0 a 69% no especificado<\/li>\n<li>SpO2: de 70 a 100% \u00b1 2% (excepto \u00b1 3% cuando se usa Nellcor\u00ae DS-100A y \u00b1 3,5% cuando se usa Masimo\u00ae LNOP-Ear)<\/li>\n<li>La precisi\u00f3n de la saturaci\u00f3n aumenta en \u00b1 1 d\u00edgito para reci\u00e9n nacidos<\/li>\n<li>Pulso: \u00b1 3 lpm o \u00b1 3% (lo que sea menor)<\/li>\n<li>Alarmas L\u00edmites superior e inferior seleccionables por el usuario para SpO2 y pulso<\/li>\n<li>Accesorios Sensores Masimo y Nellcor aprobados por Dr\u00e4ger Medical<\/li>\n<\/ul>\n<h3>Temperatura<\/h3>\n<ul>\n<li>Par\u00e1metros mostrados Temperatura absoluta<\/li>\n<li>Rango de medici\u00f3n de 0 a 50 \u00b0 C<\/li>\n<li>Sonda de precisi\u00f3n: \u00b1 0.1 \u00b0 C<\/li>\n<li>Sistema: \u00b1 0.2 \u00b0 C<\/li>\n<li>Alarmas L\u00edmites superior e inferior seleccionables por el usuario<\/li>\n<li>Accesorios Sondas de n\u00facleo y piel homologadas por Dr\u00e4ger Medical<\/li>\n<\/ul>\n<h3>Presi\u00f3n arterial no invasiva (NIBP)<\/h3>\n<ul>\n<li>Par\u00e1metros mostrados Presiones sist\u00f3lica, media y diast\u00f3lica<\/li>\n<li>M\u00e9todo de medici\u00f3n Oscillometric que utiliza la deflaci\u00f3n del paso<\/li>\n<\/ul>\n<h3>Modos de Operaci\u00f3n<\/h3>\n<ul>\n<li>Intervalo manual (medici\u00f3n \u00fanica) o continuo (5 minutos)<\/li>\n<li>Tiempos de intervalo desactivados, 2, 2.5, 3, 5 (incrementos de 5),<\/li>\n<li>30, 45, 60, 120, 180, 240 minutos<\/li>\n<\/ul>\n<h3>Rango de medici\u00f3n (predeterminado)<\/h3>\n<ul>\n<li>Adulto (adulto 270 mmHg) (adulto 180 mmHg)<\/li>\n<li>Frecuencia card\u00edaca de 30 a 240 lpm de 30 a 240 lpm<\/li>\n<li>Sist\u00f3lica de 30 a 250 mmHg de 30 a 170 mmHg<\/li>\n<li>Promedio de 20 a 230 mmHg de 20 a 150 mmHg<\/li>\n<li>Diast\u00f3lica de 10 a 210 mmHg de 10 a 130 mmHg<\/li>\n<li>Pedi\u00e1trico (Pedi\u00e1trico 180 mmHg) (Pedi\u00e1trico 140 mmHg)<\/li>\n<li>Frecuencia card\u00edaca de 30 a 240 lpm de 30 a 240 lpm<\/li>\n<li>Sist\u00f3lica 30 a 170 mmHg 30 a 130 mmHg<\/li>\n<li>Promedio de 20 a 150 mmHg de 20 a 110 mmHg<\/li>\n<li>Diast\u00f3lica de 10 a 130 mmHg de 10 a 130 mmHg<\/li>\n<li>Neonatal (neonatal 140 mmHg) (neonatal 90 mmHg)<\/li>\n<li>Frecuencia card\u00edaca de 30 a 240 lpm de 30 a 240 lpm<\/li>\n<li>Sist\u00f3lica 30 a 130 mmHg 30 a 80 mmHg<\/li>\n<li>Promedio de 20 a 110 mmHg de 20 a 70 mmHg<\/li>\n<li>Diast\u00f3lica de 10 a 100 mmHg de 10 a 60 mmHg<\/li>\n<\/ul>\n<h3>\u00a0Cuff<\/h3>\n<ul>\n<li>Presi\u00f3n de inflado predeterminada Adulto (270): 180 mmHg \u00b1 5 mmHg<\/li>\n<li>Pedi\u00e1trico (180): 130 mmHg \u00b1 5 mmHg<\/li>\n<li>Neonatal (140): 110 mmHg \u00b1 5 mmHg<\/li>\n<li>Adulto (180): 130 mmHg \u00b1 5 mmHg<\/li>\n<li>Pedi\u00e1trico (140): 110 mmHg \u00b1 5 mmHg<\/li>\n<li>Neonatal (90): 80 mmHg \u00b1 5 mmHg<\/li>\n<li>Presi\u00f3n de inflado despu\u00e9s de una medici\u00f3n v\u00e1lida (\u00b1 5 mmHg) Adulto (270): sist\u00f3lica + 25 mmHg<\/li>\n<li>Pedi\u00e1trico (180): sist\u00f3lico + 25 mmHg<\/li>\n<li>Neonatal (140): sist\u00f3lica + 30 mmHg<\/li>\n<li>Adulto (180): sist\u00f3lico + 25 mmHg<\/li>\n<li>Pedi\u00e1trico (140): sist\u00f3lico + 30 mmHg<\/li>\n<li>Neonatal (90): sist\u00f3lica + 20 mmHg<\/li>\n<li>Presi\u00f3n de inflado m\u00e1xima Adulto (270): 265 mmHg \u00b1 5 mmHg<\/li>\n<li>Pedi\u00e1trico (180): 180 mmHg \u00b1 5 mmHg<\/li>\n<li>Neonatal (140): 142 mmHg \u00b1 5 mmHg<\/li>\n<li>Adulto (180): 180 mmHg \u00b1 5 mmHg<\/li>\n<li>Pedi\u00e1trico (140): 142 mmHg \u00b1 5 mmHg<\/li>\n<li>Neonatal (90): 80 mmHg \u00b1 5 mmHg<\/li>\n<li>Presi\u00f3n de inflado m\u00ednima Adulto (270): 110 mmHg \u00b1 5 mmHg<\/li>\n<li>Adulto (180): 90 mmHg \u00b1 5 mmHg<\/li>\n<li>Pedi\u00e1trico (180): 90 mmHg \u00b1 5 mmHg<\/li>\n<li>Pedi\u00e1trico (140): 70 mmHg \u00b1 5 mmHg<\/li>\n<li>Neonatal (ambos): 70 mmHg \u00b1 5 mmHg<\/li>\n<li>Conector Conector de liberaci\u00f3n r\u00e1pida con un solo airway<\/li>\n<\/ul>\n<p>&nbsp;<\/p>\n","protected":false},"excerpt":{"rendered":"<p>Monitor Multiparametro<\/p>\n","protected":false},"featured_media":19784,"template":"","meta":{"_acf_changed":false,"_relevanssi_hide_post":"","_relevanssi_hide_content":"","_relevanssi_pin_for_all":"","_relevanssi_pin_keywords":"","_relevanssi_unpin_keywords":"","_relevanssi_related_keywords":"","_relevanssi_related_include_ids":"","_relevanssi_related_exclude_ids":"","_relevanssi_related_no_append":"","_relevanssi_related_not_related":"","_relevanssi_related_posts":"","_relevanssi_noindex_reason":"","inline_featured_image":false},"pwb-brand":[1122],"product_brand":[],"product_cat":[50],"product_tag":[217,802,807,806,4403,4400,3709,809,810,808,3614],"class_list":{"0":"post-4838","1":"product","2":"type-product","3":"status-publish","4":"has-post-thumbnail","6":"pwb-brand-equipo-medico-drager","7":"product_cat-monitores-multiparametros","8":"product_tag-drager","9":"product_tag-drager-infinity","10":"product_tag-drager-infinity-gamma","11":"product_tag-drager-infinity-gamma-xl","12":"product_tag-drager-infinity-gamma-xl-monitores-multiparametros","13":"product_tag-drager-infinity-monitores-multiparametros","14":"product_tag-drager-monitores-multiparametros","15":"product_tag-dragergamma-xl","16":"product_tag-gamma-xl","17":"product_tag-infinity-gamma-xl","18":"product_tag-monitores-multiparametros","20":"first","21":"instock","22":"purchasable","23":"product-type-simple"},"acf":[],"brands":[{"id":1122,"name":"Drager","slug":"equipo-medico-drager"}],"_links":{"self":[{"href":"https:\/\/www.somatechnology.com\/spanish\/wp-json\/wp\/v2\/product\/4838","targetHints":{"allow":["GET"]}}],"collection":[{"href":"https:\/\/www.somatechnology.com\/spanish\/wp-json\/wp\/v2\/product"}],"about":[{"href":"https:\/\/www.somatechnology.com\/spanish\/wp-json\/wp\/v2\/types\/product"}],"wp:featuredmedia":[{"embeddable":true,"href":"https:\/\/www.somatechnology.com\/spanish\/wp-json\/wp\/v2\/media\/19784"}],"wp:attachment":[{"href":"https:\/\/www.somatechnology.com\/spanish\/wp-json\/wp\/v2\/media?parent=4838"}],"wp:term":[{"taxonomy":"pwb-brand","embeddable":true,"href":"https:\/\/www.somatechnology.com\/spanish\/wp-json\/wp\/v2\/pwb-brand?post=4838"},{"taxonomy":"product_brand","embeddable":true,"href":"https:\/\/www.somatechnology.com\/spanish\/wp-json\/wp\/v2\/product_brand?post=4838"},{"taxonomy":"product_cat","embeddable":true,"href":"https:\/\/www.somatechnology.com\/spanish\/wp-json\/wp\/v2\/product_cat?post=4838"},{"taxonomy":"product_tag","embeddable":true,"href":"https:\/\/www.somatechnology.com\/spanish\/wp-json\/wp\/v2\/product_tag?post=4838"}],"curies":[{"name":"wp","href":"https:\/\/api.w.org\/{rel}","templated":true}]}}