{"id":4852,"date":"2016-07-19T21:41:55","date_gmt":"2016-07-19T21:41:55","guid":{"rendered":"http:\/\/equipomedicocentral.com\/wordpress\/product\/b-braun-mcgaw-360-infuser\/"},"modified":"2023-08-23T06:16:30","modified_gmt":"2023-08-23T10:16:30","slug":"b-braun-mcgaw-360-infuser","status":"publish","type":"product","link":"https:\/\/www.somatechnology.com\/spanish\/equipo-medico-usado-remanufacturado\/terapia-intravenosa\/bombas-intravenosas\/b-braun-mcgaw-360-infuser\/","title":{"rendered":"B Braun McGaw 360 Infuser"},"content":{"rendered":"<h2>Caracter\u00edsticas del\u00a0B Braun McGaw 360 Infuser<\/h2>\n<p>La bomba de jeringa B Braun McGaw BD 360 presenta tasas de infusi\u00f3n intravenosa continua hasta 360 ml\/hr, dependiendo del tama\u00f1o de la jeringa. El BD 360 se puede utilizar como infusor primario o puede entregar infusiones secundarias de la leng\u00fceta del r\u00edo abajo. Los ajustes de tiempo variables se fijan usando controles digitales, y la exhibici\u00f3n del LCD demuestra tiempo restante.<\/p>\n<p>El B Braun Perfusor Basic es una bomba de jeringa port\u00e1til controlada por microprocesador, dise\u00f1ada para producir infusiones intermitentes. Los tama\u00f1os de la jeringuilla usados son 3cc a 10cc, y los tiempos de entrega var\u00edan de 10 a 60 minutos. Cuando se ha ajustado el tiempo y la jeringa est\u00e1 en su lugar, la bomba calcula autom\u00e1ticamente la velocidad adecuada y la presi\u00f3n de oclusi\u00f3n.<\/p>\n<ul>\n<li>Infusi\u00f3n intravenosa continua<\/li>\n<li>Tasas de hasta 360 ml\/hr, dependiendo del tama\u00f1o de la jeringa.<\/li>\n<li>Puede ser utilizado como sistema primario o secundario de la infusi\u00f3n.<\/li>\n<\/ul>\n<h2 dir=\"ltr\" data-placeholder=\"Translation\"><span lang=\"es\">Especificaciones <\/span> del\u00a0B Braun McGaw 360 Infuser<\/h2>\n<h3>Dimensiones<\/h3>\n<ul>\n<li>9.75\u201d H x 2.75\u201d W x 5\u201d D<\/li>\n<\/ul>\n<h3>Peso<\/h3>\n<ul>\n<li>2 lbs<\/li>\n<\/ul>\n<h3>Jeringas<\/h3>\n<ul>\n<li>BD PlastipakTM 3cc to 60cc<\/li>\n<\/ul>\n<h3>Par\u00e1metros de la tarifa<\/h3>\n<ul>\n<li>1.5 mL\/hr (3cc syringe) to 360 mL\/hr (60cc syringe)<\/li>\n<\/ul>\n<h3>Plazo de expedici\u00f3n:<\/h3>\n<ul>\n<li>Incrementos 10 \u2013 60 min., in 2.5 min.<\/li>\n<\/ul>\n<h3>Bater\u00eda<\/h3>\n<ul>\n<li>Requiere 4 bater\u00edas alcalinas tama\u00f1o C<\/li>\n<\/ul>\n<h3>Duraci\u00f3n de la bater\u00eda<\/h3>\n<ul>\n<li>400 horas t\u00edpicas, 10 horas en la bater\u00eda baja<\/li>\n<\/ul>\n<h3>Precisi\u00f3n<\/h3>\n<ul>\n<li>\u00b1 3%<\/li>\n<\/ul>\n<h3>Pantalla<\/h3>\n<ul>\n<li>LED: infundir, atenci\u00f3n, bater\u00eda baja, infusi\u00f3n completa.<\/li>\n<li>LCD: tiempo restante, tiempo del sistema original; algunas revisiones tienen infusi\u00f3n indicador completo.<\/li>\n<\/ul>\n","protected":false},"excerpt":{"rendered":"<p>Bomba de Jeringa<\/p>\n","protected":false},"featured_media":11749,"template":"","meta":{"_acf_changed":false,"_relevanssi_hide_post":"","_relevanssi_hide_content":"","_relevanssi_pin_for_all":"","_relevanssi_pin_keywords":"","_relevanssi_unpin_keywords":"","_relevanssi_related_keywords":"","_relevanssi_related_include_ids":"","_relevanssi_related_exclude_ids":"","_relevanssi_related_no_append":"","_relevanssi_related_not_related":"","_relevanssi_related_posts":"","_relevanssi_noindex_reason":"","inline_featured_image":false},"pwb-brand":[1320],"product_brand":[],"product_cat":[52],"product_tag":[3008,3044,3043,4719,3048,3820,3045],"class_list":{"0":"post-4852","1":"product","2":"type-product","3":"status-publish","4":"has-post-thumbnail","6":"pwb-brand-bombas-intravenosas-b-braun","7":"product_cat-bombas-intravenosas","8":"product_tag-b-braun","9":"product_tag-b-braun-mcgaw","10":"product_tag-b-braun-mcgaw-360","11":"product_tag-b-braun-mcgaw-360-bombas-intravenosas","12":"product_tag-bombas-intravenosas","13":"product_tag-bombas-intravenosas-b-braun","14":"product_tag-mcgaw-360","16":"first","17":"instock","18":"purchasable","19":"product-type-simple"},"acf":[],"brands":[{"id":1320,"name":"B Braun","slug":"bombas-intravenosas-b-braun"}],"_links":{"self":[{"href":"https:\/\/www.somatechnology.com\/spanish\/wp-json\/wp\/v2\/product\/4852","targetHints":{"allow":["GET"]}}],"collection":[{"href":"https:\/\/www.somatechnology.com\/spanish\/wp-json\/wp\/v2\/product"}],"about":[{"href":"https:\/\/www.somatechnology.com\/spanish\/wp-json\/wp\/v2\/types\/product"}],"wp:featuredmedia":[{"embeddable":true,"href":"https:\/\/www.somatechnology.com\/spanish\/wp-json\/wp\/v2\/media\/11749"}],"wp:attachment":[{"href":"https:\/\/www.somatechnology.com\/spanish\/wp-json\/wp\/v2\/media?parent=4852"}],"wp:term":[{"taxonomy":"pwb-brand","embeddable":true,"href":"https:\/\/www.somatechnology.com\/spanish\/wp-json\/wp\/v2\/pwb-brand?post=4852"},{"taxonomy":"product_brand","embeddable":true,"href":"https:\/\/www.somatechnology.com\/spanish\/wp-json\/wp\/v2\/product_brand?post=4852"},{"taxonomy":"product_cat","embeddable":true,"href":"https:\/\/www.somatechnology.com\/spanish\/wp-json\/wp\/v2\/product_cat?post=4852"},{"taxonomy":"product_tag","embeddable":true,"href":"https:\/\/www.somatechnology.com\/spanish\/wp-json\/wp\/v2\/product_tag?post=4852"}],"curies":[{"name":"wp","href":"https:\/\/api.w.org\/{rel}","templated":true}]}}