{"id":4855,"date":"2016-07-19T21:41:55","date_gmt":"2016-07-19T21:41:55","guid":{"rendered":"http:\/\/equipomedicocentral.com\/wordpress\/product\/steris-sq240\/"},"modified":"2023-08-23T06:16:32","modified_gmt":"2023-08-23T10:16:32","slug":"steris-sq240","status":"publish","type":"product","link":"https:\/\/www.somatechnology.com\/spanish\/equipo-medico-usado-remanufacturado\/luces-de-cirugia-lamparas-quirurgicas\/steris-sq240\/","title":{"rendered":"Steris SQ240"},"content":{"rendered":"<h2>Caracter\u00edsticas de la lampara quir\u00fargica STERIS SQ240<\/h2>\n<p>El <strong>AMSCO SQ240<\/strong> combina la flexibilidad y la facilidad de posicionamiento de una cabeza de luz de peque\u00f1o di\u00e1metro con el excelente rendimiento \u00f3ptico de una cabeza de luz de gran di\u00e1metro. Es un sistema de iluminaci\u00f3n de alta potencia, f\u00e1cil de maniobra dise\u00f1ado para cada tama\u00f1o y tipo de procedimiento quir\u00fargico.<\/p>\n<p>La cabeza de luz de 24 pulgadas de SQ240&#8217;s tiene un sistema \u00f3ptico patentado que combina una lente refractiva avanzada con un reflector grande, continuo y una tecnolog\u00eda innovadora de la solo-l\u00e1mpara.<\/p>\n<ul>\n<li>Iluminaci\u00f3n consistente brillante y definici\u00f3n constante del patr\u00f3n<\/li>\n<li>Gran profundidad de campo elimina la necesidad de reenfocar continuamente durante un procedimiento<\/li>\n<li>Excelente control de sombras y m\u00e1xima iluminaci\u00f3n de cavidades<\/li>\n<li>El brillo \u00f3ptimo se logra sin deslumbramiento<\/li>\n<li>La piel y el tejido operativo aparecen en un estado natural sin distorsi\u00f3n del color<\/li>\n<li>La manija est\u00e9ril f\u00e1cil de agarrar hace para la colocaci\u00f3n f\u00e1cil y el ajuste del tama\u00f1o del patr\u00f3n<\/li>\n<li>Facilidad de maniobra excepcional durante los procedimientos<\/li>\n<li>Brazos de suspensi\u00f3n y contrapeso sin deriva<\/li>\n<li>Manijas no est\u00e9riles de f\u00e1cil acceso para la colocaci\u00f3n f\u00e1cil por la enfermera de circulaci\u00f3n<\/li>\n<li>Buena gama de ajuste de la intensidad de la luz<\/li>\n<li>El mecanismo del cambio del autom\u00e1tico-bulbo asegura la continuaci\u00f3n de la iluminaci\u00f3n incluso cuando el bulbo primario falla<\/li>\n<li>Bombilla de cambio f\u00e1cil que se puede cambiar entre los casos en cuesti\u00f3n de minutos<\/li>\n<li>La alta calidad, alto final del lustre facilita la facilidad de la limpieza en el final de un d\u00eda largo de casos<\/li>\n<\/ul>\n<h2>Especificaciones STERIS SQ240<\/h2>\n<h3>Informaci\u00f3n General<\/h3>\n<ul>\n<li>\u00cdndice de representaci\u00f3n de color: 92<\/li>\n<li>Rotaci\u00f3n continua: 360 \u00b0<\/li>\n<li>Iluminaci\u00f3n lateral: 90 \u00b0<\/li>\n<li>Vida de la l\u00e1mpara: ~ 1.000 horas<\/li>\n<li>Una profundidad de campo: 26 pulgadas<\/li>\n<li>El cilindro de la luz: 18 pulgadas<\/li>\n<li>Tama\u00f1o de la cabeza: 24 pulgadas<\/li>\n<li>Intensidad m\u00e1xima: 18 pulgadas<\/li>\n<li>Correcci\u00f3n de color: hasta 4200 \u00b0 Kelvin<\/li>\n<li>Niveles de la intensidad: hasta 10.000 pie-velas o 107.600 lux<\/li>\n<li>Iluminaci\u00f3n fresca: las capas \u00f3pticas quitan el 98% de todo el calor indeseado<\/li>\n<li>Luz continua: Si una l\u00e1mpara falla, cambia autom\u00e1ticamente a la l\u00e1mpara de repuesto<\/li>\n<\/ul>\n<p>&nbsp;<\/p>\n","protected":false},"excerpt":{"rendered":"<p>Luces de Cirug\u00eda<\/p>\n","protected":false},"featured_media":12408,"template":"","meta":{"_acf_changed":false,"_relevanssi_hide_post":"","_relevanssi_hide_content":"","_relevanssi_pin_for_all":"","_relevanssi_pin_keywords":"","_relevanssi_unpin_keywords":"","_relevanssi_related_keywords":"","_relevanssi_related_include_ids":"","_relevanssi_related_exclude_ids":"","_relevanssi_related_no_append":"","_relevanssi_related_not_related":"","_relevanssi_related_posts":"","_relevanssi_noindex_reason":"","inline_featured_image":false},"pwb-brand":[1149],"product_brand":[],"product_cat":[71],"product_tag":[4987,543,5158,5159,5160],"class_list":{"0":"post-4855","1":"product","2":"type-product","3":"status-publish","4":"has-post-thumbnail","6":"pwb-brand-equipo-medico-steris","7":"product_cat-luces-de-cirugia-lamparas-quirurgicas","8":"product_tag-lamparas-quirurgicas","9":"product_tag-steris","10":"product_tag-steris-lamparas-quirurgicas","11":"product_tag-steris-sq240","12":"product_tag-steris-sq240-lamparas-quirurgicas","14":"first","15":"instock","16":"purchasable","17":"product-type-simple"},"acf":[],"brands":[{"id":1149,"name":"Steris","slug":"equipo-medico-steris"}],"_links":{"self":[{"href":"https:\/\/www.somatechnology.com\/spanish\/wp-json\/wp\/v2\/product\/4855","targetHints":{"allow":["GET"]}}],"collection":[{"href":"https:\/\/www.somatechnology.com\/spanish\/wp-json\/wp\/v2\/product"}],"about":[{"href":"https:\/\/www.somatechnology.com\/spanish\/wp-json\/wp\/v2\/types\/product"}],"wp:featuredmedia":[{"embeddable":true,"href":"https:\/\/www.somatechnology.com\/spanish\/wp-json\/wp\/v2\/media\/12408"}],"wp:attachment":[{"href":"https:\/\/www.somatechnology.com\/spanish\/wp-json\/wp\/v2\/media?parent=4855"}],"wp:term":[{"taxonomy":"pwb-brand","embeddable":true,"href":"https:\/\/www.somatechnology.com\/spanish\/wp-json\/wp\/v2\/pwb-brand?post=4855"},{"taxonomy":"product_brand","embeddable":true,"href":"https:\/\/www.somatechnology.com\/spanish\/wp-json\/wp\/v2\/product_brand?post=4855"},{"taxonomy":"product_cat","embeddable":true,"href":"https:\/\/www.somatechnology.com\/spanish\/wp-json\/wp\/v2\/product_cat?post=4855"},{"taxonomy":"product_tag","embeddable":true,"href":"https:\/\/www.somatechnology.com\/spanish\/wp-json\/wp\/v2\/product_tag?post=4855"}],"curies":[{"name":"wp","href":"https:\/\/api.w.org\/{rel}","templated":true}]}}