{"id":4860,"date":"2016-07-19T21:41:55","date_gmt":"2016-07-19T21:41:55","guid":{"rendered":"http:\/\/equipomedicocentral.com\/wordpress\/product\/medfusion-2001\/"},"modified":"2025-09-23T11:58:22","modified_gmt":"2025-09-23T15:58:22","slug":"medfusion-2001","status":"publish","type":"product","link":"https:\/\/www.somatechnology.com\/spanish\/equipo-medico-usado-remanufacturado\/terapia-intravenosa\/bombas-intravenosas\/medfusion-2001\/","title":{"rendered":"Smiths Medical Medfusion 2001"},"content":{"rendered":"<h2>Caracter\u00edsticas del Smiths Medical Medfusion 2001<\/h2>\n<p>El <strong>Smiths Medical MEDFUSION 2001<\/strong> es una bomba de jeringa ambulatoria que funciona en corriente alterna o en bater\u00edas internas recargables (la prueba de voltaje en la pantalla est\u00e1 disponible). Acepta una amplia gama de marcas y de tama\u00f1os de la jeringuilla y tiene detecci\u00f3n autom\u00e1tica del tama\u00f1o de la jeringuilla. El MEDFUSION 2001 no tiene ninguna funci\u00f3n de bolo, pero se puede programar para infusiones continuas, autom\u00e1ticas o manuales intermitentes o de volumen\/tiempo. Se recomienda para las infusiones intravenosas o arteriales de la sangre, de los l\u00edpidos, de los l\u00edquidos, de los antibi\u00f3ticos, y de cualquier medicaci\u00f3n que requiere las tarifas exacto-controladas de la infusi\u00f3n, incluyendo infusiones epidurales. Las bombas tienen ajustes de oclusi\u00f3n variable de 4 posiciones.<\/p>\n<ul>\n<li>Extremadamente exacto y durable con cada programa de la entrega<\/li>\n<li>La jeringuilla montada en el lado y la bomba se puede montar en la jaula o colocar en la tapa de banco en casi cualquier posici\u00f3n<\/li>\n<li>Bombas de jeringas ambulatorias que funcionan con corriente alterna o bater\u00edas internas recargables<\/li>\n<li>Acepta una amplia gama de marcas y de tama\u00f1os de la jeringuilla y tiene detecci\u00f3n autom\u00e1tica del tama\u00f1o de la jeringuilla<\/li>\n<\/ul>\n<h2>Especificaciones del\u00a0Medfusion 2001<\/h2>\n<ul>\n<li>Tama\u00f1o total: 4,5 \u2033 W x 3,0 \u2033 H x 7,5 \u2033 L<\/li>\n<li>Peso: 2,5 libras<\/li>\n<li>Exactitud: el \u00b1 3%, excepto variaciones de la jeringuilla<\/li>\n<li>Modos de infusi\u00f3n: continuo, volumen con el tiempo, autom\u00e1tico intermitente, manual intermitente<\/li>\n<li>Caudal: 00,01 a 378,0 ml por hora dependiendo del tama\u00f1o de la jeringa seleccionado<\/li>\n<li>Selecci\u00f3n de jeringas: Becton-Dickinson (B-D) \u00ae 1, 3, 5, 10, 20, 30, 60 ml<\/li>\n<li>MONOJECT \u00ae 1, 3, 6, 12, 20, 35, 60 ml<\/li>\n<li>Terumo \u00ae 1, 3, 5, 10, 20, 30, 60 ml<\/li>\n<li>Detecta autom\u00e1ticamente el tama\u00f1o de la jeringa a excepci\u00f3n de la jeringa Luer-Lock B-D 1 CC<\/li>\n<li>Volumen de relleno de la jeringa: todos los tama\u00f1os de jeringa se llenar\u00e1n hasta los vol\u00famenes m\u00e1ximos indicados<\/li>\n<li>Energ\u00eda: AC95-135V; 60 Hz DC-bater\u00edas recargables internas voltaje internacional disponible<\/li>\n<li>Tiempo de recarga: con la bomba apagada: 16 horas<\/li>\n<li>Capacidad de la bater\u00eda: la carga de 16 HR funcionar\u00e1 la bomba por lo menos 10 horas en 5,0 ml por\/hr con una jeringuilla de 60 ml<\/li>\n<li>Volumen total entregado: 000,00 a 999,99 ml incrementos de 0,01 ml<\/li>\n<li>L\u00edmite de volumen: 00,00 a la capacidad m\u00e1xima del tama\u00f1o de la jeringa (con un volumen m\u00ednimo programable de 0,05 ml de incrementos de 0,01 ml.<\/li>\n<li>KVO: 0,1 a 9,9 ml por hora en incrementos de 0,1 ml (no puede exceder la tasa primaria)<\/li>\n<\/ul>\n<p>&nbsp;<\/p>\n","protected":false},"excerpt":{"rendered":"<p>El Smiths Medical MEDFUSION 2001 es una bomba de jeringa ambulatoria que funciona en corriente alterna o en bater\u00edas internas recargables (la prueba de voltaje en la pantalla est\u00e1 disponible). Acepta una amplia gama de marcas y de tama\u00f1os de la jeringuilla y tiene detecci\u00f3n autom\u00e1tica del tama\u00f1o de la jeringuilla.<\/p>\n","protected":false},"featured_media":11835,"template":"","meta":{"_acf_changed":false,"_relevanssi_hide_post":"","_relevanssi_hide_content":"","_relevanssi_pin_for_all":"","_relevanssi_pin_keywords":"","_relevanssi_unpin_keywords":"","_relevanssi_related_keywords":"","_relevanssi_related_include_ids":"","_relevanssi_related_exclude_ids":"","_relevanssi_related_no_append":"","_relevanssi_related_not_related":"","_relevanssi_related_posts":"","_relevanssi_noindex_reason":"","inline_featured_image":false},"pwb-brand":[10134],"product_brand":[],"product_cat":[52,4779],"product_tag":[3048,3838,3839,3085,913,2959,3084],"class_list":{"0":"post-4860","1":"product","2":"type-product","3":"status-publish","4":"has-post-thumbnail","6":"pwb-brand-icu-medical","7":"product_cat-bombas-intravenosas","8":"product_cat-bombas-portatiles-de-infusion","9":"product_tag-bombas-intravenosas","10":"product_tag-bombas-intravenosas-medfusion-2001","11":"product_tag-bombas-intravenosas-smith-medical","12":"product_tag-medfusion-2001","13":"product_tag-smiths-medical","14":"product_tag-smiths-medical-medfusion","15":"product_tag-smiths-medical-medfusion-2001","17":"first","18":"instock","19":"purchasable","20":"product-type-simple"},"acf":[],"brands":[{"id":10134,"name":"ICU Medical","slug":"icu-medical"}],"_links":{"self":[{"href":"https:\/\/www.somatechnology.com\/spanish\/wp-json\/wp\/v2\/product\/4860","targetHints":{"allow":["GET"]}}],"collection":[{"href":"https:\/\/www.somatechnology.com\/spanish\/wp-json\/wp\/v2\/product"}],"about":[{"href":"https:\/\/www.somatechnology.com\/spanish\/wp-json\/wp\/v2\/types\/product"}],"wp:featuredmedia":[{"embeddable":true,"href":"https:\/\/www.somatechnology.com\/spanish\/wp-json\/wp\/v2\/media\/11835"}],"wp:attachment":[{"href":"https:\/\/www.somatechnology.com\/spanish\/wp-json\/wp\/v2\/media?parent=4860"}],"wp:term":[{"taxonomy":"pwb-brand","embeddable":true,"href":"https:\/\/www.somatechnology.com\/spanish\/wp-json\/wp\/v2\/pwb-brand?post=4860"},{"taxonomy":"product_brand","embeddable":true,"href":"https:\/\/www.somatechnology.com\/spanish\/wp-json\/wp\/v2\/product_brand?post=4860"},{"taxonomy":"product_cat","embeddable":true,"href":"https:\/\/www.somatechnology.com\/spanish\/wp-json\/wp\/v2\/product_cat?post=4860"},{"taxonomy":"product_tag","embeddable":true,"href":"https:\/\/www.somatechnology.com\/spanish\/wp-json\/wp\/v2\/product_tag?post=4860"}],"curies":[{"name":"wp","href":"https:\/\/api.w.org\/{rel}","templated":true}]}}