{"id":4864,"date":"2016-07-19T21:41:55","date_gmt":"2016-07-19T21:41:55","guid":{"rendered":"http:\/\/equipomedicocentral.com\/wordpress\/product\/medfusion-2010\/"},"modified":"2025-12-11T04:36:27","modified_gmt":"2025-12-11T09:36:27","slug":"medfusion-2010","status":"publish","type":"product","link":"https:\/\/www.somatechnology.com\/spanish\/equipo-medico-usado-remanufacturado\/terapia-intravenosa\/bombas-intravenosas\/medfusion-2010\/","title":{"rendered":"Smiths Medical Medfusion 2010"},"content":{"rendered":"<h2>Bomba de Jeringa Smiths Medical Medfusion 2010<\/h2>\n<p>La bomba infusi\u00f3n intravenosa de MEDFUSION 2010 ofrece flexibilidad para una variedad de necesidades, de ajustes, y de usos cl\u00ednicos. La bomba se puede utilizar siempre que se necesite un f\u00e1rmaco de bajo volumen en las inyecciones de l\u00edquido utilizando una jeringa.<\/p>\n<p>Medfusuin 2010 puede ser campo modificado para requisitos particulares para los usos espec\u00edficos. Una opci\u00f3n de 4 modos de entrega est\u00e1 disponible: modo de peso corporal, modo de masa, modo continuo y volumen en el modo de tiempo (volumen de dosis\/plazo de entrega). Adem\u00e1s, la bomba tiene la capacidad de almacenar hasta 64 reg\u00edmenes\/protocolos de usuario. Un bolo puede ser programado, luego cambiado o administrado en cualquier momento antes o durante la entrega de medicamentos.<\/p>\n<p>La bomba de jeringa MEDFUSION 2010 es una bomba de jeringa ambulatoria que funciona con corriente alterna o bater\u00edas internas recargables. Acepta una amplia gama de marcas y de tama\u00f1os de la jeringuilla y tiene detecci\u00f3n autom\u00e1tica del tama\u00f1o de la jeringuilla.<\/p>\n<ul>\n<li>Caudal\/rango de velocidad: 0.1-379.0 ml\/hr dependiente del tama\u00f1o de la jeringa seleccionada.<\/li>\n<li>Exactitud: m\u00e1s o menos el 3%<\/li>\n<li>Requisitos de energ\u00eda: adaptador de la CA o bater\u00eda interna<\/li>\n<li>4,5 en x 3 en x 7,5 en<\/li>\n<li>Tama\u00f1o de la jeringuilla 1-60 ml<\/li>\n<li>Alarmas: cerca de vac\u00edo, vac\u00edo, l\u00edmite de volumen, oclusi\u00f3n, mal funcionamiento de los sistemas, bater\u00eda baja, bater\u00eda agotada, jeringa no cargada, comprobar el embrague, tama\u00f1o de la jeringa no v\u00e1lido. Alarmas adicionales en los modelos 2010 &amp; 2010i: n\u00famero no v\u00e1lido, volumen audio de la alarma, suave\/ruidoso, jeringuilla hacia fuera y \u00e9mbolo de la jeringuilla de la carga<\/li>\n<\/ul>\n<h3>Dimensiones<\/h3>\n<ul>\n<li>Tama\u00f1o: 4,5 \u00abw x 3\u00bb H x 7,5 \u00abd<\/li>\n<li>Peso: 2,5 lbs<\/li>\n<\/ul>\n<h3>Precisi\u00f3n<\/h3>\n<ul>\n<li>\u00b1 3%, excluyendo las variaciones de jeringas<\/li>\n<\/ul>\n<h3>Frecuencia de Flujo<\/h3>\n<ul>\n<li>0,01 a 378,0 ml\/hr dependiente del tama\u00f1o de la jeringa seleccionado<\/li>\n<\/ul>\n<h3>Capacidad de la bater\u00eda<\/h3>\n<ul>\n<li>La carga de 16 horas opera la bomba durante aprox. 10 horas a 5,0 ml\/hr con una jeringa de 60 ml<\/li>\n<\/ul>\n<h3>Tiempo de recarga<\/h3>\n<ul>\n<li>16 horas m\u00e1ximo<\/li>\n<\/ul>\n","protected":false},"excerpt":{"rendered":"<p>La bomba infusi\u00f3n intravenosa de MEDFUSION 2010 ofrece flexibilidad para una variedad de necesidades, de ajustes, y de usos cl\u00ednicos. La bomba se puede utilizar siempre que se necesite un f\u00e1rmaco de bajo volumen en las inyecciones de l\u00edquido utilizando una jeringa.<\/p>\n","protected":false},"featured_media":11836,"template":"","meta":{"_acf_changed":false,"_relevanssi_hide_post":"","_relevanssi_hide_content":"","_relevanssi_pin_for_all":"","_relevanssi_pin_keywords":"","_relevanssi_unpin_keywords":"","_relevanssi_related_keywords":"","_relevanssi_related_include_ids":"","_relevanssi_related_exclude_ids":"","_relevanssi_related_no_append":"","_relevanssi_related_not_related":"","_relevanssi_related_posts":"","_relevanssi_noindex_reason":"","inline_featured_image":false},"pwb-brand":[10134],"product_brand":[],"product_cat":[52,4779],"product_tag":[2967,3048,3674,3675,2963,2966],"class_list":{"0":"post-4864","1":"product","2":"type-product","3":"status-publish","4":"has-post-thumbnail","6":"pwb-brand-icu-medical","7":"product_cat-bombas-intravenosas","8":"product_cat-bombas-portatiles-de-infusion","9":"product_tag-2967","10":"product_tag-bombas-intravenosas","11":"product_tag-bombas-intravenosas-medfusion","12":"product_tag-bombas-intravenosas-medfusion-2010","13":"product_tag-medfusion","14":"product_tag-medfusion-2010","16":"first","17":"instock","18":"purchasable","19":"product-type-simple"},"acf":[],"brands":[{"id":10134,"name":"ICU Medical","slug":"icu-medical"}],"_links":{"self":[{"href":"https:\/\/www.somatechnology.com\/spanish\/wp-json\/wp\/v2\/product\/4864","targetHints":{"allow":["GET"]}}],"collection":[{"href":"https:\/\/www.somatechnology.com\/spanish\/wp-json\/wp\/v2\/product"}],"about":[{"href":"https:\/\/www.somatechnology.com\/spanish\/wp-json\/wp\/v2\/types\/product"}],"wp:featuredmedia":[{"embeddable":true,"href":"https:\/\/www.somatechnology.com\/spanish\/wp-json\/wp\/v2\/media\/11836"}],"wp:attachment":[{"href":"https:\/\/www.somatechnology.com\/spanish\/wp-json\/wp\/v2\/media?parent=4864"}],"wp:term":[{"taxonomy":"pwb-brand","embeddable":true,"href":"https:\/\/www.somatechnology.com\/spanish\/wp-json\/wp\/v2\/pwb-brand?post=4864"},{"taxonomy":"product_brand","embeddable":true,"href":"https:\/\/www.somatechnology.com\/spanish\/wp-json\/wp\/v2\/product_brand?post=4864"},{"taxonomy":"product_cat","embeddable":true,"href":"https:\/\/www.somatechnology.com\/spanish\/wp-json\/wp\/v2\/product_cat?post=4864"},{"taxonomy":"product_tag","embeddable":true,"href":"https:\/\/www.somatechnology.com\/spanish\/wp-json\/wp\/v2\/product_tag?post=4864"}],"curies":[{"name":"wp","href":"https:\/\/api.w.org\/{rel}","templated":true}]}}