{"id":4888,"date":"2016-07-19T21:42:50","date_gmt":"2016-07-19T21:42:50","guid":{"rendered":"http:\/\/equipomedicocentral.com\/wordpress\/product\/zimmer-ats-2000\/"},"modified":"2023-08-23T06:16:54","modified_gmt":"2023-08-23T10:16:54","slug":"zimmer-ats-2000","status":"publish","type":"product","link":"https:\/\/www.somatechnology.com\/spanish\/equipo-medico-usado-remanufacturado\/torniquetes\/zimmer-ats-2000\/","title":{"rendered":"Zimmer ATS 2000"},"content":{"rendered":"<h2>CARACTER\u00cdSTICAS DE ZIMMER ATS 2000<\/h2>\n<p>El Zimmer ATS 2000 es la siguiente generaci\u00f3n del sistema de torniquete ATS 1500. El ATS 2000 es un sistema de la bomba dual que permite procedimientos del Bier Block. No dude en consultar sobre los manguitos y mangueras de torniquetes Zimmer, Scanned y Expressaire. Opciones de puerto simple y doble: Todos los estilos de manguitos est\u00e1n disponibles en configuraciones de puerto \u00fanico y doble, lo que permite su uso con cualquier regulador de torniquete A.T.S. Manguitos de puerto \u00fanico para su uso con los sistemas de torniquete A.T.S. 750 y A.T.S. 1200. Manguitos de doble puerto y Bier Block para su uso con los sistemas de torniquete A.T.S. 1500 y 2000.<\/p>\n<ul>\n<li>Dos manguitos que funcionan de forma independiente para procedimientos IVRA<\/li>\n<li>Alarmas personalizables, ajustes de presi\u00f3n para cada situaci\u00f3n \u00fanica<\/li>\n<li>Control por microprocesador para mejorar la fiabilidad y aumentar la seguridad durante el cambio de manguitos IVRA<\/li>\n<li>Calibraci\u00f3n autom\u00e1tica, autocomprobaci\u00f3n en cada puesta en marcha<\/li>\n<li>Dise\u00f1o modular para facilitar el servicio y las reparaciones<\/li>\n<li>Unidad ligera y f\u00e1cilmente transportable<\/li>\n<li>Dep\u00f3sito interno para un inflado m\u00e1s r\u00e1pido<\/li>\n<li>Pantalla LED clara y brillante<\/li>\n<li>Alarmas de presi\u00f3n, tiempo, bater\u00eda baja y fallo de hardware<\/li>\n<li>Volumen de alarma ajustable<\/li>\n<li>Cargador de bater\u00eda incorporado<\/li>\n<\/ul>\n<h2>ESPECIFICACIONES DE ZIMMER ATS 2000<\/h2>\n<h3>Dimensiones<\/h3>\n<ul>\n<li>Altura: 12.75 pulg (32.4 cm)<\/li>\n<li>Anchura: 10 pulg (25.4 cm)<\/li>\n<li>Profundidad: 10.5 pulg (26.7 cm)<\/li>\n<li>Peso: 19.8 lbs (9kg)<\/li>\n<\/ul>\n<h3>Temporizador<\/h3>\n<ul>\n<li>Rango de ajuste de la alarma de tiempo: 0 &#8211; 240 min.; incrementos de 1 min.<\/li>\n<li>Precisi\u00f3n del tiempo: 0,25% \u00b11 segundo<\/li>\n<\/ul>\n<h3>Potencia<\/h3>\n<ul>\n<li>Rango de Tensi\u00f3n de L\u00ednea: 90 &#8211; 240 V ~, 50\/60 Hz, conmutaci\u00f3n autom\u00e1tica<\/li>\n<li>Corriente de L\u00ednea: 670 mA RMS @ 120 V ~<\/li>\n<li>Potencia de Entrada: 53 vatios t\u00edpicos<\/li>\n<li>Cable de Alimentaci\u00f3n: Tipo SJT, AWG 16, 14 pies (4,27 m)<\/li>\n<li>Enchufe: de grado hospitalario, hoja recta de 3 puntas, 15 amperios<\/li>\n<\/ul>\n<h3>Presi\u00f3n<\/h3>\n<ul>\n<li>Rango de Presi\u00f3n del Manguito: 50 &#8211; 475mm Hg<\/li>\n<li>Precisi\u00f3n de la Presi\u00f3n: \u00b13 mmHg (50 &#8211; 475mm Hg)<\/li>\n<li>Regulaci\u00f3n de la Presi\u00f3n: \u00b14 mmHg del punto de ajuste (media de 10 segundos en condiciones no transitorias sin fugas externas)<\/li>\n<li>Presiones M\u00e1ximas: Pu\u00f1os de 475 mm Hg | dep\u00f3sito de 700 mm Hg<\/li>\n<\/ul>\n<h3>Bater\u00eda<\/h3>\n<ul>\n<li>Tipo de Bater\u00eda: 2 Recargables, 12V &#8211; plomo \u00e1cido sellado, 2.3 Amp horas<\/li>\n<li>Tiempo de Descarga de la Bater\u00eda: La unidad funcionar\u00e1 con la energ\u00eda de la bater\u00eda durante 60 minutos como m\u00ednimo con las bater\u00edas completamente cargadas<\/li>\n<li>Tiempo de Recarga de la Bater\u00eda: 24 horas (m\u00e1ximo) La unidad debe estar enchufada 24 horas antes de su uso inicial.<\/li>\n<\/ul>\n<h2>EL SISTEMA DE TORNIQUETE ATS 2000<\/h2>\n<h3>La seguridad que necesita. La fiabilidad y la comodidad que desea.<\/h3>\n<ul>\n<li>Los controles duales, los manguitos duales y las lecturas duales proporcionan una supervisi\u00f3n y un rendimiento independientes y precisos para los procedimientos bilaterales o de bloqueo de Bier.<\/li>\n<li>Las lecturas precisas de la presi\u00f3n se toman directamente de cada manguito.<\/li>\n<li>Los manguitos de perfil bajo permanecen en su sitio sin molestias.<\/li>\n<li>Seleccione manguitos reutilizables o manguitos est\u00e9riles desechables para eliminar la contaminaci\u00f3n cruzada.<\/li>\n<li>Los manguitos ayudan a reducir las arrugas, los pellizcos y el cizallamiento de los tejidos blandos.<\/li>\n<li>Los manguitos codificados por colores de 8 a 42 pulgadas se adaptan a pr\u00e1cticamente todos los pacientes y miembros.<\/li>\n<li>Los conectores de bloqueo positivo proporcionan un inflado m\u00e1s seguro y sin fugas.<\/li>\n<li>Los puertos angulados mantienen los conectores alejados del sitio quir\u00fargico.<\/li>\n<li>Las alarmas visuales y sonoras ajustables detectan f\u00e1cilmente las variaciones de presi\u00f3n.<\/li>\n<li>La pantalla de f\u00e1cil lectura tambi\u00e9n se ajusta f\u00e1cilmente.<\/li>\n<li>La sencilla configuraci\u00f3n incluye ajustes predeterminados de presi\u00f3n y tiempo definidos por el usuario.<\/li>\n<li>La unidad port\u00e1til y ligera puede montarse en un poste intravenoso o colocarse en una mesa.<\/li>\n<li>Bater\u00eda de reserva de una hora, por si acaso.<\/li>\n<\/ul>\n<h3>Combinando seguridad, fiabilidad y comodidad para que usted pueda centrarse en la cirug\u00eda.<\/h3>\n<p>La seguridad, la fiabilidad y la comodidad integradas en el torniquete A.T.S. 2000 le permiten centrarse en la cirug\u00eda. Las pantallas dobles que supervisan la presi\u00f3n real del manguito, los controles precisos del microprocesador y la bater\u00eda de reserva de una hora ayudan a garantizar la seguridad del paciente. Las alarmas configuradas por el usuario advierten de condiciones inaceptables o peligrosas. La pantalla del manguito doble es f\u00e1cil de leer, incluso a distancia, y los controles del panel t\u00e1ctil son f\u00e1ciles de leer y utilizar. El r\u00e1pido inflado y desinflado del manguito ahorra tiempo. Una amplia selecci\u00f3n de manguitos, desechables y reutilizables, se adapta a pr\u00e1cticamente todos los pacientes. La unidad ligera puede colocarse c\u00f3modamente, y los conectores de bloqueo positivo tienen puertos en \u00e1ngulo para mantener las l\u00edneas alejadas de la zona quir\u00fargica.<\/p>\n<h3>Limpieza del AST 2000<\/h3>\n<p>El exterior de la unidad puede limpiarse con un pa\u00f1o humedecido (sin gotear) con un detergente suave. El interior de la unidad puede ser aspirado o soplado seg\u00fan sea necesario. El exterior de las mangueras del manguito puede limpiarse con una soluci\u00f3n de detergente suave o con alcohol. El interior de los manguitos no debe limpiarse. Los manguitos del torniquete deben limpiarse de acuerdo con las instrucciones del prospecto del manguito.<\/p>\n<h2>M\u00c1S INFORMACI\u00d3N SOBRE EL ZIMMER ATS 2000<\/h2>\n<h3>Zimmer ATS 2000 Reconstruido<\/h3>\n<p>Soma Tech Intl ofrece el Zimmer ATS 2000 sistema de torniquete hasta un 50% por debajo de los precios original con el mismo servicio y garant\u00eda que los nuevos. El Zimmer ATS 2000 no s\u00f3lo est\u00e1 t\u00e9cnicamente reacondicionado, sino que tambi\u00e9n est\u00e1 cosm\u00e9ticamente reacondicionado para que funcione y se vea como nuevo. Cuando se inicia el proceso de reacondicionamiento del Zimmer ATS 2000, \u00e9sta cuidadosamente inspeccionado y probado por nuestros propios ingenieros biom\u00e9dicos quien son certificados para trabajar con torniquetes. Si es necesario, se reemplazan las piezas para asegurarse de que todos los aspectos del Zimmer ATS trabaje con eficaz. Una vez que todo est\u00e1 en orden de funcionamiento, la unidad se calibra con las especificaciones originales del fabricante. Esto asegura que la unidad est\u00e1 funcionando de la misma manera que cuando sali\u00f3 originalmente del fabricante. Despu\u00e9s de que la mesa funciona como nuevo, se somete a un proceso especial de restauraci\u00f3n cosm\u00e9tica. Se limpia, se reparan los peque\u00f1os ara\u00f1azos y abolladuras, se pinta y se sustituyen las calcoman\u00edas si es necesario. Soma Tech Intl cuenta con la certificaci\u00f3n ISO 13485 y se asegura de que se d\u00e9 la mejor calidad a todos los equipos m\u00e9dicos que venden. Antes de que el ATS 2000 sea etiquetado como listo para el paciente y empacado para su env\u00edo, pasa por una \u00faltima prueba de control de calidad que asegura que todos los aspectos est\u00e1n funcionando de nuevo como deber\u00edan. Si desea comprar el Zimmer ATS 2000 reconstruido, p\u00f3ngase en contacto con nosotros en Soma@SomaTechnology.com o ll\u00e1menos al 1-800-GET-SOMA.<\/p>\n<p>Soma Tech Intl tambi\u00e9n est\u00e1 buscando activamente para comprar un Zimmer ATS 2000. Si usted o su instalaci\u00f3n est\u00e1 buscando vender su unidad, aseg\u00farese de ponerse en contacto con Soma Tech Intl. Soma tiene un departamento de compras dedicado en ayudar a trav\u00e9s de todo el proceso. La venta de su torniquete usado o de segunda mano a Soma Tech Intl elimina el intermediario en la ecuaci\u00f3n. Esto tambi\u00e9n asegura que su centro m\u00e9dico obtiene el mejor precio por su equipo. Soma cumple al 100% con las normas HIPPA y se asegura de que su equipo llegue a nuestras instalaciones en las mismas condiciones en que sali\u00f3 del suyo. Soma Tech Intl tambi\u00e9n da la opci\u00f3n de cr\u00e9dito de intercambio en su equipo m\u00e9dico. Si usted o su instalaci\u00f3n est\u00e1 buscando recuperar espacio para nuevos equipos, o si usted est\u00e1 buscando para actualizar su equipo actual, p\u00f3ngase en contacto con el departamento de compras en Buyer@SomaTechnology.com o env\u00edenos un mensaje en nuestro sitio web Vender a Soma.<\/p>\n","protected":false},"excerpt":{"rendered":"<p>Zimmer ATS Torniquete System 2000<\/p>\n","protected":false},"featured_media":9487,"template":"","meta":{"_acf_changed":false,"_relevanssi_hide_post":"","_relevanssi_hide_content":"","_relevanssi_pin_for_all":"","_relevanssi_pin_keywords":"","_relevanssi_unpin_keywords":"","_relevanssi_related_keywords":"","_relevanssi_related_include_ids":"","_relevanssi_related_exclude_ids":"","_relevanssi_related_no_append":"","_relevanssi_related_not_related":"","_relevanssi_related_posts":"","_relevanssi_noindex_reason":"","inline_featured_image":false},"pwb-brand":[1276],"product_brand":[],"product_cat":[77],"product_tag":[2425,2430,2412,2411,2429,2417,2418,2404,2410,2426,2428,2427],"class_list":{"0":"post-4888","1":"product","2":"type-product","3":"status-publish","4":"has-post-thumbnail","6":"pwb-brand-zimmer","7":"product_cat-torniquetes","8":"product_tag-2425","9":"product_tag-a-t-s-2000","10":"product_tag-a-t-s","11":"product_tag-ats","12":"product_tag-ats-2000","13":"product_tag-torniquet","14":"product_tag-torniquete","15":"product_tag-torniquetes","16":"product_tag-zimmer","17":"product_tag-zimmer-2000","18":"product_tag-zimmer-a-t-s-2000","19":"product_tag-zimmer-ats-2000","21":"first","22":"instock","23":"purchasable","24":"product-type-simple"},"acf":[],"brands":[{"id":1276,"name":"Zimmer","slug":"zimmer"}],"_links":{"self":[{"href":"https:\/\/www.somatechnology.com\/spanish\/wp-json\/wp\/v2\/product\/4888","targetHints":{"allow":["GET"]}}],"collection":[{"href":"https:\/\/www.somatechnology.com\/spanish\/wp-json\/wp\/v2\/product"}],"about":[{"href":"https:\/\/www.somatechnology.com\/spanish\/wp-json\/wp\/v2\/types\/product"}],"wp:featuredmedia":[{"embeddable":true,"href":"https:\/\/www.somatechnology.com\/spanish\/wp-json\/wp\/v2\/media\/9487"}],"wp:attachment":[{"href":"https:\/\/www.somatechnology.com\/spanish\/wp-json\/wp\/v2\/media?parent=4888"}],"wp:term":[{"taxonomy":"pwb-brand","embeddable":true,"href":"https:\/\/www.somatechnology.com\/spanish\/wp-json\/wp\/v2\/pwb-brand?post=4888"},{"taxonomy":"product_brand","embeddable":true,"href":"https:\/\/www.somatechnology.com\/spanish\/wp-json\/wp\/v2\/product_brand?post=4888"},{"taxonomy":"product_cat","embeddable":true,"href":"https:\/\/www.somatechnology.com\/spanish\/wp-json\/wp\/v2\/product_cat?post=4888"},{"taxonomy":"product_tag","embeddable":true,"href":"https:\/\/www.somatechnology.com\/spanish\/wp-json\/wp\/v2\/product_tag?post=4888"}],"curies":[{"name":"wp","href":"https:\/\/api.w.org\/{rel}","templated":true}]}}