{"id":4895,"date":"2016-07-19T21:42:50","date_gmt":"2016-07-19T21:42:50","guid":{"rendered":"http:\/\/equipomedicocentral.com\/wordpress\/product\/siemens-siremobil-compact\/"},"modified":"2023-08-23T06:17:02","modified_gmt":"2023-08-23T10:17:02","slug":"siemens-siremobil-compact","status":"publish","type":"product","link":"https:\/\/www.somatechnology.com\/spanish\/equipo-medico-usado-remanufacturado\/imagenologia-radiologia\/arcos-en-c\/siemens-siremobil-compact\/","title":{"rendered":"Siemens Siremobil Compacto Arco en C"},"content":{"rendered":"<h2>CARACTER\u00cdSTICAS DE SIEMENS SIREMOBIL COMPACTO<\/h2>\n<p><strong>Siemens Siremobil<\/strong> es nuestro equipo compacto para la obtenci\u00f3n de im\u00e1genes intraoperatorias. Es compatible con diversas aplicaciones quir\u00fargicas en cirug\u00eda general, ortopedia, traumatolog\u00eda, tratamiento del dolor y atenci\u00f3n ambulatoria. Gracias a su dise\u00f1o compacto y ergon\u00f3mico, es especialmente f\u00e1cil de manejar y operar. Esto significa un flujo de trabajo acelerado y, en \u00faltima instancia, un importante ahorro de tiempo y costes en su trabajo diario.<\/p>\n<ul>\n<li>Vers\u00e1til<\/li>\n<li>Tama\u00f1o compacto<\/li>\n<li>Alta calidad de imagen<\/li>\n<li>Manejo con una sola tecla<\/li>\n<li>Gran movilidad<\/li>\n<li>Modo dual 9\/6 con Digistore 100 y punter\u00eda l\u00e1ser<\/li>\n<\/ul>\n<h2>ESPECIFICACIONES DE SIEMENS SIREMOBIL COMPACTO<\/h2>\n<h3>Peso<\/h3>\n<ul>\n<li>Chasis de Arco en C: 257 kg (565 lbs)<\/li>\n<li>Carro de Visualizaci\u00f3n con una pantalla: 112 kg (245 lbs)<\/li>\n<li>Carro de Visualizaci\u00f3n con dos pantallas: 138 kg (305 lbs)<\/li>\n<\/ul>\n<h3>Arco en C<\/h3>\n<ul>\n<li>Movimiento orbital 130\u00b0 (de &#8211; 40\u00b0 a + 90\u00b0)<\/li>\n<li>Angulaci\u00f3n \u00b1 190\u00b0<\/li>\n<li>Movimiento horizontal 20 cm (7.9&#8243;)<\/li>\n<li>Profundidad de inmersi\u00f3n 73 cm (28.7&#8243;)<\/li>\n<li>Rango de giro \u00b1 12.5\u00b0<\/li>\n<li>Recorrido vertical 45 cm (17.7&#8243;) motorizado<\/li>\n<li>Distancia fuente-I.I. 100 cm (39.4&#8243;)<\/li>\n<li>Espacio libre 78 cm (30.7&#8243;)<\/li>\n<\/ul>\n<h3>Generador de Rayos X \/ Tubo<\/h3>\n<ul>\n<li>Frecuencia de control del convertidor 15 kHz a 30 kHz<\/li>\n<li>Rango de kV 40 kV a 110 kV<\/li>\n<li>Fluoroscopia 0.2 mA a 8.9 mA<\/li>\n<li>Radiograf\u00eda digital 0.2 mA a 12,2 mA<\/li>\n<li>Exposiciones de casete m\u00e1x. 20 mA<\/li>\n<\/ul>\n<h3>Carro de Visualizaci\u00f3n \/ Pantallas<\/h3>\n<ul>\n<li>Pantalla TFT de 15&#8243; en blanco y negro\n<ul>\n<li>Tama\u00f1o de pantalla 15&#8243; (38 cm)<\/li>\n<li>Matriz de imagen 1024 x 768<\/li>\n<li>Brillo m\u00e1ximo 250 cd\/m2<\/li>\n<\/ul>\n<\/li>\n<li>Pantalla TFT de 17&#8243; en blanco y negro\n<ul>\n<li>Tama\u00f1o de pantalla 17&#8243; (43 cm)<\/li>\n<li>Matriz de imagen 1280 x 1024<\/li>\n<li>Brillo m\u00e1ximo 250 cd\/m2<\/li>\n<\/ul>\n<\/li>\n<li>Pantalla TFT de 18&#8243; en blanco y negro\n<ul>\n<li>Pantalla de alto contraste con alta luminancia<\/li>\n<li>Tama\u00f1o de pantalla 18&#8243; (46 cm)<\/li>\n<li>Matriz de imagen 1280 x 1024<\/li>\n<li>Brillo m\u00e1ximo de 600 cd\/m2<\/li>\n<\/ul>\n<\/li>\n<\/ul>\n<h3>Otras Especificaciones<\/h3>\n<ul>\n<li>\u00c1nodo del Tubo de Rayos X Estacionario<\/li>\n<li>Salida M\u00e1xima: 1.4 kW<\/li>\n<li>Capacidad T\u00e9rmica (\u00e1nodo): 50,000 HU<\/li>\n<li>Capacidad T\u00e9rmica (carcasa): 1,200,000 HU<\/li>\n<li>Rango de kV: 40-110<\/li>\n<li>Rango de mA: hasta 20<\/li>\n<li>Fl\u00faor Pulsado: S\u00ed<\/li>\n<li>M\u00e1ximos Pulsos por Segundo: 2<\/li>\n<li>Cine: No<\/li>\n<li>Tama\u00f1o de la Matriz de Imagen: 1,024 x 1,024<\/li>\n<\/ul>\n<h2>M\u00c1S INFORMACI\u00d3N SOBRE EL SIEMENS SIREMOBIL COMPACTO<\/h2>\n<h3>Versatilidad<\/h3>\n<ul>\n<li>Las capacidades y el rendimiento de Siremobil Compacto lo han establecido como un Arco en C m\u00f3vil fiable, vers\u00e1til y econ\u00f3mico, dise\u00f1ado para satisfacer todos los requisitos de la cirug\u00eda actual. Tanto si se utiliza en aplicaciones tradicionales como la ortopedia, como en las \u00e1reas crecientes de la intervenci\u00f3n vascular, la cirug\u00eda gastrointestinal o los procedimientos m\u00ednimamente invasivos, Siremobil Compacto ofrece caracter\u00edsticas avanzadas, un dise\u00f1o cuidado y la calidad de Siemens.<\/li>\n<\/ul>\n<h3>Tama\u00f1o Compacto<\/h3>\n<ul>\n<li>La transportabilidad y la maniobrabilidad se optimizan con su peque\u00f1o tama\u00f1o y el dise\u00f1o del Arco en C contrapesado y extendido. El sistema cuenta con una interfaz de usuario simplificada para un funcionamiento r\u00e1pido, eficiente y sencillo.<\/li>\n<\/ul>\n<h3>Calidad de Imagen<\/h3>\n<ul>\n<li>La marca Siremobil es conocida por sus componentes de imagen superiores, y Siremobil Compacto contin\u00faa el legado. Adem\u00e1s de maximizar la calidad de imagen, todos los modos de funcionamiento est\u00e1n optimizados para ahorrar dosis.<\/li>\n<\/ul>\n<h3>Substracci\u00f3n y Mapa de Ruta<\/h3>\n<ul>\n<li>La memoria vascular ofrece sustracci\u00f3n con s\u00f3lo pulsar un bot\u00f3n para una visualizaci\u00f3n precisa durante los procedimientos de intervenci\u00f3n, as\u00ed como una hoja de ruta para un posicionamiento r\u00e1pido y sencillo durante el cateterismo y la dilataci\u00f3n.<\/li>\n<\/ul>\n<h3>Conexi\u00f3n en Red<\/h3>\n<ul>\n<li>Siguiendo el ritmo del desarrollo de la industria en cuanto a la conexi\u00f3n en red, Siremobil Compacto puede equiparse con capacidades de comunicaci\u00f3n en l\u00ednea y fuera de l\u00ednea. Alto rendimiento, baja dosis.<\/li>\n<\/ul>\n<h3>SIREMOBIL Compacto<\/h3>\n<ul>\n<li>Est\u00e1 equipado con un generador de rayos X de alto rendimiento para satisfacer incluso las aplicaciones cl\u00ednicas m\u00e1s exigentes. Las proyecciones dif\u00edciles, como la lumbar lateral, que requieren la penetraci\u00f3n de anatom\u00eda densa, se dominan f\u00e1cilmente. Cuando las aplicaciones de cardiolog\u00eda, como los estudios de PE y la colocaci\u00f3n de marcapasos, exigen tiempos de fluoroscopia excepcionalmente largos, usted est\u00e1 preparado. El tubo de rayos X de dise\u00f1o exclusivo de Siremobil Compacto proporciona tiempos de fluoroscopia pr\u00e1cticamente ilimitados -m\u00e1s de 50 minutos- con una alta calidad de imagen y la menor dosis posible. Los tiempos de fluoroscopia largos son a\u00fan m\u00e1s importantes, ya que los arcos en C m\u00f3viles se utilizan cada vez m\u00e1s como sistemas de apoyo para otras modalidades.<\/li>\n<\/ul>\n<h3>Siemens Siremobil Compacto Reconstruido<\/h3>\n<p>Soma Technology, Inc. ofrece el Siemens Siremobil Compacto Arcos en C reacondicionados hasta un 50% por debajo de los precios de los fabricantes de equipos originales, con el mismo servicio y garant\u00eda que los nuevos. El Siemens Siremobil no s\u00f3lo est\u00e1 t\u00e9cnicamente reacondicionado, sino que tambi\u00e9n est\u00e1 cosm\u00e9ticamente reacondicionado para que funcione y parezca nuevo. Cuando se inicia el proceso de reacondicionamiento del Siremobil, el sistema m\u00f3vil esta cuidadosamente inspeccionado y probado por nuestros propios ingenieros biom\u00e9dicos, altamente cualificados y certificados para trabajar con los Arcos en C de Siemens. Si es necesario, se sustituyen las piezas para asegurarse de que todos los aspectos del Arco en C funcionan correctamente con eficaz. Una vez que todo est\u00e1 en orden de funcionamiento, la unidad se calibra de nuevo a las especificaciones originales del fabricante de ingenier\u00eda. Esto asegura que la unidad funciona de la misma manera que sali\u00f3 originalmente del fabricante. Despu\u00e9s de que el Siremobil Compacto funcione como nuevo, se somete a un proceso especial de restauraci\u00f3n cosm\u00e9tica. La Pulsera se limpia, se reparan los peque\u00f1os ara\u00f1azos y abolladuras, se pinta y se sustituyen las calcoman\u00edas si es necesario. Despu\u00e9s de este arduo proceso de restauraci\u00f3n, el Arco en C m\u00f3vil funciona y parece nuevo. Soma Tech cuenta con la certificaci\u00f3n ISO 13485 y se asegura de dar la mejor calidad a todos los equipos m\u00e9dicos de capital que vende. Antes de que la unidad se etiquete como listo para el paciente y se empaquete para su env\u00edo, pasa por una \u00faltima prueba de control de calidad que garantiza que todos los aspectos vuelven a funcionar como deber\u00edan. Si desea comprar el Siemens Siremobil Compacto reacondicionados, p\u00f3ngase en contacto con nosotros al Soma@SomaTechnology.com o ll\u00e1menos al 1-800-GET-SOMA.<\/p>\n<p>Soma Tech Intl tambi\u00e9n est\u00e1 buscando activamente para comprar Siemens Siremobil Compacto. Si usted o su centro est\u00e1 buscando vender su Siremobil, aseg\u00farese de ponerse en contacto con Soma Tech Intl. Soma tiene un departamento de compras dedicado y experimentado que le ayuda durante todo el proceso. La venta de sus Arcos en C Siemens usados o de segunda mano a Soma Tech elimina al intermediario de la ecuaci\u00f3n. Esto tambi\u00e9n garantiza que su centro m\u00e9dico obtenga el mejor precio por su equipo. Soma Tech Intl cumple al 100% con la normativa HIPPA y se asegura de que su equipo llegue a nuestras instalaciones en las mismas condiciones en las que sali\u00f3 del suyo. Soma Technology tambi\u00e9n da la opci\u00f3n de cr\u00e9dito de intercambio en su equipo m\u00e9dico. Si usted o su instalaci\u00f3n est\u00e1 buscando recuperar el espacio para nuevos equipos, o buscando actualizar los equipos actuales, p\u00f3ngase en contacto con el departamento de compras de Soma Technology en Buyer@SomaTechnology.com o env\u00edenos un mensaje en nuestro sitio web Sell to Soma.<\/p>\n","protected":false},"excerpt":{"rendered":"<p>Arcos en C<\/p>\n","protected":false},"featured_media":11723,"template":"","meta":{"_acf_changed":false,"_relevanssi_hide_post":"","_relevanssi_hide_content":"","_relevanssi_pin_for_all":"","_relevanssi_pin_keywords":"","_relevanssi_unpin_keywords":"","_relevanssi_related_keywords":"","_relevanssi_related_include_ids":"","_relevanssi_related_exclude_ids":"","_relevanssi_related_no_append":"","_relevanssi_related_not_related":"","_relevanssi_related_posts":"","_relevanssi_noindex_reason":"","inline_featured_image":false},"pwb-brand":[1123],"product_brand":[],"product_cat":[66],"product_tag":[245,244,4654,246,247,243,240,249,241,248,242,250],"class_list":{"0":"post-4895","1":"product","2":"type-product","3":"status-publish","4":"has-post-thumbnail","6":"pwb-brand-equipo-medico-siemens","7":"product_cat-arcos-en-c","8":"product_tag-arco-en-c","9":"product_tag-arco-enc","10":"product_tag-arcos-en-c-siemens","11":"product_tag-c-arm","12":"product_tag-carm","13":"product_tag-compact","14":"product_tag-seimens","15":"product_tag-siemens-compact","16":"product_tag-siemens-siremobil","17":"product_tag-siemens-siremobil-compact","18":"product_tag-siremobil","19":"product_tag-siremobil-compact","21":"first","22":"instock","23":"purchasable","24":"product-type-simple"},"acf":[],"brands":[{"id":1123,"name":"Siemens","slug":"equipo-medico-siemens"}],"_links":{"self":[{"href":"https:\/\/www.somatechnology.com\/spanish\/wp-json\/wp\/v2\/product\/4895","targetHints":{"allow":["GET"]}}],"collection":[{"href":"https:\/\/www.somatechnology.com\/spanish\/wp-json\/wp\/v2\/product"}],"about":[{"href":"https:\/\/www.somatechnology.com\/spanish\/wp-json\/wp\/v2\/types\/product"}],"wp:featuredmedia":[{"embeddable":true,"href":"https:\/\/www.somatechnology.com\/spanish\/wp-json\/wp\/v2\/media\/11723"}],"wp:attachment":[{"href":"https:\/\/www.somatechnology.com\/spanish\/wp-json\/wp\/v2\/media?parent=4895"}],"wp:term":[{"taxonomy":"pwb-brand","embeddable":true,"href":"https:\/\/www.somatechnology.com\/spanish\/wp-json\/wp\/v2\/pwb-brand?post=4895"},{"taxonomy":"product_brand","embeddable":true,"href":"https:\/\/www.somatechnology.com\/spanish\/wp-json\/wp\/v2\/product_brand?post=4895"},{"taxonomy":"product_cat","embeddable":true,"href":"https:\/\/www.somatechnology.com\/spanish\/wp-json\/wp\/v2\/product_cat?post=4895"},{"taxonomy":"product_tag","embeddable":true,"href":"https:\/\/www.somatechnology.com\/spanish\/wp-json\/wp\/v2\/product_tag?post=4895"}],"curies":[{"name":"wp","href":"https:\/\/api.w.org\/{rel}","templated":true}]}}