{"id":4899,"date":"2016-07-19T21:42:50","date_gmt":"2016-07-19T21:42:50","guid":{"rendered":"http:\/\/equipomedicocentral.com\/wordpress\/product\/puritan-bennett-lp10\/"},"modified":"2025-09-23T11:53:18","modified_gmt":"2025-09-23T15:53:18","slug":"puritan-bennett-lp10","status":"publish","type":"product","link":"https:\/\/www.somatechnology.com\/spanish\/equipo-medico-usado-remanufacturado\/ventiladores\/puritan-bennett-lp10\/","title":{"rendered":"Medtronic Covidien Puritan Bennett LP10"},"content":{"rendered":"<h2>Caracter\u00edsticas Puritan Bennett LP10<\/h2>\n<p>El Puritan-Bennett LP10 es un ventilador altamente portable, confiable, comprensivo dise\u00f1ado para permitir una transici\u00f3n lisa de la ventilaci\u00f3n cr\u00edtica del cuidado. Las caracter\u00edsticas y portabilidad extensas de LP10&#8217;s proporcionan la flexibilidad para cubrir una amplia gama de la ventilaci\u00f3n y de las necesidades del paciente.<\/p>\n<ul>\n<li>Dise\u00f1ado para una transici\u00f3n suave de la ventilaci\u00f3n de cuidado cr\u00edtico<\/li>\n<li>Satisface una amplia gama de necesidades pedi\u00e1tricas y adultas.<\/li>\n<li>Disminuci\u00f3n de la resistencia interna reduce los esfuerzos de respiraci\u00f3n en el modo SIMV<\/li>\n<li>Monitores confiables de monitoreo de ventilador<\/li>\n<\/ul>\n","protected":false},"excerpt":{"rendered":"<p>El Puritan-Bennett LP10 es un ventilador altamente portable, confiable, comprensivo dise\u00f1ado para permitir una transici\u00f3n lisa de la ventilaci\u00f3n cr\u00edtica del cuidado. Las caracter\u00edsticas y portabilidad extensas de LP10&#8217;s proporcionan la flexibilidad para cubrir una amplia gama de la ventilaci\u00f3n y de las necesidades del paciente.<\/p>\n","protected":false},"featured_media":21994,"template":"","meta":{"_acf_changed":false,"_relevanssi_hide_post":"","_relevanssi_hide_content":"","_relevanssi_pin_for_all":"","_relevanssi_pin_keywords":"","_relevanssi_unpin_keywords":"","_relevanssi_related_keywords":"","_relevanssi_related_include_ids":"","_relevanssi_related_exclude_ids":"","_relevanssi_related_no_append":"","_relevanssi_related_not_related":"","_relevanssi_related_posts":"","_relevanssi_noindex_reason":"","inline_featured_image":false},"pwb-brand":[1107],"product_brand":[],"product_cat":[51,4780],"product_tag":[1494,5566,5567,5563,5562,5564,5565,5234,1028,6886],"class_list":{"0":"post-4899","1":"product","2":"type-product","3":"status-publish","4":"has-post-thumbnail","6":"pwb-brand-equipo-medico-medtronic","7":"product_cat-ventiladores","8":"product_cat-ventiladores-portatil","9":"product_tag-pb","10":"product_tag-pb-lp-10","11":"product_tag-pb-lp-10-ventiladores","12":"product_tag-pb-ventiladores","13":"product_tag-puritain-bennett","14":"product_tag-puritain-bennett-lp-10","15":"product_tag-puritan-bennett-lp-10-ventiladores","16":"product_tag-puritan-bennett-ventiladores","17":"product_tag-ventiladores","18":"product_tag-ventiladores-medtronic-y-puritan-bennett","20":"first","21":"instock","22":"purchasable","23":"product-type-simple"},"acf":[],"brands":[{"id":1107,"name":"Medtronic","slug":"equipo-medico-medtronic"}],"_links":{"self":[{"href":"https:\/\/www.somatechnology.com\/spanish\/wp-json\/wp\/v2\/product\/4899","targetHints":{"allow":["GET"]}}],"collection":[{"href":"https:\/\/www.somatechnology.com\/spanish\/wp-json\/wp\/v2\/product"}],"about":[{"href":"https:\/\/www.somatechnology.com\/spanish\/wp-json\/wp\/v2\/types\/product"}],"wp:featuredmedia":[{"embeddable":true,"href":"https:\/\/www.somatechnology.com\/spanish\/wp-json\/wp\/v2\/media\/21994"}],"wp:attachment":[{"href":"https:\/\/www.somatechnology.com\/spanish\/wp-json\/wp\/v2\/media?parent=4899"}],"wp:term":[{"taxonomy":"pwb-brand","embeddable":true,"href":"https:\/\/www.somatechnology.com\/spanish\/wp-json\/wp\/v2\/pwb-brand?post=4899"},{"taxonomy":"product_brand","embeddable":true,"href":"https:\/\/www.somatechnology.com\/spanish\/wp-json\/wp\/v2\/product_brand?post=4899"},{"taxonomy":"product_cat","embeddable":true,"href":"https:\/\/www.somatechnology.com\/spanish\/wp-json\/wp\/v2\/product_cat?post=4899"},{"taxonomy":"product_tag","embeddable":true,"href":"https:\/\/www.somatechnology.com\/spanish\/wp-json\/wp\/v2\/product_tag?post=4899"}],"curies":[{"name":"wp","href":"https:\/\/api.w.org\/{rel}","templated":true}]}}