{"id":4901,"date":"2016-07-19T21:42:50","date_gmt":"2016-07-19T21:42:50","guid":{"rendered":"http:\/\/equipomedicocentral.com\/wordpress\/product\/puritan-bennett-lp20\/"},"modified":"2025-09-23T11:53:31","modified_gmt":"2025-09-23T15:53:31","slug":"puritan-bennett-lp20","status":"publish","type":"product","link":"https:\/\/www.somatechnology.com\/spanish\/equipo-medico-usado-remanufacturado\/ventiladores\/puritan-bennett-lp20\/","title":{"rendered":"Medtronic Covidien Puritan Bennett LP20"},"content":{"rendered":"<h2>Caracteristicas Medtronic Covidien Puritan Bennett LP 20<\/h2>\n<p>Los ventiladores portables del volumen de AEQUITRON LP-20 tienen una reputaci\u00f3n para la confiabilidad. Sus caracter\u00edsticas est\u00e1ndar y su portabilidad dan al ventilador LP-20 la flexibilidad para satisfacer una amplia gama de requerimientos de ventilaci\u00f3n pedi\u00e1trica y adulta. El ventilador LP20 tiene un ciclo de control de presi\u00f3n para la ventilaci\u00f3n limitada por la presi\u00f3n y el tiempo de ciclo. La disminuci\u00f3n de la resistencia interna reduce el esfuerzo respiratorio en el modo SIMV. Con el ventilador LP20, las alarmas expandidas proporcionan una gesti\u00f3n confiable del paciente. Fabricado por AEQUITRON y Puritano Bennett.<\/p>\n<ul>\n<li>Perilla del control de presi\u00f3n para la ventilaci\u00f3n presi\u00f3n-limitada, tiempo-ciclada.<\/li>\n<li>La disminuci\u00f3n de la resistencia interna reduce el esfuerzo respiratorio en el modo SIMV.<\/li>\n<li>La operaci\u00f3n continua y de bajo mantenimiento con una supervisi\u00f3n m\u00ednima resulta en un bajo costo de propiedad.<\/li>\n<li>Las caracter\u00edsticas y la portabilidad proporcionan flexibilidad para satisfacer una amplia gama de necesidades de ventilaci\u00f3n y pacientes.<\/li>\n<li>La operaci\u00f3n interna y externa de la bater\u00eda proporciona comodidad y seguridad.<\/li>\n<li>Puerto de alarma externo.<\/li>\n<\/ul>\n<p>&nbsp;<\/p>\n<p>&nbsp;<\/p>\n","protected":false},"excerpt":{"rendered":"<p>Los ventiladores portables del volumen de AEQUITRON LP-20 tienen una reputaci\u00f3n para la confiabilidad. Sus caracter\u00edsticas est\u00e1ndar y su portabilidad dan al ventilador LP-20 la flexibilidad para satisfacer una amplia gama de requerimientos de ventilaci\u00f3n pedi\u00e1trica y adulta. El ventilador LP20 tiene un ciclo de control de presi\u00f3n para la ventilaci\u00f3n limitada por la presi\u00f3n y el tiempo de ciclo. La disminuci\u00f3n de la resistencia interna reduce el esfuerzo respiratorio en el modo SIMV. Con el ventilador LP20, las alarmas expandidas proporcionan una gesti\u00f3n confiable del paciente. Fabricado por AEQUITRON y Puritano Bennett.<\/p>\n","protected":false},"featured_media":22347,"template":"","meta":{"_acf_changed":false,"_relevanssi_hide_post":"","_relevanssi_hide_content":"","_relevanssi_pin_for_all":"","_relevanssi_pin_keywords":"","_relevanssi_unpin_keywords":"","_relevanssi_related_keywords":"","_relevanssi_related_include_ids":"","_relevanssi_related_exclude_ids":"","_relevanssi_related_no_append":"","_relevanssi_related_not_related":"","_relevanssi_related_posts":"","_relevanssi_noindex_reason":"","inline_featured_image":false},"pwb-brand":[1107],"product_brand":[],"product_cat":[51,4780],"product_tag":[5568,5569,5573,5575,5574,5570,5562,5571,5572,1028,6886,5547],"class_list":{"0":"post-4901","1":"product","2":"type-product","3":"status-publish","4":"has-post-thumbnail","6":"pwb-brand-equipo-medico-medtronic","7":"product_cat-ventiladores","8":"product_cat-ventiladores-portatil","9":"product_tag-lp-20","10":"product_tag-lp-20-ventiladores","11":"product_tag-medtronic-covidien-bp-lp-20","12":"product_tag-medtronic-covidien-puritain-bennett-lp-20-ventiladores","13":"product_tag-medtronic-covidien-puritan-bennett-lp-20","14":"product_tag-pb-lp-20-ventiladores","15":"product_tag-puritain-bennett","16":"product_tag-puritain-bennett-lp-20","17":"product_tag-puritain-bennett-lp-20-ventiladores","18":"product_tag-ventiladores","19":"product_tag-ventiladores-medtronic-y-puritan-bennett","20":"product_tag-ventiladores-portatiles","22":"first","23":"instock","24":"purchasable","25":"product-type-simple"},"acf":[],"brands":[{"id":1107,"name":"Medtronic","slug":"equipo-medico-medtronic"}],"_links":{"self":[{"href":"https:\/\/www.somatechnology.com\/spanish\/wp-json\/wp\/v2\/product\/4901","targetHints":{"allow":["GET"]}}],"collection":[{"href":"https:\/\/www.somatechnology.com\/spanish\/wp-json\/wp\/v2\/product"}],"about":[{"href":"https:\/\/www.somatechnology.com\/spanish\/wp-json\/wp\/v2\/types\/product"}],"wp:featuredmedia":[{"embeddable":true,"href":"https:\/\/www.somatechnology.com\/spanish\/wp-json\/wp\/v2\/media\/22347"}],"wp:attachment":[{"href":"https:\/\/www.somatechnology.com\/spanish\/wp-json\/wp\/v2\/media?parent=4901"}],"wp:term":[{"taxonomy":"pwb-brand","embeddable":true,"href":"https:\/\/www.somatechnology.com\/spanish\/wp-json\/wp\/v2\/pwb-brand?post=4901"},{"taxonomy":"product_brand","embeddable":true,"href":"https:\/\/www.somatechnology.com\/spanish\/wp-json\/wp\/v2\/product_brand?post=4901"},{"taxonomy":"product_cat","embeddable":true,"href":"https:\/\/www.somatechnology.com\/spanish\/wp-json\/wp\/v2\/product_cat?post=4901"},{"taxonomy":"product_tag","embeddable":true,"href":"https:\/\/www.somatechnology.com\/spanish\/wp-json\/wp\/v2\/product_tag?post=4901"}],"curies":[{"name":"wp","href":"https:\/\/api.w.org\/{rel}","templated":true}]}}