{"id":4908,"date":"2016-07-19T21:43:45","date_gmt":"2016-07-19T21:43:45","guid":{"rendered":"http:\/\/equipomedicocentral.com\/wordpress\/product\/steris-cmax-4085\/"},"modified":"2025-04-18T10:15:21","modified_gmt":"2025-04-18T14:15:21","slug":"steris-4085","status":"publish","type":"product","link":"https:\/\/www.somatechnology.com\/spanish\/equipo-medico-usado-remanufacturado\/mesas-de-cirugia\/steris-4085\/","title":{"rendered":"Steris 4085"},"content":{"rendered":"<h2>Caracter\u00edsticas del\u00a0Mesa Quir\u00fargica Steris Amsco CMAX 4085<\/h2>\n<p>La mesa de cirug\u00eda general Steris 4085 es una mesa de quir\u00f3fano m\u00f3vil, con accionamiento electrohidr\u00e1ulico, dise\u00f1ada espec\u00edficamente para proporcionar la posici\u00f3n \u00f3ptima del paciente, necesaria en las instalaciones quir\u00fargicas modernas. La Steris 4085 cuenta con una columna estrecha, una mesa radiotransparente y un tablero deslizante que proporciona un amplio espacio de imagen. Ofrece un acceso excepcional para el arco en C y el equipo quir\u00fargico, evitando la necesidad de reorientar al paciente. El \u00e1rea de im\u00e1genes permite obtener im\u00e1genes n\u00edtidas y de alta calidad, cruciales en los procedimientos actuales de cirug\u00eda de cirug\u00eda m\u00ednimamente invasiva (MIS), cardiotor\u00e1cicos, ortop\u00e9dicos y neuroquir\u00fargicos. La 4085 cuenta con un tablero de cuatro secciones que se adapta a todas las posturas del paciente. El control manual env\u00eda al instante los datos de posicionamiento de la mesa a los profesionales sanitarios mediante una pantalla digital de f\u00e1cil lectura, sin necesidad de levantar el pa\u00f1o est\u00e9ril.<\/p>\n<ul>\n<li>Se adapta a pr\u00e1cticamente cualquier paciente, con amplios rangos de peso y altura.<\/li>\n<li>Proporciona un acceso excepcional para el arco en C, lo que permite obtener im\u00e1genes de alta calidad, cruciales para los procedimientos cardiotor\u00e1cicos, ortop\u00e9dicos y neuroquir\u00fargicos. Se adapta a pr\u00e1cticamente cualquier postura del paciente gracias a su tablero seccional.<\/li>\n<li>Compensa las irregularidades del suelo del quir\u00f3fano con bloqueos autonivelantes.<\/li>\n<li>Tablero deslizante radiotransparente de 45 cm para im\u00e1genes corporales completas (acceso al arco en C de 109 cm superior e inferior).<\/li>\n<li>Proporciona acceso perineal sin restricciones gracias a su secci\u00f3n de piernas extra\u00edble.<\/li>\n<li>La secci\u00f3n de piernas ultraligera opcional cumple con los Principios de Manejo Seguro de AORN.<\/li>\n<li>Mejora los procedimientos laterales con un elevador renal el\u00e9ctrico y radiotransparente.<\/li>\n<li>Control manual f\u00e1cil de usar y leer con ventana de datos digital.<\/li>\n<li>Previene colisiones entre la secci\u00f3n y la base de la mesa gracias al sensor de l\u00edmite autom\u00e1tico.<\/li>\n<li>Compatible con una amplia gama de accesorios adquiridos previamente.<\/li>\n<\/ul>\n","protected":false},"excerpt":{"rendered":"<p>Mesa Quir\u00fargica<\/p>\n","protected":false},"featured_media":31878,"template":"","meta":{"_acf_changed":false,"_relevanssi_hide_post":"","_relevanssi_hide_content":"","_relevanssi_pin_for_all":"","_relevanssi_pin_keywords":"","_relevanssi_unpin_keywords":"","_relevanssi_related_keywords":"","_relevanssi_related_include_ids":"","_relevanssi_related_exclude_ids":"","_relevanssi_related_no_append":"","_relevanssi_related_not_related":"","_relevanssi_related_posts":"","_relevanssi_noindex_reason":"","inline_featured_image":false},"pwb-brand":[1149],"product_brand":[],"product_cat":[72],"product_tag":[3098,3094,2500,3984,3099,543,554,4288,4287,4289],"class_list":{"0":"post-4908","1":"product","2":"type-product","3":"status-publish","4":"has-post-thumbnail","6":"pwb-brand-equipo-medico-steris","7":"product_cat-mesas-de-cirugia","8":"product_tag-mesa","9":"product_tag-mesas","10":"product_tag-mesas-quirurgicas","11":"product_tag-mesas-quirurgicas-steris","12":"product_tag-quirurgicas","13":"product_tag-steris","14":"product_tag-steris-amsco","15":"product_tag-steris-amsco-cmax","16":"product_tag-steris-amsco-cmax-4085","17":"product_tag-steris-amsco-cmax-4085-mesas-quirurgicas","19":"first","20":"instock","21":"purchasable","22":"product-type-simple"},"acf":[],"brands":[{"id":1149,"name":"Steris","slug":"equipo-medico-steris"}],"_links":{"self":[{"href":"https:\/\/www.somatechnology.com\/spanish\/wp-json\/wp\/v2\/product\/4908","targetHints":{"allow":["GET"]}}],"collection":[{"href":"https:\/\/www.somatechnology.com\/spanish\/wp-json\/wp\/v2\/product"}],"about":[{"href":"https:\/\/www.somatechnology.com\/spanish\/wp-json\/wp\/v2\/types\/product"}],"wp:featuredmedia":[{"embeddable":true,"href":"https:\/\/www.somatechnology.com\/spanish\/wp-json\/wp\/v2\/media\/31878"}],"wp:attachment":[{"href":"https:\/\/www.somatechnology.com\/spanish\/wp-json\/wp\/v2\/media?parent=4908"}],"wp:term":[{"taxonomy":"pwb-brand","embeddable":true,"href":"https:\/\/www.somatechnology.com\/spanish\/wp-json\/wp\/v2\/pwb-brand?post=4908"},{"taxonomy":"product_brand","embeddable":true,"href":"https:\/\/www.somatechnology.com\/spanish\/wp-json\/wp\/v2\/product_brand?post=4908"},{"taxonomy":"product_cat","embeddable":true,"href":"https:\/\/www.somatechnology.com\/spanish\/wp-json\/wp\/v2\/product_cat?post=4908"},{"taxonomy":"product_tag","embeddable":true,"href":"https:\/\/www.somatechnology.com\/spanish\/wp-json\/wp\/v2\/product_tag?post=4908"}],"curies":[{"name":"wp","href":"https:\/\/api.w.org\/{rel}","templated":true}]}}