{"id":4924,"date":"2016-07-19T21:43:45","date_gmt":"2016-07-19T21:43:45","guid":{"rendered":"http:\/\/equipomedicocentral.com\/wordpress\/product\/philips-bv-pulsera\/"},"modified":"2025-06-20T15:14:36","modified_gmt":"2025-06-20T19:14:36","slug":"philips-bv-pulsera","status":"publish","type":"product","link":"https:\/\/www.somatechnology.com\/spanish\/equipo-medico-usado-remanufacturado\/imagenologia-radiologia\/arcos-en-c\/philips-bv-pulsera\/","title":{"rendered":"Philips BV Pulsera"},"content":{"rendered":"<h2>CARACTER\u00cdSTICAS DE PHILIPS BV PULSERA<\/h2>\n<p>El <strong>Philips BV Pulsera<\/strong> es un sistema m\u00f3vil de im\u00e1genes de rayos X de m\u00faltiples aplicaciones para los procedimientos intervencionistas m\u00e1s exigentes en el tratamiento del dolor, cirug\u00edas generales, ortop\u00e9dicas, vasculares, neurovasculares y card\u00edacas. El BV Pulsera es un arco en C con un potente sistema de fluoroscopia y una c\u00e1mara CCD de alta resoluci\u00f3n, una calidad de imagen excepcional con una baja dosis de rayos X, im\u00e1genes n\u00edtidas y claras, y un poder de penetraci\u00f3n superior.<\/p>\n<h3>Visualizaci\u00f3n Clara<\/h3>\n<p>El Philips Pulsera cuenta con una amplia gama de protocolos de gesti\u00f3n de la radiaci\u00f3n que permiten una baja dosis de rayos X incluso durante procedimientos prolongados, sin dejar de ofrecer una excelente calidad de imagen. El Pulsera viene equipado con una tecnolog\u00eda \u00fanica que ayuda a mantener una visualizaci\u00f3n clara de la anatom\u00eda densa y la vasculatura compleja:<\/p>\n<ul>\n<li>La Exposici\u00f3n Pulsada de Alta Potencia visualiza la anatom\u00eda en r\u00e1pido movimiento con una calidad de imagen excepcional durante un tiempo pr\u00e1cticamente ilimitado.<\/li>\n<li>El Exclusivo Software BodySmart favorece la obtenci\u00f3n de im\u00e1genes correctas a la primera y la eficiencia de la dosis. Ofrece un contraste de imagen siempre excelente adaptando el campo de medici\u00f3n a la zona de inter\u00e9s.<\/li>\n<li>El Contraste y el Brillo Autom\u00e1ticos ofrecen un ajuste de contraste\/brillo al ROI con un solo toque para mejorar los detalles en tiempo real.<\/li>\n<li>La Fluoroscopia de Alta Definici\u00f3n proporciona un contraste total para las proyecciones m\u00e1s empinadas, como los ex\u00e1menes laterales de cadera.<\/li>\n<li>El Modo de Exposici\u00f3n Digital (Sharp Shot) permite tomar una sola imagen de alta calidad para archivar e imprimir.<\/li>\n<li>Ortho Plus aplica una potencia de rayos X adicional para visualizar regiones de inter\u00e9s dif\u00edciles con pacientes normales u obesos<\/li>\n<\/ul>\n","protected":false},"excerpt":{"rendered":"<p>El Philips BV Pulsera es un sistema m\u00f3vil de im\u00e1genes de rayos X de m\u00faltiples aplicaciones para los procedimientos intervencionistas m\u00e1s exigentes en el tratamiento del dolor, cirug\u00edas generales, ortop\u00e9dicas, vasculares, neurovasculares y card\u00edacas. El BV Pulsera es un arco en C con un potente sistema de fluoroscopia y una c\u00e1mara CCD de alta resoluci\u00f3n, una calidad de imagen excepcional con una baja dosis de rayos X, im\u00e1genes n\u00edtidas y claras, y un poder de penetraci\u00f3n superior.<\/p>\n","protected":false},"featured_media":11688,"template":"","meta":{"_acf_changed":false,"_relevanssi_hide_post":"","_relevanssi_hide_content":"","_relevanssi_pin_for_all":"","_relevanssi_pin_keywords":"","_relevanssi_unpin_keywords":"","_relevanssi_related_keywords":"","_relevanssi_related_include_ids":"","_relevanssi_related_exclude_ids":"","_relevanssi_related_no_append":"","_relevanssi_related_not_related":"","_relevanssi_related_posts":"","_relevanssi_noindex_reason":"","inline_featured_image":false},"pwb-brand":[1102],"product_brand":[],"product_cat":[66],"product_tag":[4008,4580,687,273,4579,686,684,4652,685],"class_list":{"0":"post-4924","1":"product","2":"type-product","3":"status-publish","4":"has-post-thumbnail","6":"pwb-brand-equipo-medico-philips","7":"product_cat-arcos-en-c","8":"product_tag-arcos-en-c","9":"product_tag-arcos-en-c-philips","10":"product_tag-bv-pulsera","11":"product_tag-philips","12":"product_tag-philips-arcos-en-c","13":"product_tag-philips-bv","14":"product_tag-philips-bv-pulsera","15":"product_tag-philips-bv-pulsera-arcos-en-c","16":"product_tag-philips-pulsera","18":"first","19":"instock","20":"featured","21":"purchasable","22":"product-type-simple"},"acf":[],"brands":[{"id":1102,"name":"Philips","slug":"equipo-medico-philips"}],"_links":{"self":[{"href":"https:\/\/www.somatechnology.com\/spanish\/wp-json\/wp\/v2\/product\/4924","targetHints":{"allow":["GET"]}}],"collection":[{"href":"https:\/\/www.somatechnology.com\/spanish\/wp-json\/wp\/v2\/product"}],"about":[{"href":"https:\/\/www.somatechnology.com\/spanish\/wp-json\/wp\/v2\/types\/product"}],"wp:featuredmedia":[{"embeddable":true,"href":"https:\/\/www.somatechnology.com\/spanish\/wp-json\/wp\/v2\/media\/11688"}],"wp:attachment":[{"href":"https:\/\/www.somatechnology.com\/spanish\/wp-json\/wp\/v2\/media?parent=4924"}],"wp:term":[{"taxonomy":"pwb-brand","embeddable":true,"href":"https:\/\/www.somatechnology.com\/spanish\/wp-json\/wp\/v2\/pwb-brand?post=4924"},{"taxonomy":"product_brand","embeddable":true,"href":"https:\/\/www.somatechnology.com\/spanish\/wp-json\/wp\/v2\/product_brand?post=4924"},{"taxonomy":"product_cat","embeddable":true,"href":"https:\/\/www.somatechnology.com\/spanish\/wp-json\/wp\/v2\/product_cat?post=4924"},{"taxonomy":"product_tag","embeddable":true,"href":"https:\/\/www.somatechnology.com\/spanish\/wp-json\/wp\/v2\/product_tag?post=4924"}],"curies":[{"name":"wp","href":"https:\/\/api.w.org\/{rel}","templated":true}]}}