{"id":4948,"date":"2016-07-19T21:44:40","date_gmt":"2016-07-19T21:44:40","guid":{"rendered":"http:\/\/equipomedicocentral.com\/wordpress\/product\/steris-amsco-eagle-1016\/"},"modified":"2025-06-26T10:39:12","modified_gmt":"2025-06-26T14:39:12","slug":"steris-amsco-eagle-1016","status":"publish","type":"product","link":"https:\/\/www.somatechnology.com\/spanish\/equipo-medico-usado-remanufacturado\/autoclaves-esterilizadores\/steris-amsco-eagle-1016\/","title":{"rendered":"Steris Amsco Eagle 1016"},"content":{"rendered":"<p>Steris Amsco Eagle 1016 Plus y Autoclaves de la m\u00e1s alta calidad a los mejores precios. Soma Technology es un l\u00edder en la venta de equipo m\u00e9dico! Soma Technology, Inc., es el l\u00edder en la industria de equipos m\u00e9dicos reconstruidos.<\/p>\n","protected":false},"excerpt":{"rendered":"<p>Steris Amsco Eagle 1016 Plus y Autoclaves de la m\u00e1s alta calidad a los mejores precios. Soma Technology es un l\u00edder en la venta de equipo m\u00e9dico! Soma Technology, Inc., es el l\u00edder en la industria de equipos m\u00e9dicos reconstruidos.<\/p>\n","protected":false},"featured_media":6047,"template":"","meta":{"_acf_changed":false,"_relevanssi_hide_post":"","_relevanssi_hide_content":"","_relevanssi_pin_for_all":"","_relevanssi_pin_keywords":"","_relevanssi_unpin_keywords":"","_relevanssi_related_keywords":"","_relevanssi_related_include_ids":"","_relevanssi_related_exclude_ids":"","_relevanssi_related_no_append":"","_relevanssi_related_not_related":"","_relevanssi_related_posts":"","_relevanssi_noindex_reason":"","inline_featured_image":false},"pwb-brand":[1149],"product_brand":[],"product_cat":[61],"product_tag":[544,5697,2383,543,554,5702,5698,5701,5699,5696],"class_list":{"0":"post-4948","1":"product","2":"type-product","3":"status-publish","4":"has-post-thumbnail","6":"pwb-brand-equipo-medico-steris","7":"product_cat-autoclaves-esterilizadores","8":"product_tag-amsco","9":"product_tag-amsco-autoclaves","10":"product_tag-autoclaves","11":"product_tag-steris","12":"product_tag-steris-amsco","13":"product_tag-steris-amsco-1016-autoclaves-esterilizadores","14":"product_tag-steris-amsco-autoclaves","15":"product_tag-steris-amsco-autoclaves-esterilizadores","16":"product_tag-steris-amsco-eagle-1016","17":"product_tag-steris-autoclaves","19":"first","20":"instock","21":"purchasable","22":"product-type-simple"},"acf":[],"brands":[{"id":1149,"name":"Steris","slug":"equipo-medico-steris"}],"_links":{"self":[{"href":"https:\/\/www.somatechnology.com\/spanish\/wp-json\/wp\/v2\/product\/4948","targetHints":{"allow":["GET"]}}],"collection":[{"href":"https:\/\/www.somatechnology.com\/spanish\/wp-json\/wp\/v2\/product"}],"about":[{"href":"https:\/\/www.somatechnology.com\/spanish\/wp-json\/wp\/v2\/types\/product"}],"wp:featuredmedia":[{"embeddable":true,"href":"https:\/\/www.somatechnology.com\/spanish\/wp-json\/wp\/v2\/media\/6047"}],"wp:attachment":[{"href":"https:\/\/www.somatechnology.com\/spanish\/wp-json\/wp\/v2\/media?parent=4948"}],"wp:term":[{"taxonomy":"pwb-brand","embeddable":true,"href":"https:\/\/www.somatechnology.com\/spanish\/wp-json\/wp\/v2\/pwb-brand?post=4948"},{"taxonomy":"product_brand","embeddable":true,"href":"https:\/\/www.somatechnology.com\/spanish\/wp-json\/wp\/v2\/product_brand?post=4948"},{"taxonomy":"product_cat","embeddable":true,"href":"https:\/\/www.somatechnology.com\/spanish\/wp-json\/wp\/v2\/product_cat?post=4948"},{"taxonomy":"product_tag","embeddable":true,"href":"https:\/\/www.somatechnology.com\/spanish\/wp-json\/wp\/v2\/product_tag?post=4948"}],"curies":[{"name":"wp","href":"https:\/\/api.w.org\/{rel}","templated":true}]}}