{"id":4963,"date":"2016-07-19T21:45:28","date_gmt":"2016-07-19T21:45:28","guid":{"rendered":"http:\/\/equipomedicocentral.com\/wordpress\/product\/swc-72-swc-72g\/"},"modified":"2025-12-11T04:31:06","modified_gmt":"2025-12-11T09:31:06","slug":"axia-swc-72g","status":"publish","type":"product","link":"https:\/\/www.somatechnology.com\/spanish\/equipo-medico-usado-remanufacturado\/calentador-de-mantas\/axia-swc-72g\/","title":{"rendered":"Axia SWC 72G"},"content":{"rendered":"<div class=\"wpb-content-wrapper\"><p>[vc_row][vc_column][vc_column_text css=\u00bb\u00bb]<\/p>\n<h2>Axia SWC 72<\/h2>\n<p>El calentador de manta de tama\u00f1o completo Axia SWC 72 est\u00e1 equipado con operaci\u00f3n digital con bot\u00f3n pulsador, pantalla digital grande y c\u00e1maras de calefacci\u00f3n separadas controladas digitalmente. Este calentador de manta de tama\u00f1o completo est\u00e1 completamente aislado y presenta un calentamiento uniforme entre ambas c\u00e1maras. Este gabinete de calentamiento funciona r\u00e1pidamente con un tiempo de calentamiento de 2 a 6 horas dependiendo de la carga.<\/p>\n<ul>\n<li>Bloqueo de temperatura del teclado<\/li>\n<li>Operaci\u00f3n digital con bot\u00f3n pulsador<\/li>\n<li>Grandes pantallas digitales duales<\/li>\n<li>Muestra la temperatura real y el punto de ajuste en todo momento<\/li>\n<li>C\u00e1maras de calefacci\u00f3n separadas controladas digitalmente<\/li>\n<li>Tiempo de calentamiento r\u00e1pido (2-6 horas dependiendo de la carga)<\/li>\n<li>Calentamiento uniforme<\/li>\n<li>Totalmente aislado<\/li>\n<li>Alarma por sobretemperatura sonora y visual<\/li>\n<li>L.\/C.U.L. aprobado<\/li>\n<li>Registrado por la FDA<\/li>\n<li>Pre-aprobaci\u00f3n de OSHPD<\/li>\n<\/ul>\n<h3>Tama\u00f1o<\/h3>\n<ul>\n<li>30 \u00abAn. X 26.5\u00bb P x 74.5 \u00abT<\/li>\n<li>2 estantes ajustables<\/li>\n<li>2 estantes fijos<\/li>\n<\/ul>\n<h3>C\u00e1mara<\/h3>\n<ul>\n<li>26 \u00abAn. X 23\u00bb P x 61 \u00abT<\/li>\n<li>21 pies c\u00fabicos de almacenamiento<\/li>\n<li>Rango de temperatura: 90-160 F.<\/li>\n<li>Precisi\u00f3n: +\/- 3 grados F. del punto de ajuste<\/li>\n<\/ul>\n<h3>Voltaje<\/h3>\n<ul>\n<li>120 V, 7,5 amp., 50\/60 Hz<\/li>\n<li>0.53 kw \/ h, 1810 btu \/ hora<\/li>\n<li>Lista UL \/ CUL<\/li>\n<li>Registrado por la FDA<\/li>\n<\/ul>\n<p>[\/vc_column_text][\/vc_column][\/vc_row]<\/p>\n<\/div>","protected":false},"excerpt":{"rendered":"<p>Full Size Calentador de Mantas<\/p>\n","protected":false},"featured_media":7830,"template":"","meta":{"_acf_changed":false,"_relevanssi_hide_post":"","_relevanssi_hide_content":"","_relevanssi_pin_for_all":"","_relevanssi_pin_keywords":"","_relevanssi_unpin_keywords":"","_relevanssi_related_keywords":"","_relevanssi_related_include_ids":"","_relevanssi_related_exclude_ids":"","_relevanssi_related_no_append":"","_relevanssi_related_not_related":"","_relevanssi_related_posts":"","_relevanssi_noindex_reason":"","inline_featured_image":false},"pwb-brand":[1098],"product_brand":[],"product_cat":[83,7029],"product_tag":[361,363,362,191,333,355,358,357,320,332,337,334,356,360,359],"class_list":{"0":"post-4963","1":"product","2":"type-product","3":"status-publish","4":"has-post-thumbnail","6":"pwb-brand-equipo-medico-axia","7":"product_cat-calentador-de-mantas","8":"product_cat-calentadores","9":"product_tag-361","10":"product_tag-72-g","11":"product_tag-72g","12":"product_tag-axia","13":"product_tag-axia-swc","14":"product_tag-axia-swc-72","15":"product_tag-axia-swc-72-g","16":"product_tag-axia-swc-72g","17":"product_tag-blanket-warmer","18":"product_tag-calentador","19":"product_tag-calentador-de-mantas","20":"product_tag-swc","21":"product_tag-swc-72","22":"product_tag-swc-72-g","23":"product_tag-swc-72g","25":"first","26":"instock","27":"purchasable","28":"product-type-simple"},"acf":[],"brands":[{"id":1098,"name":"Axia","slug":"equipo-medico-axia"}],"_links":{"self":[{"href":"https:\/\/www.somatechnology.com\/spanish\/wp-json\/wp\/v2\/product\/4963","targetHints":{"allow":["GET"]}}],"collection":[{"href":"https:\/\/www.somatechnology.com\/spanish\/wp-json\/wp\/v2\/product"}],"about":[{"href":"https:\/\/www.somatechnology.com\/spanish\/wp-json\/wp\/v2\/types\/product"}],"wp:featuredmedia":[{"embeddable":true,"href":"https:\/\/www.somatechnology.com\/spanish\/wp-json\/wp\/v2\/media\/7830"}],"wp:attachment":[{"href":"https:\/\/www.somatechnology.com\/spanish\/wp-json\/wp\/v2\/media?parent=4963"}],"wp:term":[{"taxonomy":"pwb-brand","embeddable":true,"href":"https:\/\/www.somatechnology.com\/spanish\/wp-json\/wp\/v2\/pwb-brand?post=4963"},{"taxonomy":"product_brand","embeddable":true,"href":"https:\/\/www.somatechnology.com\/spanish\/wp-json\/wp\/v2\/product_brand?post=4963"},{"taxonomy":"product_cat","embeddable":true,"href":"https:\/\/www.somatechnology.com\/spanish\/wp-json\/wp\/v2\/product_cat?post=4963"},{"taxonomy":"product_tag","embeddable":true,"href":"https:\/\/www.somatechnology.com\/spanish\/wp-json\/wp\/v2\/product_tag?post=4963"}],"curies":[{"name":"wp","href":"https:\/\/api.w.org\/{rel}","templated":true}]}}