{"id":4966,"date":"2016-07-19T21:45:28","date_gmt":"2016-07-19T21:45:28","guid":{"rendered":"http:\/\/equipomedicocentral.com\/wordpress\/product\/mallinckrodt-warmtouch-5100\/"},"modified":"2025-12-11T02:29:28","modified_gmt":"2025-12-11T07:29:28","slug":"mallinckrodt-warm-touch-5200","status":"publish","type":"product","link":"https:\/\/www.somatechnology.com\/spanish\/equipo-medico-usado-remanufacturado\/calentadores-de-pacientes\/mallinckrodt-warm-touch-5200\/","title":{"rendered":"Mallinckrodt Warm Touch 5200"},"content":{"rendered":"<div class=\"wpb-content-wrapper\"><p>[vc_row][vc_column][vc_column_text css=\u00bb\u00bb]<\/p>\n<h2><strong>Mallinckrodt Warm Touch 5200<\/strong><\/h2>\n<p>El Mallinckrodt WarmTouch 5200 se utiliza para la prevenci\u00f3n y \/ o el tratamiento de la hipotermia. El aire se transita a trav\u00e9s de una manguera reforzada con alambre conectada al sistema de calentamiento. Esto, a su vez, permite que el sistema de calentamiento cubra al paciente con aire caliente y transfiera calor activamente a trav\u00e9s de la piel. Uso previsto con una variedad de Warming Blankets para proporcionar calidez cl\u00ednica al paciente antes, durante y despu\u00e9s de la cirug\u00eda.<\/p>\n<ul>\n<li>La reducci\u00f3n autom\u00e1tica de la temperatura y la desconexi\u00f3n autom\u00e1tica aseguran la seguridad del paciente<\/li>\n<li>La tasa de flujo de aire m\u00e1s alta de cualquier sistema de calentamiento por convecci\u00f3n (55CFM).<\/li>\n<li>Calentamiento r\u00e1pido (38 C en 30 segundos)<\/li>\n<li>Superficie lisa y duradera permite una limpieza f\u00e1cil.<\/li>\n<li>La operaci\u00f3n silenciosa no interfiere con la conversaci\u00f3n normal<\/li>\n<li>Medidor de horas digital colocado en el frente para una f\u00e1cil referencia<\/li>\n<li>La manguera plegable se almacena de forma segura fuera del camino<\/li>\n<\/ul>\n<h3>Dimensiones<\/h3>\n<ul>\n<li>Tama\u00f1o: 38 cm x 41 cm x 28 cm | 15 \u00abx 16\u00bb x 11 \u00ab<\/li>\n<li>Peso: 6.8 kgs | 15 libras<\/li>\n<\/ul>\n<h3>Voltaje<\/h3>\n<ul>\n<li>120 VAC, 50-60 Hz, 10 A<\/li>\n<\/ul>\n<h3>Reducci\u00f3n de temperatura autom\u00e1tico<\/h3>\n<ul>\n<li>After 45 minutes of continuous use.<\/li>\n<\/ul>\n<h3>Cable de alimentaci\u00f3n el\u00e9ctrica<\/h3>\n<ul>\n<li>26 m | 14 ft.<\/li>\n<\/ul>\n<h3>Protecci\u00f3n T\u00e9rmica<\/h3>\n<p>Termostato (interno) 57 C | 135 F<\/p>\n<h3>Rango de temperatura de funcionamiento ambiente del soplador<\/h3>\n<ul>\n<li>18 C \u2013 28 C | 64.4 F \u2013 82.4 F<\/li>\n<\/ul>\n<h3>Protecci\u00f3n contra el filtraci\u00f3 de fluidos<\/h3>\n<ul>\n<li>IEC 60601-1, sub-clause 44.6 for class IPXO<\/li>\n<\/ul>\n<p>[\/vc_column_text][\/vc_column][\/vc_row]<\/p>\n<\/div>","protected":false},"excerpt":{"rendered":"<p>Unidad de Calentamiento de Paciente<\/p>\n","protected":false},"featured_media":7842,"template":"","meta":{"_acf_changed":false,"_relevanssi_hide_post":"","_relevanssi_hide_content":"","_relevanssi_pin_for_all":"","_relevanssi_pin_keywords":"","_relevanssi_unpin_keywords":"","_relevanssi_related_keywords":"","_relevanssi_related_include_ids":"","_relevanssi_related_exclude_ids":"","_relevanssi_related_no_append":"","_relevanssi_related_not_related":"","_relevanssi_related_posts":"","_relevanssi_noindex_reason":"","inline_featured_image":false},"pwb-brand":[1165],"product_brand":[],"product_cat":[7028,7029],"product_tag":[399,332,337,394,400,395,398,396,364,397],"class_list":{"0":"post-4966","1":"product","2":"type-product","3":"status-publish","4":"has-post-thumbnail","6":"pwb-brand-calentador-de-mantas-mallinckrodt","7":"product_cat-calentadores-de-pacientes","8":"product_cat-calentadores","9":"product_tag-399","10":"product_tag-calentador","11":"product_tag-calentador-de-mantas","12":"product_tag-mallinckrodt","13":"product_tag-mallinckrodt-5200","14":"product_tag-mallinckrodt-warm-touch","15":"product_tag-mallinckrodt-warm-touch-5200","16":"product_tag-mallinckrodt-warmtouch","17":"product_tag-patient-warmer","18":"product_tag-warm-touch","20":"first","21":"instock","22":"purchasable","23":"product-type-simple"},"acf":[],"brands":[{"id":1165,"name":"Mallinckrodt","slug":"calentador-de-mantas-mallinckrodt"}],"_links":{"self":[{"href":"https:\/\/www.somatechnology.com\/spanish\/wp-json\/wp\/v2\/product\/4966","targetHints":{"allow":["GET"]}}],"collection":[{"href":"https:\/\/www.somatechnology.com\/spanish\/wp-json\/wp\/v2\/product"}],"about":[{"href":"https:\/\/www.somatechnology.com\/spanish\/wp-json\/wp\/v2\/types\/product"}],"wp:featuredmedia":[{"embeddable":true,"href":"https:\/\/www.somatechnology.com\/spanish\/wp-json\/wp\/v2\/media\/7842"}],"wp:attachment":[{"href":"https:\/\/www.somatechnology.com\/spanish\/wp-json\/wp\/v2\/media?parent=4966"}],"wp:term":[{"taxonomy":"pwb-brand","embeddable":true,"href":"https:\/\/www.somatechnology.com\/spanish\/wp-json\/wp\/v2\/pwb-brand?post=4966"},{"taxonomy":"product_brand","embeddable":true,"href":"https:\/\/www.somatechnology.com\/spanish\/wp-json\/wp\/v2\/product_brand?post=4966"},{"taxonomy":"product_cat","embeddable":true,"href":"https:\/\/www.somatechnology.com\/spanish\/wp-json\/wp\/v2\/product_cat?post=4966"},{"taxonomy":"product_tag","embeddable":true,"href":"https:\/\/www.somatechnology.com\/spanish\/wp-json\/wp\/v2\/product_tag?post=4966"}],"curies":[{"name":"wp","href":"https:\/\/api.w.org\/{rel}","templated":true}]}}