{"id":4978,"date":"2016-07-19T21:46:18","date_gmt":"2016-07-19T21:46:18","guid":{"rendered":"http:\/\/equipomedicocentral.com\/wordpress\/product\/bair-hugger-500or\/"},"modified":"2025-12-11T02:02:15","modified_gmt":"2025-12-11T07:02:15","slug":"bair-hugger-500-or","status":"publish","type":"product","link":"https:\/\/www.somatechnology.com\/spanish\/equipo-medico-usado-remanufacturado\/calentadores-de-pacientes\/bair-hugger-500-or\/","title":{"rendered":"Bair Hugger 500 OR"},"content":{"rendered":"<div class=\"wpb-content-wrapper\"><p>[vc_row][vc_column][vc_column_text css=\u00bb\u00bb]<\/p>\n<h2>Bair Hugger 500 OR<\/h2>\n<p>Las unidades de terapia de administraci\u00f3n de temperatura Bair Hugger se han convertido en el est\u00e1ndar de excelencia en el calentamiento de aire forzado. El modelo 500 \/ OR de Bair Hugger proporciona un calentamiento seguro, silencioso y efectivo para pacientes de todo el mundo. Las unidades de administraci\u00f3n de temperatura son los \u00daNICOS sistemas de calentamiento de aire forzado que se pueden usar con un m\u00e9todo integrado y rentable de calentamiento de fluidos.<\/p>\n<ul>\n<li>Tama\u00f1o peque\u00f1o libera espacio de trabajo m\u00e1s utilizable<\/li>\n<li>El peso ligero facilita el transporte y la configuraci\u00f3n<\/li>\n<li>Independiente o se puede unir f\u00e1cilmente a un portasueros, una barandilla de la cama o un carro rodante opcional<\/li>\n<li>El medidor de horas incorporado facilita el control del uso para el mantenimiento preventivo<\/li>\n<li>La manguera de ajuste r\u00e1pido se gira en tres puntos para una f\u00e1cil colocaci\u00f3n y colocaci\u00f3n de la mantilla<\/li>\n<\/ul>\n<h3>Dimensiones<\/h3>\n<ul>\n<li>Tama\u00f1o: 24 \u00abde alto x 16\u00bb de profundidad x 14 \u00abde ancho | 61H x 41D x 36W cm<\/li>\n<li>Peso: 43 lb | 19.5 kg<\/li>\n<\/ul>\n<h3>Nivel de Ruido<\/h3>\n<ul>\n<li>52 decibels<\/li>\n<\/ul>\n<h3>Manguera<\/h3>\n<ul>\n<li>Desmontable, flexible<\/li>\n<\/ul>\n<h3>Sistema de Filtraci\u00f3n<\/h3>\n<ul>\n<li>Niveles 0.2M<\/li>\n<\/ul>\n<h3>Cambio de Filtro Recomendado<\/h3>\n<ul>\n<li>Cada 6 meses o 500 horas de uso<\/li>\n<\/ul>\n<p>[\/vc_column_text][\/vc_column][\/vc_row]<\/p>\n<\/div>","protected":false},"excerpt":{"rendered":"<p>Unidad de Calentamiento de Paciente<\/p>\n","protected":false},"featured_media":7833,"template":"","meta":{"_acf_changed":false,"_relevanssi_hide_post":"","_relevanssi_hide_content":"","_relevanssi_pin_for_all":"","_relevanssi_pin_keywords":"","_relevanssi_unpin_keywords":"","_relevanssi_related_keywords":"","_relevanssi_related_include_ids":"","_relevanssi_related_exclude_ids":"","_relevanssi_related_no_append":"","_relevanssi_related_not_related":"","_relevanssi_related_posts":"","_relevanssi_noindex_reason":"","inline_featured_image":false},"pwb-brand":[1163],"product_brand":[],"product_cat":[7028],"product_tag":[369,375,376,365,366,367,370,371,332,337,372,368,374,373,364],"class_list":{"0":"post-4978","1":"product","2":"type-product","3":"status-publish","4":"has-post-thumbnail","6":"pwb-brand-calentadores-bair-hugger","7":"product_cat-calentadores-de-pacientes","8":"product_tag-369","9":"product_tag-500-or","10":"product_tag-500or","11":"product_tag-bair","12":"product_tag-bair-hugger","13":"product_tag-bair-hugger-500","14":"product_tag-bair-hugger-500-or","15":"product_tag-bair-hugger-500or","16":"product_tag-calentador","17":"product_tag-calentador-de-mantas","18":"product_tag-hugger","19":"product_tag-hugger-500","20":"product_tag-hugger-500-or","21":"product_tag-hugger-500or","22":"product_tag-patient-warmer","24":"first","25":"instock","26":"purchasable","27":"product-type-simple"},"acf":[],"brands":[{"id":1163,"name":"Bair Hugger","slug":"calentadores-bair-hugger"}],"_links":{"self":[{"href":"https:\/\/www.somatechnology.com\/spanish\/wp-json\/wp\/v2\/product\/4978","targetHints":{"allow":["GET"]}}],"collection":[{"href":"https:\/\/www.somatechnology.com\/spanish\/wp-json\/wp\/v2\/product"}],"about":[{"href":"https:\/\/www.somatechnology.com\/spanish\/wp-json\/wp\/v2\/types\/product"}],"wp:featuredmedia":[{"embeddable":true,"href":"https:\/\/www.somatechnology.com\/spanish\/wp-json\/wp\/v2\/media\/7833"}],"wp:attachment":[{"href":"https:\/\/www.somatechnology.com\/spanish\/wp-json\/wp\/v2\/media?parent=4978"}],"wp:term":[{"taxonomy":"pwb-brand","embeddable":true,"href":"https:\/\/www.somatechnology.com\/spanish\/wp-json\/wp\/v2\/pwb-brand?post=4978"},{"taxonomy":"product_brand","embeddable":true,"href":"https:\/\/www.somatechnology.com\/spanish\/wp-json\/wp\/v2\/product_brand?post=4978"},{"taxonomy":"product_cat","embeddable":true,"href":"https:\/\/www.somatechnology.com\/spanish\/wp-json\/wp\/v2\/product_cat?post=4978"},{"taxonomy":"product_tag","embeddable":true,"href":"https:\/\/www.somatechnology.com\/spanish\/wp-json\/wp\/v2\/product_tag?post=4978"}],"curies":[{"name":"wp","href":"https:\/\/api.w.org\/{rel}","templated":true}]}}