{"id":4982,"date":"2016-07-19T21:46:18","date_gmt":"2016-07-19T21:46:18","guid":{"rendered":"http:\/\/equipomedicocentral.com\/wordpress\/product\/burdick-eclipse-800n\/"},"modified":"2023-08-23T06:17:43","modified_gmt":"2023-08-23T10:17:43","slug":"burdick-eclipse-800n","status":"publish","type":"product","link":"https:\/\/www.somatechnology.com\/spanish\/equipo-medico-usado-remanufacturado\/cardiologia\/ekg-interpretativo-y-no-interpretativo\/burdick-eclipse-800n\/","title":{"rendered":"Burdick Eclipse 800"},"content":{"rendered":"<h2>Caracter\u00edsticas del\u00a0Burdick Eclipse 800<\/h2>\n<p>Cuando se trata de rendimiento bien construido, duradero, superior, no busque m\u00e1s all\u00e1 de la <strong>Burdick Eclipse 800 EKG<\/strong>. Esta m\u00e1quina de EKG es un portable, Internet y cl\u00e1sico sistema-compatible; exacto y confiable en la oficina, la cl\u00ednica, y el ajuste del hospital. Las m\u00e1quinas de Burdick EKG se consideran el est\u00e1ndar de la industria debido a m\u00e1s de 50 a\u00f1os de servicio de la calidad.<\/p>\n<p>&nbsp;<\/p>\n","protected":false},"excerpt":{"rendered":"<p>Electrocardi\u00f3grafo (EKG)<\/p>\n","protected":false},"featured_media":11917,"template":"","meta":{"_acf_changed":false,"_relevanssi_hide_post":"","_relevanssi_hide_content":"","_relevanssi_pin_for_all":"","_relevanssi_pin_keywords":"","_relevanssi_unpin_keywords":"","_relevanssi_related_keywords":"","_relevanssi_related_include_ids":"","_relevanssi_related_exclude_ids":"","_relevanssi_related_no_append":"","_relevanssi_related_not_related":"","_relevanssi_related_posts":"","_relevanssi_noindex_reason":"","inline_featured_image":false},"pwb-brand":[1099],"product_brand":[],"product_cat":[49],"product_tag":[4793,4792,4783,4782,4784],"class_list":{"0":"post-4982","1":"product","2":"type-product","3":"status-publish","4":"has-post-thumbnail","6":"pwb-brand-equipo-medico-burdick","7":"product_cat-ekg-interpretativo-y-no-interpretativo","8":"product_tag-burdick-eclipse-800","9":"product_tag-burdick-eclipse-800-electrocardiografos","10":"product_tag-burdick-electrocardiografos","11":"product_tag-electrocardiografos","12":"product_tag-electrocardiografos-burdick","14":"first","15":"instock","16":"purchasable","17":"product-type-simple"},"acf":[],"brands":[{"id":1099,"name":"Burdick","slug":"equipo-medico-burdick"}],"_links":{"self":[{"href":"https:\/\/www.somatechnology.com\/spanish\/wp-json\/wp\/v2\/product\/4982","targetHints":{"allow":["GET"]}}],"collection":[{"href":"https:\/\/www.somatechnology.com\/spanish\/wp-json\/wp\/v2\/product"}],"about":[{"href":"https:\/\/www.somatechnology.com\/spanish\/wp-json\/wp\/v2\/types\/product"}],"wp:featuredmedia":[{"embeddable":true,"href":"https:\/\/www.somatechnology.com\/spanish\/wp-json\/wp\/v2\/media\/11917"}],"wp:attachment":[{"href":"https:\/\/www.somatechnology.com\/spanish\/wp-json\/wp\/v2\/media?parent=4982"}],"wp:term":[{"taxonomy":"pwb-brand","embeddable":true,"href":"https:\/\/www.somatechnology.com\/spanish\/wp-json\/wp\/v2\/pwb-brand?post=4982"},{"taxonomy":"product_brand","embeddable":true,"href":"https:\/\/www.somatechnology.com\/spanish\/wp-json\/wp\/v2\/product_brand?post=4982"},{"taxonomy":"product_cat","embeddable":true,"href":"https:\/\/www.somatechnology.com\/spanish\/wp-json\/wp\/v2\/product_cat?post=4982"},{"taxonomy":"product_tag","embeddable":true,"href":"https:\/\/www.somatechnology.com\/spanish\/wp-json\/wp\/v2\/product_tag?post=4982"}],"curies":[{"name":"wp","href":"https:\/\/api.w.org\/{rel}","templated":true}]}}