{"id":4983,"date":"2016-07-19T21:46:18","date_gmt":"2016-07-19T21:46:18","guid":{"rendered":"http:\/\/equipomedicocentral.com\/wordpress\/product\/conmed-system-2450\/"},"modified":"2023-08-23T06:17:44","modified_gmt":"2023-08-23T10:17:44","slug":"conmed-system-2450","status":"publish","type":"product","link":"https:\/\/www.somatechnology.com\/spanish\/equipo-medico-usado-remanufacturado\/unidades-electroquirurgicas-electrobisturis\/conmed-system-2450\/","title":{"rendered":"Conmed System 2450"},"content":{"rendered":"<h2>Caracter\u00edsticas del\u00a0Conmed System 2450<\/h2>\n<p>Simple pero sofisticado describe perfectamente <strong>el sistema 2450<\/strong> &#x2122;, el generador electroquir\u00fargico de Conmed. Proporcionando una tecnolog\u00eda de vanguardia en un formato f\u00e1cil de usar, el sistema 2450 &#x2122; es simple en el exterior, pero sofisticado y potente en el interior. La tecnolog\u00eda de respuesta din\u00e1mica de Conmed ofrece efectos cl\u00ednicos \u00f3ptimos en todos los modos a trav\u00e9s de la sincronizaci\u00f3n continua de voltaje y corriente. Los cirujanos pueden elegir entre los siguientes modos para lograr el efecto cl\u00ednico deseado.<\/p>\n<ul>\n<li>Tecnolog\u00eda din\u00e1mica de la respuesta: el dise\u00f1o m\u00e1s avanzado del generador disponible<\/li>\n<li>Monitoreo continuo de la seguridad del brazo<\/li>\n<li>La programaci\u00f3n autom\u00e1tica restablece el sistema 2450 a los \u00faltimos ajustes utilizados<\/li>\n<li>Un jack de combinaci\u00f3n de interruptor de mano\/pedal y un jack de interruptor manual independiente permite conexiones m\u00faltiples de accesorios<\/li>\n<li>Conector de pedal estilo Bovie incorporado en el interruptor de mano monopolar\/Jack de pedal<\/li>\n<li>Un puerto de interfaz serie permite comunicaciones avanzadas entre el sistema 2450 y sistemas quir\u00fargicos rob\u00f3ticos compatibles o sistemas de integraci\u00f3n de quir\u00f3fano.<\/li>\n<li>Interfaz integrada para la activaci\u00f3n de un evacuador de humos<\/li>\n<li>Control de volumen del panel frontal<\/li>\n<\/ul>\n<h2>Especificaciones del\u00a0Conmed System 2450<\/h2>\n<h3>Dimensiones<\/h3>\n<ul>\n<li>Dimensiones: H7\u201d(17.8cm) x W 14.4\u201d (36.6cm) x D 21.5\u201d (54.6cm)<\/li>\n<li>Peso: 32lbs (14.5kg)<\/li>\n<\/ul>\n<h3>Voltages<\/h3>\n<ul>\n<li>Salida de energ\u00eda \u2013 modo de corte: 1100V<\/li>\n<li>Salida de energ\u00eda \u2013 modo de mezcla: 1200V<\/li>\n<li>Salida de energ\u00eda \u2013 modo de coagulaci\u00f3n: 3200V<\/li>\n<li>Salida de energ\u00eda \u2013 modo fulguraci\u00f3n: 5000V<\/li>\n<li>Salida de energ\u00eda \u2013 modo bipolar: micro-150V, macro \u2013 560V<\/li>\n<\/ul>\n<h3>Informaci\u00f3n General<\/h3>\n<ul>\n<li>Sistema de control de salida: respuesta din\u00e1mica<\/li>\n<li>Memoria de configuraci\u00f3n anterior: s\u00ed<\/li>\n<li>Sistema de monitoreo de calidad de contacto (CQM): ARM<\/li>\n<li>Gama de CQM: 10-150 ohmios<\/li>\n<li>Auto-diagn\u00f3stico: s\u00ed<\/li>\n<li>Tecnolog\u00eda: salida aislada del RF<\/li>\n<li>Ciclo de deber: 15 segundos encendido, 30 segundos apagado<\/li>\n<li>Configuraciones de salida: tecnolog\u00eda de respuesta din\u00e1mica<\/li>\n<li>M\u00e9todo de enfriamiento: convecci\u00f3n<\/li>\n<\/ul>\n","protected":false},"excerpt":{"rendered":"<p>Electrobisturis<\/p>\n","protected":false},"featured_media":12076,"template":"","meta":{"_acf_changed":false,"_relevanssi_hide_post":"","_relevanssi_hide_content":"","_relevanssi_pin_for_all":"","_relevanssi_pin_keywords":"","_relevanssi_unpin_keywords":"","_relevanssi_related_keywords":"","_relevanssi_related_include_ids":"","_relevanssi_related_exclude_ids":"","_relevanssi_related_no_append":"","_relevanssi_related_not_related":"","_relevanssi_related_posts":"","_relevanssi_noindex_reason":"","inline_featured_image":false},"pwb-brand":[1168],"product_brand":[],"product_cat":[76],"product_tag":[1528,4904,1553,1845,4931,1896],"class_list":{"0":"post-4983","1":"product","2":"type-product","3":"status-publish","4":"has-post-thumbnail","6":"pwb-brand-electrobisturis-conmed","7":"product_cat-unidades-electroquirurgicas-electrobisturis","8":"product_tag-conmed","9":"product_tag-conmed-electrobisturis","10":"product_tag-conmed-system","11":"product_tag-conmed-system-2450","12":"product_tag-conmed-system-2450-electrobisturis","13":"product_tag-electrobisturis","15":"first","16":"instock","17":"purchasable","18":"product-type-simple"},"acf":[],"brands":[{"id":1168,"name":"Conmed","slug":"electrobisturis-conmed"}],"_links":{"self":[{"href":"https:\/\/www.somatechnology.com\/spanish\/wp-json\/wp\/v2\/product\/4983","targetHints":{"allow":["GET"]}}],"collection":[{"href":"https:\/\/www.somatechnology.com\/spanish\/wp-json\/wp\/v2\/product"}],"about":[{"href":"https:\/\/www.somatechnology.com\/spanish\/wp-json\/wp\/v2\/types\/product"}],"wp:featuredmedia":[{"embeddable":true,"href":"https:\/\/www.somatechnology.com\/spanish\/wp-json\/wp\/v2\/media\/12076"}],"wp:attachment":[{"href":"https:\/\/www.somatechnology.com\/spanish\/wp-json\/wp\/v2\/media?parent=4983"}],"wp:term":[{"taxonomy":"pwb-brand","embeddable":true,"href":"https:\/\/www.somatechnology.com\/spanish\/wp-json\/wp\/v2\/pwb-brand?post=4983"},{"taxonomy":"product_brand","embeddable":true,"href":"https:\/\/www.somatechnology.com\/spanish\/wp-json\/wp\/v2\/product_brand?post=4983"},{"taxonomy":"product_cat","embeddable":true,"href":"https:\/\/www.somatechnology.com\/spanish\/wp-json\/wp\/v2\/product_cat?post=4983"},{"taxonomy":"product_tag","embeddable":true,"href":"https:\/\/www.somatechnology.com\/spanish\/wp-json\/wp\/v2\/product_tag?post=4983"}],"curies":[{"name":"wp","href":"https:\/\/api.w.org\/{rel}","templated":true}]}}