{"id":4988,"date":"2016-07-19T21:46:18","date_gmt":"2016-07-19T21:46:18","guid":{"rendered":"http:\/\/equipomedicocentral.com\/wordpress\/product\/conmed-system-7500\/"},"modified":"2023-08-23T06:17:45","modified_gmt":"2023-08-23T10:17:45","slug":"conmed-system-7500","status":"publish","type":"product","link":"https:\/\/www.somatechnology.com\/spanish\/equipo-medico-usado-remanufacturado\/unidades-electroquirurgicas-electrobisturis\/conmed-system-7500\/","title":{"rendered":"Conmed System 7500"},"content":{"rendered":"<h2>Caracter\u00edsticas del Conmed System 7500<\/h2>\n<p><strong>Sistema 7550 &#x2122;<\/strong> ABC \u00ae el sistema 7550 &#x2122; con tecnolog\u00eda ABC \u00ae permite a los m\u00e9dicos llevar el arte de la cirug\u00eda a nuevos niveles. Usando este generador electroquir\u00fargico lleno-accionado que ofrece la coagulaci\u00f3n de la viga del arg\u00f3n, los cirujanos pueden alcanzar el hemostasis r\u00e1pido dando por resultado:<\/p>\n<ul>\n<li>P\u00e9rdida sangu\u00ednea reducida<\/li>\n<li>Reducci\u00f3n del tiempo quir\u00fargico<\/li>\n<li>Plumas quir\u00fargicas reducidas<\/li>\n<\/ul>\n<p>Debido a sus capacidades de gran alcance, los cirujanos prefieren este generador electroquir\u00fargico en un n\u00famero de procedimientos incluyendo abierto, la laparoscopia, y la gastroenterolog\u00eda.<\/p>\n<ul>\n<li>Control remoto de potencia<\/li>\n<li>Corte del pulso<\/li>\n<li>Modos de especialidad programables<\/li>\n<li>Caracter\u00edsticas cautelares de seguridad del paciente<\/li>\n<\/ul>\n<h2>Especificaciones del Conmed System 7500<\/h2>\n<h3>Dimensiones<\/h3>\n<ul>\n<li>Dimensiones (HxWxD), cm (en) (antec\u00e1mara): 104,1 x 61 x 63,5 (41 x 24 x 25)<\/li>\n<li>Peso, kilogramo (libra) (exhibici\u00f3n): 49,9 (109,8)<\/li>\n<\/ul>\n<h3>Potencia de salida<\/h3>\n<ul>\n<li>Velocidad de W @ Flow: 2-5.5 l\/min (de potencia de salida): 10 a 39 (1-5 l\/min)<\/li>\n<li>6-10 l\/min (de potencia de salida): 40 a 150<\/li>\n<li>Tarifa de W @ Flow: 4-8 l\/min (salida POPowerWER): 40 a 59 (2-8 l\/min) 1<\/li>\n<li>l\/min (de potencia de salida): 80 a 150 tambi\u00e9n 10 a 39 W @ 0.5-4 l\/min.<\/li>\n<li>Puesto desde (exhibici\u00f3n de los gr\u00e1ficos): 1999<\/li>\n<li>Formato (longitud de onda, nm): consola<\/li>\n<\/ul>\n<h3>Condiciones de funcionamiento<\/h3>\n<ul>\n<li>Gama de temperaturas, a\/C (agitador): 10 a 30<\/li>\n<li>Rango de humedad,% (condiciones de funcionamiento): 10 a 90<\/li>\n<li>Energ\u00eda necesaria, VAC (energ\u00eda): 108<\/li>\n<li>Corriente, a: 12 m\u00e1ximos<\/li>\n<li>Vatios (generador): 600 m\u00e1ximos<\/li>\n<\/ul>\n<h3>Condiciones de almacenamiento<\/h3>\n<ul>\n<li>Gama de temperaturas, a\/C (agitador):-40 a + 70<\/li>\n<li>Gama de la humedad,% (condiciones de funcionamiento): 5 a 95<\/li>\n<\/ul>\n<h3>Configuraci\u00f3n de Alertas<\/h3>\n<ul>\n<li>Volumen audio, dB (alertas): 65 m\u00ednimo<\/li>\n<\/ul>\n<h3>Sistema de Gas Arg\u00f3n<\/h3>\n<ul>\n<li>Gama del flujo, l\/min (sistema de gas del arg\u00f3n): 0.1<\/li>\n<li>Tama\u00f1o del poro del filtro (sistema de gas del arg\u00f3n): 8 UM<\/li>\n<li>tanque de volumen, l (Cu ft) (sistema de gas arg\u00f3n): 1.200 (42)<\/li>\n<li>Alarma de baja presi\u00f3n (sistema del gas del arg\u00f3n): en 250 psi<\/li>\n<\/ul>\n<p>&nbsp;<\/p>\n","protected":false},"excerpt":{"rendered":"<p>Electrobisturis<\/p>\n","protected":false},"featured_media":12080,"template":"","meta":{"_acf_changed":false,"_relevanssi_hide_post":"","_relevanssi_hide_content":"","_relevanssi_pin_for_all":"","_relevanssi_pin_keywords":"","_relevanssi_unpin_keywords":"","_relevanssi_related_keywords":"","_relevanssi_related_include_ids":"","_relevanssi_related_exclude_ids":"","_relevanssi_related_no_append":"","_relevanssi_related_not_related":"","_relevanssi_related_posts":"","_relevanssi_noindex_reason":"","inline_featured_image":false},"pwb-brand":[1168],"product_brand":[],"product_cat":[76],"product_tag":[1528,4904,1553,1566,4934,1567,4933,1554,1896],"class_list":{"0":"post-4988","1":"product","2":"type-product","3":"status-publish","4":"has-post-thumbnail","6":"pwb-brand-electrobisturis-conmed","7":"product_cat-unidades-electroquirurgicas-electrobisturis","8":"product_tag-conmed","9":"product_tag-conmed-electrobisturis","10":"product_tag-conmed-system","11":"product_tag-conmed-system-7500","12":"product_tag-conmed-system-7500-electrobisturis","13":"product_tag-conmed-system-7500-esu","14":"product_tag-conmed-system-electrobisturis","15":"product_tag-conmed-system-esu","16":"product_tag-electrobisturis","18":"first","19":"instock","20":"purchasable","21":"product-type-simple"},"acf":[],"brands":[{"id":1168,"name":"Conmed","slug":"electrobisturis-conmed"}],"_links":{"self":[{"href":"https:\/\/www.somatechnology.com\/spanish\/wp-json\/wp\/v2\/product\/4988","targetHints":{"allow":["GET"]}}],"collection":[{"href":"https:\/\/www.somatechnology.com\/spanish\/wp-json\/wp\/v2\/product"}],"about":[{"href":"https:\/\/www.somatechnology.com\/spanish\/wp-json\/wp\/v2\/types\/product"}],"wp:featuredmedia":[{"embeddable":true,"href":"https:\/\/www.somatechnology.com\/spanish\/wp-json\/wp\/v2\/media\/12080"}],"wp:attachment":[{"href":"https:\/\/www.somatechnology.com\/spanish\/wp-json\/wp\/v2\/media?parent=4988"}],"wp:term":[{"taxonomy":"pwb-brand","embeddable":true,"href":"https:\/\/www.somatechnology.com\/spanish\/wp-json\/wp\/v2\/pwb-brand?post=4988"},{"taxonomy":"product_brand","embeddable":true,"href":"https:\/\/www.somatechnology.com\/spanish\/wp-json\/wp\/v2\/product_brand?post=4988"},{"taxonomy":"product_cat","embeddable":true,"href":"https:\/\/www.somatechnology.com\/spanish\/wp-json\/wp\/v2\/product_cat?post=4988"},{"taxonomy":"product_tag","embeddable":true,"href":"https:\/\/www.somatechnology.com\/spanish\/wp-json\/wp\/v2\/product_tag?post=4988"}],"curies":[{"name":"wp","href":"https:\/\/api.w.org\/{rel}","templated":true}]}}