{"id":4996,"date":"2016-07-19T21:46:18","date_gmt":"2016-07-19T21:46:18","guid":{"rendered":"http:\/\/equipomedicocentral.com\/wordpress\/product\/erbe-apc-300\/"},"modified":"2023-08-23T06:17:48","modified_gmt":"2023-08-23T10:17:48","slug":"erbe-apc-300","status":"publish","type":"product","link":"https:\/\/www.somatechnology.com\/spanish\/equipo-medico-usado-remanufacturado\/unidades-electroquirurgicas-electrobisturis\/erbe-apc-300\/","title":{"rendered":"ERBE APC 300"},"content":{"rendered":"<h2>Caracter\u00edsticas del\u00a0ERBE APC 300<\/h2>\n<p>El <strong>APC 300<\/strong> es el sistema de intervenci\u00f3n gastrointestinal de 1\u00aa generaci\u00f3n. El sistema del plasma del arg\u00f3n redefine opciones del tratamiento intervencionista en la intervenci\u00f3n endosc\u00f3pica flexible, gastrointestinal y traqueobronquial.<\/p>\n<ul>\n<li>Corte<\/li>\n<li>Coagulaci\u00f3n<\/li>\n<li>Manejo<\/li>\n<li>Seguridad<\/li>\n<\/ul>\n<h3>Corte<\/h3>\n<ul>\n<li>Control de corte \u2013 para cortes autom\u00e1ticos perfectos<\/li>\n<li>Corte alto con regulaci\u00f3n de arco especializado para cortes submarinos o en estructuras grasas<\/li>\n<li>ENDO CUT \u2013 el modo de corte de la endoscopia<\/li>\n<li>Corte mono y bipolar (Corte bipolar)<\/li>\n<li>Sistema del pico de la energ\u00eda (PPS) para la ayuda inteligente de la incisi\u00f3n y del corte iniciales<\/li>\n<\/ul>\n<h3>Coagulaci\u00f3n<\/h3>\n<ul>\n<li>Coagulaci\u00f3n con precisi\u00f3n controlada y sin carbonizaci\u00f3n con coagulaci\u00f3n blanda<\/li>\n<li>Coagulaci\u00f3n forzada \u2013 para situaciones donde la velocidad es esencial<\/li>\n<li>Coagulaci\u00f3n con spray \u2013 para una coagulacion eficiente de la superficie<\/li>\n<li>Unidad de coagulaci\u00f3n de arg\u00f3n-plasma ERBE APC 300 conexi\u00f3n como equipo est\u00e1ndar<\/li>\n<li>Coagulaci\u00f3n mono y bipolar (coagulacion bipolar)<\/li>\n<li>Doble coagulaci\u00f3n \u2013 para una coagulabilidad c\u00f3moda en dos canales: conector y ajustes individuales para dos instrumentos de coagulaci\u00f3n<\/li>\n<\/ul>\n<ul>\n<li>Auto Start y auto stop \u2013 para soporte de coagulaci\u00f3n<\/li>\n<\/ul>\n<h3>Manejo<\/h3>\n<ul>\n<li>M\u00e1xima operaci\u00f3n f\u00e1cil de usar a trav\u00e9s de 11 programas individualmente configurables<\/li>\n<\/ul>\n<h3>Seguridad<\/h3>\n<ul>\n<li>Nessy el sistema de seguridad \u00fanico-de-uno-bueno del electrodo neutral<\/li>\n<li>Corte doble-seguro con el control del corte y el corte Biopolar<\/li>\n<\/ul>\n<p>&nbsp;<\/p>\n","protected":false},"excerpt":{"rendered":"<p>Electrobisturis<\/p>\n","protected":false},"featured_media":12096,"template":"","meta":{"_acf_changed":false,"_relevanssi_hide_post":"","_relevanssi_hide_content":"","_relevanssi_pin_for_all":"","_relevanssi_pin_keywords":"","_relevanssi_unpin_keywords":"","_relevanssi_related_keywords":"","_relevanssi_related_include_ids":"","_relevanssi_related_exclude_ids":"","_relevanssi_related_no_append":"","_relevanssi_related_not_related":"","_relevanssi_related_posts":"","_relevanssi_noindex_reason":"","inline_featured_image":false},"pwb-brand":[1169],"product_brand":[],"product_cat":[76],"product_tag":[1896,1581,1579,1577,4943,1578,4941,4940,1580],"class_list":{"0":"post-4996","1":"product","2":"type-product","3":"status-publish","4":"has-post-thumbnail","6":"pwb-brand-electrobisturis-erbe","7":"product_cat-unidades-electroquirurgicas-electrobisturis","8":"product_tag-electrobisturis","9":"product_tag-erbe","10":"product_tag-erbe-apc","11":"product_tag-erbe-apc-300","12":"product_tag-erbe-apc-300-electrobisturis","13":"product_tag-erbe-apc-300-esu","14":"product_tag-erbe-apc-electrobisturis","15":"product_tag-erbe-electrobisturis","16":"product_tag-erbe-esu","18":"first","19":"instock","20":"purchasable","21":"product-type-simple"},"acf":[],"brands":[{"id":1169,"name":"ERBE","slug":"electrobisturis-erbe"}],"_links":{"self":[{"href":"https:\/\/www.somatechnology.com\/spanish\/wp-json\/wp\/v2\/product\/4996","targetHints":{"allow":["GET"]}}],"collection":[{"href":"https:\/\/www.somatechnology.com\/spanish\/wp-json\/wp\/v2\/product"}],"about":[{"href":"https:\/\/www.somatechnology.com\/spanish\/wp-json\/wp\/v2\/types\/product"}],"wp:featuredmedia":[{"embeddable":true,"href":"https:\/\/www.somatechnology.com\/spanish\/wp-json\/wp\/v2\/media\/12096"}],"wp:attachment":[{"href":"https:\/\/www.somatechnology.com\/spanish\/wp-json\/wp\/v2\/media?parent=4996"}],"wp:term":[{"taxonomy":"pwb-brand","embeddable":true,"href":"https:\/\/www.somatechnology.com\/spanish\/wp-json\/wp\/v2\/pwb-brand?post=4996"},{"taxonomy":"product_brand","embeddable":true,"href":"https:\/\/www.somatechnology.com\/spanish\/wp-json\/wp\/v2\/product_brand?post=4996"},{"taxonomy":"product_cat","embeddable":true,"href":"https:\/\/www.somatechnology.com\/spanish\/wp-json\/wp\/v2\/product_cat?post=4996"},{"taxonomy":"product_tag","embeddable":true,"href":"https:\/\/www.somatechnology.com\/spanish\/wp-json\/wp\/v2\/product_tag?post=4996"}],"curies":[{"name":"wp","href":"https:\/\/api.w.org\/{rel}","templated":true}]}}