{"id":4999,"date":"2016-07-19T21:46:18","date_gmt":"2016-07-19T21:46:18","guid":{"rendered":"http:\/\/equipomedicocentral.com\/wordpress\/product\/erbe-endo-100\/"},"modified":"2023-08-23T06:17:49","modified_gmt":"2023-08-23T10:17:49","slug":"erbe-endo-100","status":"publish","type":"product","link":"https:\/\/www.somatechnology.com\/spanish\/equipo-medico-usado-remanufacturado\/unidades-electroquirurgicas-electrobisturis\/erbe-endo-100\/","title":{"rendered":"ERBE ENDO 100"},"content":{"rendered":"<h2>Caracter\u00edsticas del\u00a0ERBE ENDO 100<\/h2>\n<p>Dise\u00f1ado especialmente para la endoscopia Gi. Las unidades son particularmente \u00fatiles durante la colonoscopia con hemorragia activa ya que permite la entrega de un lavado presurizado para mejorar la visualizaci\u00f3n durante los procedimientos dif\u00edciles.<\/p>\n<ul>\n<li>El frente de la consola tiene una bomba perist\u00e1ltica con la gu\u00eda y el recinto pl\u00e1sticos del tubo<\/li>\n<li>Dial variable del flujo<\/li>\n<li>Conector de pedal neum\u00e1tico; pedal no incluido<\/li>\n<li>Interruptor de oscilaci\u00f3n de encendido\/apagado con luz indicadora verde<\/li>\n<li>Cable de alimentaci\u00f3n universal<\/li>\n<\/ul>\n<h2>Especificaciones del\u00a0ERBE ENDO 100<\/h2>\n<h3>Dimensiones<\/h3>\n<ul>\n<li>Anchura: 5.5 en<\/li>\n<li>Profundidad: 10<\/li>\n<li>Altura: 4.5<\/li>\n<\/ul>\n<h3>Voltage<\/h3>\n<ul>\n<li>Voltios 95-135 V, 185-250V<\/li>\n<li>Hertz 50-60 Hz<\/li>\n<\/ul>\n<h3>Bomba<\/h3>\n<ul>\n<li>Caudal: 150-650 ml\/min<\/li>\n<li>Presi\u00f3n: 2-40 psi<\/li>\n<li>Dep\u00f3sito: botella extra\u00edble 500 ml<\/li>\n<\/ul>\n<p>&nbsp;<\/p>\n","protected":false},"excerpt":{"rendered":"<p>Electrobisturis<\/p>\n","protected":false},"featured_media":8877,"template":"","meta":{"_acf_changed":false,"_relevanssi_hide_post":"","_relevanssi_hide_content":"","_relevanssi_pin_for_all":"","_relevanssi_pin_keywords":"","_relevanssi_unpin_keywords":"","_relevanssi_related_keywords":"","_relevanssi_related_include_ids":"","_relevanssi_related_exclude_ids":"","_relevanssi_related_no_append":"","_relevanssi_related_not_related":"","_relevanssi_related_posts":"","_relevanssi_noindex_reason":"","inline_featured_image":false},"pwb-brand":[1169],"product_brand":[],"product_cat":[76],"product_tag":[1581,1586,1585],"class_list":{"0":"post-4999","1":"product","2":"type-product","3":"status-publish","4":"has-post-thumbnail","6":"pwb-brand-electrobisturis-erbe","7":"product_cat-unidades-electroquirurgicas-electrobisturis","8":"product_tag-erbe","9":"product_tag-erbe-endo","10":"product_tag-erbe-endo-100","12":"first","13":"instock","14":"purchasable","15":"product-type-simple"},"acf":[],"brands":[{"id":1169,"name":"ERBE","slug":"electrobisturis-erbe"}],"_links":{"self":[{"href":"https:\/\/www.somatechnology.com\/spanish\/wp-json\/wp\/v2\/product\/4999","targetHints":{"allow":["GET"]}}],"collection":[{"href":"https:\/\/www.somatechnology.com\/spanish\/wp-json\/wp\/v2\/product"}],"about":[{"href":"https:\/\/www.somatechnology.com\/spanish\/wp-json\/wp\/v2\/types\/product"}],"wp:featuredmedia":[{"embeddable":true,"href":"https:\/\/www.somatechnology.com\/spanish\/wp-json\/wp\/v2\/media\/8877"}],"wp:attachment":[{"href":"https:\/\/www.somatechnology.com\/spanish\/wp-json\/wp\/v2\/media?parent=4999"}],"wp:term":[{"taxonomy":"pwb-brand","embeddable":true,"href":"https:\/\/www.somatechnology.com\/spanish\/wp-json\/wp\/v2\/pwb-brand?post=4999"},{"taxonomy":"product_brand","embeddable":true,"href":"https:\/\/www.somatechnology.com\/spanish\/wp-json\/wp\/v2\/product_brand?post=4999"},{"taxonomy":"product_cat","embeddable":true,"href":"https:\/\/www.somatechnology.com\/spanish\/wp-json\/wp\/v2\/product_cat?post=4999"},{"taxonomy":"product_tag","embeddable":true,"href":"https:\/\/www.somatechnology.com\/spanish\/wp-json\/wp\/v2\/product_tag?post=4999"}],"curies":[{"name":"wp","href":"https:\/\/api.w.org\/{rel}","templated":true}]}}