{"id":5004,"date":"2016-07-19T21:47:12","date_gmt":"2016-07-19T21:47:12","guid":{"rendered":"http:\/\/equipomedicocentral.com\/wordpress\/product\/olympus-psd-30\/"},"modified":"2023-08-23T06:17:50","modified_gmt":"2023-08-23T10:17:50","slug":"olympus-psd-30","status":"publish","type":"product","link":"https:\/\/www.somatechnology.com\/spanish\/equipo-medico-usado-remanufacturado\/unidades-electroquirurgicas-electrobisturis\/olympus-psd-30\/","title":{"rendered":"Olympus PSD 30"},"content":{"rendered":"<h2>Caracter\u00edsticas del\u00a0Olympus PSD 30<\/h2>\n<p>La Olympus PSD-30 ha sido dise\u00f1ada espec\u00edficamente para la electrocirug\u00eda a trav\u00e9s de endoscopios flexibles y combina la capacidad avanzada de corte y coagulaci\u00f3n con caracter\u00edsticas de seguridad mejoradas. Los ajustes \u00f3ptimos se pueden seleccionar r\u00e1pidamente para la salida del corte y de la coagulaci\u00f3n.<\/p>\n<p>Tres modos del corte permiten el corte y la hemostasia \u00f3ptimos<\/p>\n<ul>\n<li>Puro: dise\u00f1ado para el corte r\u00e1pido<\/li>\n<li>Mezcla 1: dise\u00f1ado para el corte y la hemostasis moderados<\/li>\n<li>Mezcla 2: dise\u00f1ado para el corte con capacidad fuerte de la coagulaci\u00f3n<\/li>\n<li>Tres modos de coagulaci\u00f3n proporcionan el efecto hemost\u00e1tico \u00f3ptimo<\/li>\n<li>Forzado: dise\u00f1ado para la coagulaci\u00f3n y el hemostasis comparativamente fuertes<\/li>\n<li>Suave: dise\u00f1ado para parar la sangr\u00eda ligera-la carbonizaci\u00f3n muy peque\u00f1a del tejido ocurre en este modo, as\u00ed que puede ser utilizado marca el tejido usando una trampa<\/li>\n<li>Parada auto: dise\u00f1ado para reducir la carbonizaci\u00f3n y la invasi\u00f3n del tejido. La salida se detiene autom\u00e1ticamente cuando se ha alcanzado un cierto grado de coagulaci\u00f3n durante la coagulaci\u00f3n del modo &#8216; blando &#8216;<\/li>\n<\/ul>\n<h2>Especificaciones del\u00a0Olympus PSD 30<\/h2>\n<h3>Dimensiones<\/h3>\n<ul>\n<li>Dimensiones 295 mm (W) \u00d7 160 mm (H) \u00d7 420 mm (L)<\/li>\n<li>Peso 7.8 kg<\/li>\n<\/ul>\n<h3>Voltage<\/h3>\n<ul>\n<li>Voltaje 220, 230, 240 V<\/li>\n<li>Frecuencia 50\/60 Hz<\/li>\n<li>Corriente de entrada 2 A<\/li>\n<li>Fluctuaci\u00f3n del voltaje dentro del \u00b1 10%<\/li>\n<li>Grado del fusible 3.15 A, 250 V<\/li>\n<li>Tama\u00f1o del fusible 5.0 \u00d7 20 mil\u00edmetro<\/li>\n<\/ul>\n<h3>Tipos de salida<\/h3>\n<ul>\n<li>Modos del corte: 3 modos (puro, BLEND1, BLEND2)<\/li>\n<li>Modos de la coagulaci\u00f3n: 3 modos (parada suave, auto, forzada)<\/li>\n<li>La salida de parada autom\u00e1tica utiliza una forma de onda id\u00e9ntica a suave y se proporciona con la funci\u00f3n de parada autom\u00e1tica<\/li>\n<\/ul>\n<h3>Salida m\u00e1xima<\/h3>\n<ul>\n<li>Puro: 50 W<\/li>\n<li>BLEND1:50 W<\/li>\n<li>BLEND2:50 W<\/li>\n<li>Suave: 50 W<\/li>\n<li>Parada auto: 50 W<\/li>\n<li>Forzado: 50 W<\/li>\n<li>(resistencia de carga clasificada 300 \u03c9, parada suave, auto: 100 \u03c9)<\/li>\n<\/ul>\n<h3>Tiempo de salida<\/h3>\n<ul>\n<li>10 segundos encendido y 30 segundos de salida (continuar la salida, subsistencia el tiempo de la salida debajo de 10 segundos)<\/li>\n<\/ul>\n<h3>Funciones de seguridad<\/h3>\n<p>La funci\u00f3n detecta conexiones incorrectas de cables y alambres rotos en la placa del paciente y en el cable S. Activa las siguientes funciones si se detectan irregularidades:<\/p>\n<ul>\n<li>El indicador de advertencia del paciente\/S-cable se encender\u00e1 o parpadear\u00e1.<\/li>\n<li>Si la condici\u00f3n antedicha contin\u00faa por un rato, una alarma sonar\u00e1 y la alta frecuencia se parar\u00e1. (cuando utilice un endoscopio sin cable S, se escuchar\u00e1 una alarma y la salida de alta frecuencia se detendr\u00e1 inmediatamente).<\/li>\n<li>Monitor de salida de alta frecuencia<\/li>\n<li>La funci\u00f3n detecta si el nivel de salida est\u00e1 de acuerdo con la configuraci\u00f3n de salida. Activa las siguientes funciones si se detectan irregularidades:\n<ul>\n<li>El indicador de alarma de la salida de alta frecuencia se encender\u00e1<\/li>\n<li>Se escuchar\u00e1 una alarma<\/li>\n<li>La salida se evitar\u00e1<\/li>\n<\/ul>\n<\/li>\n<\/ul>\n<h3>Monitor de tiempo de salida<\/h3>\n<p>La funci\u00f3n detecta el tiempo de salida de alta frecuencia. Activa las siguientes funciones si el tiempo de salida continuo excede el tiempo especificado:<\/p>\n<ul>\n<li>El indicador de aviso de tiempo de salida destellar\u00e1 despu\u00e9s de 15 segundos de salida continua.<\/li>\n<li>Si la salida contin\u00faa durante 15 segundos m\u00e1s (es decir, 30 segundos de salida continua), el indicador de tiempo de salida de advertencia se encender\u00e1 constantemente, la alarma de advertencia sonar\u00e1 (en intervalos de 5 segundos), y la salida se prevendr\u00e1.<\/li>\n<\/ul>\n<h3>Monitor del interruptor de pie<\/h3>\n<p>La funci\u00f3n detecta el cortocircuito del interruptor de pie. Activa las siguientes funciones si se detecta un cortocircuito:<\/p>\n<ul>\n<li>La pantalla de alarma del indicador de ajuste de salida parpadear\u00e1<\/li>\n<li>Se escuchar\u00e1 una alarma<\/li>\n<li>Se evitar\u00e1 el cambio de configuraci\u00f3n<\/li>\n<li>La salida se evitar\u00e1<\/li>\n<\/ul>\n<p>&nbsp;<\/p>\n","protected":false},"excerpt":{"rendered":"<p>Electrobisturis<\/p>\n","protected":false},"featured_media":12227,"template":"","meta":{"_acf_changed":false,"_relevanssi_hide_post":"","_relevanssi_hide_content":"","_relevanssi_pin_for_all":"","_relevanssi_pin_keywords":"","_relevanssi_unpin_keywords":"","_relevanssi_related_keywords":"","_relevanssi_related_include_ids":"","_relevanssi_related_exclude_ids":"","_relevanssi_related_no_append":"","_relevanssi_related_not_related":"","_relevanssi_related_posts":"","_relevanssi_noindex_reason":"","inline_featured_image":false},"pwb-brand":[1080],"product_brand":[],"product_cat":[76],"product_tag":[1896,138,4860,1600,1599,1597,5010,1598,5009],"class_list":{"0":"post-5004","1":"product","2":"type-product","3":"status-publish","4":"has-post-thumbnail","6":"pwb-brand-equipo-medico-olympus","7":"product_cat-unidades-electroquirurgicas-electrobisturis","8":"product_tag-electrobisturis","9":"product_tag-olympus","10":"product_tag-olympus-electrobisturis","11":"product_tag-olympus-esu","12":"product_tag-olympus-psd","13":"product_tag-olympus-psd-30","14":"product_tag-olympus-psd-30-electrobisturis","15":"product_tag-olympus-psd-30-esu","16":"product_tag-olympus-psd-electrobisturis","18":"first","19":"instock","20":"purchasable","21":"product-type-simple"},"acf":[],"brands":[{"id":1080,"name":"Olympus","slug":"equipo-medico-olympus"}],"_links":{"self":[{"href":"https:\/\/www.somatechnology.com\/spanish\/wp-json\/wp\/v2\/product\/5004","targetHints":{"allow":["GET"]}}],"collection":[{"href":"https:\/\/www.somatechnology.com\/spanish\/wp-json\/wp\/v2\/product"}],"about":[{"href":"https:\/\/www.somatechnology.com\/spanish\/wp-json\/wp\/v2\/types\/product"}],"wp:featuredmedia":[{"embeddable":true,"href":"https:\/\/www.somatechnology.com\/spanish\/wp-json\/wp\/v2\/media\/12227"}],"wp:attachment":[{"href":"https:\/\/www.somatechnology.com\/spanish\/wp-json\/wp\/v2\/media?parent=5004"}],"wp:term":[{"taxonomy":"pwb-brand","embeddable":true,"href":"https:\/\/www.somatechnology.com\/spanish\/wp-json\/wp\/v2\/pwb-brand?post=5004"},{"taxonomy":"product_brand","embeddable":true,"href":"https:\/\/www.somatechnology.com\/spanish\/wp-json\/wp\/v2\/product_brand?post=5004"},{"taxonomy":"product_cat","embeddable":true,"href":"https:\/\/www.somatechnology.com\/spanish\/wp-json\/wp\/v2\/product_cat?post=5004"},{"taxonomy":"product_tag","embeddable":true,"href":"https:\/\/www.somatechnology.com\/spanish\/wp-json\/wp\/v2\/product_tag?post=5004"}],"curies":[{"name":"wp","href":"https:\/\/api.w.org\/{rel}","templated":true}]}}