{"id":5005,"date":"2016-07-19T21:47:12","date_gmt":"2016-07-19T21:47:12","guid":{"rendered":"http:\/\/equipomedicocentral.com\/wordpress\/product\/olympus-ues-40\/"},"modified":"2023-08-23T06:17:51","modified_gmt":"2023-08-23T10:17:51","slug":"olympus-ues-40","status":"publish","type":"product","link":"https:\/\/www.somatechnology.com\/spanish\/equipo-medico-usado-remanufacturado\/unidades-electroquirurgicas-electrobisturis\/olympus-ues-40\/","title":{"rendered":"Olympus UES 40"},"content":{"rendered":"<h2>Caracter\u00edsticas del Olympus UES 40<\/h2>\n<p>La unidad electroquir\u00fargica de <strong>Olympus SurgMaster UES-40<\/strong> ofrece un rendimiento significativamente mejor en el corte y la coagulaci\u00f3n para la electrocirug\u00eda. Permitiendo el uso del resectoscopios monopolar convencional as\u00ed como los instrumentos bipolares y monopolares de la mano, el UES-40 tambi\u00e9n permite la resecci\u00f3n en procedimientos salinos.<\/p>\n<p>El UES-40 es compatible con el sistema quir\u00fargico ultras\u00f3nico de SonoSurg, permitiendo la salida de alta frecuencia usando su transductor, posibilidades quir\u00fargicas de extensi\u00f3n m\u00e1s futuras.<\/p>\n<ul>\n<li>Funcionamiento s\u00f3lido y confiable<\/li>\n<li>Evacuaci\u00f3n autom\u00e1tica del humo disponible<\/li>\n<li>Modo de resecci\u00f3n dual<\/li>\n<\/ul>\n<h2>Informaci\u00f3n General<\/h2>\n<ul>\n<li>M\u00e9todo de la salida: modos monopolares, bipolares, y salinos<\/li>\n<li>Voltaje: 120 V\/220-240 VAC<\/li>\n<li>Frecuencia: 50\/60 hertzio<\/li>\n<li>Dimensiones: (an-PR): 350 x 150 x 400 mm<\/li>\n<li>Peso: 12.0 kg<\/li>\n<\/ul>\n<p>&nbsp;<\/p>\n<p>&nbsp;<\/p>\n","protected":false},"excerpt":{"rendered":"<p>Electrobisturis<\/p>\n","protected":false},"featured_media":12231,"template":"","meta":{"_acf_changed":false,"_relevanssi_hide_post":"","_relevanssi_hide_content":"","_relevanssi_pin_for_all":"","_relevanssi_pin_keywords":"","_relevanssi_unpin_keywords":"","_relevanssi_related_keywords":"","_relevanssi_related_include_ids":"","_relevanssi_related_exclude_ids":"","_relevanssi_related_no_append":"","_relevanssi_related_not_related":"","_relevanssi_related_posts":"","_relevanssi_noindex_reason":"","inline_featured_image":false},"pwb-brand":[1080],"product_brand":[],"product_cat":[76],"product_tag":[1896,138,4860,1600,5012,1603,1601,1602,5011],"class_list":{"0":"post-5005","1":"product","2":"type-product","3":"status-publish","4":"has-post-thumbnail","6":"pwb-brand-equipo-medico-olympus","7":"product_cat-unidades-electroquirurgicas-electrobisturis","8":"product_tag-electrobisturis","9":"product_tag-olympus","10":"product_tag-olympus-electrobisturis","11":"product_tag-olympus-esu","12":"product_tag-olympus-ue-s-40-electrobisturis","13":"product_tag-olympus-ues","14":"product_tag-olympus-ues-40","15":"product_tag-olympus-ues-40-esu","16":"product_tag-olympus-ues-electrobisturis","18":"first","19":"instock","20":"purchasable","21":"product-type-simple"},"acf":[],"brands":[{"id":1080,"name":"Olympus","slug":"equipo-medico-olympus"}],"_links":{"self":[{"href":"https:\/\/www.somatechnology.com\/spanish\/wp-json\/wp\/v2\/product\/5005","targetHints":{"allow":["GET"]}}],"collection":[{"href":"https:\/\/www.somatechnology.com\/spanish\/wp-json\/wp\/v2\/product"}],"about":[{"href":"https:\/\/www.somatechnology.com\/spanish\/wp-json\/wp\/v2\/types\/product"}],"wp:featuredmedia":[{"embeddable":true,"href":"https:\/\/www.somatechnology.com\/spanish\/wp-json\/wp\/v2\/media\/12231"}],"wp:attachment":[{"href":"https:\/\/www.somatechnology.com\/spanish\/wp-json\/wp\/v2\/media?parent=5005"}],"wp:term":[{"taxonomy":"pwb-brand","embeddable":true,"href":"https:\/\/www.somatechnology.com\/spanish\/wp-json\/wp\/v2\/pwb-brand?post=5005"},{"taxonomy":"product_brand","embeddable":true,"href":"https:\/\/www.somatechnology.com\/spanish\/wp-json\/wp\/v2\/product_brand?post=5005"},{"taxonomy":"product_cat","embeddable":true,"href":"https:\/\/www.somatechnology.com\/spanish\/wp-json\/wp\/v2\/product_cat?post=5005"},{"taxonomy":"product_tag","embeddable":true,"href":"https:\/\/www.somatechnology.com\/spanish\/wp-json\/wp\/v2\/product_tag?post=5005"}],"curies":[{"name":"wp","href":"https:\/\/api.w.org\/{rel}","templated":true}]}}