{"id":5014,"date":"2016-07-19T21:47:12","date_gmt":"2016-07-19T21:47:12","guid":{"rendered":"http:\/\/equipomedicocentral.com\/wordpress\/product\/abbott-omniflow-4000\/"},"modified":"2025-09-23T11:49:14","modified_gmt":"2025-09-23T15:49:14","slug":"abbott-omniflow-4000","status":"publish","type":"product","link":"https:\/\/www.somatechnology.com\/spanish\/equipo-medico-usado-remanufacturado\/terapia-intravenosa\/bombas-intravenosas\/abbott-omniflow-4000\/","title":{"rendered":"Hospira Abbott Omniflow 4000"},"content":{"rendered":"<h2>Bomba de Infusi\u00f3n Hospira Abbott Omniflow 4000<\/h2>\n<p>El <strong>Omni-Flow 4000<\/strong> Plus puede mejorar la enfermer\u00eda general y la eficiencia cl\u00ednica en un dispositivo multi-canal port\u00e1til, vers\u00e1til y confiable. El flujo concurrente con los controles positivos maneja m\u00faltiples medicaciones que liberan el tiempo invertido que establece la sola l\u00ednea m\u00faltiple insuperable Omni-Flow 4000 Plus puede mejorar la enfermer\u00eda en general y la eficiencia cl\u00ednica en un port\u00e1til, vers\u00e1til y fiable multicanal Dispositivo. El flujo concurrente con controles positivos administra m\u00faltiples medicamentos que liberan tiempo invertido en la configuraci\u00f3n de varios sistemas de una sola l\u00ednea.<\/p>\n<p>El Omni-Flow 4000 Plus es un sofisticado dispositivo que gestiona con precisi\u00f3n los requerimientos de infusi\u00f3n de alta demanda. La entrega consolidada de hasta cuatro medicamentos y un sitio de acceso al paciente puede ayudar a mejorar la seguridad del paciente, el flujo de trabajo de enfermer\u00eda y la precisi\u00f3n cl\u00ednica.<\/p>\n<p>Con el Omni-Flow 4000 Plus, las enfermeras pueden pasar menos tiempo administrando infusiones de I.V. y m\u00e1s tiempo administrando la atenci\u00f3n al paciente. La l\u00ednea de acceso para un solo paciente tambi\u00e9n puede reducir los conjuntos de administraci\u00f3n, el desorden de la sala de pacientes y los costos generales de entrega de medicamentos. Su facilidad de operaci\u00f3n ayuda a acortar las curvas de aprendizaje del personal cl\u00ednico y puede contribuir al aumento de la competencia.<\/p>\n<ul>\n<li>Entrega de medicamentos de cuatro canales a trav\u00e9s de una sola l\u00ednea de paciente<\/li>\n<li>Programable<\/li>\n<li>Recipientes de m\u00faltiples dosis<\/li>\n<li>Diluci\u00f3n en l\u00ednea autom\u00e1tica programable<\/li>\n<li>Enjuague autom\u00e1tico programable entre medicamentos incompatibles<\/li>\n<li>Cualquier combinaci\u00f3n de infusiones continuas e intermitentes<\/li>\n<li>Reloj en tiempo real<\/li>\n<\/ul>\n","protected":false},"excerpt":{"rendered":"<p>El Omni-Flow 4000 Plus puede mejorar la enfermer\u00eda general y la eficiencia cl\u00ednica en un dispositivo multi-canal port\u00e1til, vers\u00e1til y confiable. El flujo concurrente con los controles positivos maneja m\u00faltiples medicaciones que liberan el tiempo invertido que establece la sola l\u00ednea m\u00faltiple insuperable Omni-Flow 4000 Plus puede mejorar la enfermer\u00eda en general y la eficiencia cl\u00ednica en un port\u00e1til, vers\u00e1til y fiable multicanal Dispositivo.<\/p>\n","protected":false},"featured_media":11825,"template":"","meta":{"_acf_changed":false,"_relevanssi_hide_post":"","_relevanssi_hide_content":"","_relevanssi_pin_for_all":"","_relevanssi_pin_keywords":"","_relevanssi_unpin_keywords":"","_relevanssi_related_keywords":"","_relevanssi_related_include_ids":"","_relevanssi_related_exclude_ids":"","_relevanssi_related_no_append":"","_relevanssi_related_not_related":"","_relevanssi_related_posts":"","_relevanssi_noindex_reason":"","inline_featured_image":false},"pwb-brand":[1323],"product_brand":[],"product_cat":[52],"product_tag":[3083,3611,3819,3818,2916,3081,3080,3082],"class_list":{"0":"post-5014","1":"product","2":"type-product","3":"status-publish","4":"has-post-thumbnail","6":"pwb-brand-bombas-intravenosas-hospira","7":"product_cat-bombas-intravenosas","8":"product_tag-abbott-omniflow-4000","9":"product_tag-bomba-de-infusion","10":"product_tag-bomba-de-infusion-hospira-abbott-omniflow","11":"product_tag-bomba-de-infusion-hospira-abbott-omniflow-4000","12":"product_tag-hospira-abbott","13":"product_tag-hospira-abbott-omniflow","14":"product_tag-hospira-abbott-omniflow-4000","15":"product_tag-hospira-omniflow-4000","17":"first","18":"instock","19":"purchasable","20":"product-type-simple"},"acf":[],"brands":[{"id":1323,"name":"Hospira","slug":"bombas-intravenosas-hospira"}],"_links":{"self":[{"href":"https:\/\/www.somatechnology.com\/spanish\/wp-json\/wp\/v2\/product\/5014","targetHints":{"allow":["GET"]}}],"collection":[{"href":"https:\/\/www.somatechnology.com\/spanish\/wp-json\/wp\/v2\/product"}],"about":[{"href":"https:\/\/www.somatechnology.com\/spanish\/wp-json\/wp\/v2\/types\/product"}],"wp:featuredmedia":[{"embeddable":true,"href":"https:\/\/www.somatechnology.com\/spanish\/wp-json\/wp\/v2\/media\/11825"}],"wp:attachment":[{"href":"https:\/\/www.somatechnology.com\/spanish\/wp-json\/wp\/v2\/media?parent=5014"}],"wp:term":[{"taxonomy":"pwb-brand","embeddable":true,"href":"https:\/\/www.somatechnology.com\/spanish\/wp-json\/wp\/v2\/pwb-brand?post=5014"},{"taxonomy":"product_brand","embeddable":true,"href":"https:\/\/www.somatechnology.com\/spanish\/wp-json\/wp\/v2\/product_brand?post=5014"},{"taxonomy":"product_cat","embeddable":true,"href":"https:\/\/www.somatechnology.com\/spanish\/wp-json\/wp\/v2\/product_cat?post=5014"},{"taxonomy":"product_tag","embeddable":true,"href":"https:\/\/www.somatechnology.com\/spanish\/wp-json\/wp\/v2\/product_tag?post=5014"}],"curies":[{"name":"wp","href":"https:\/\/api.w.org\/{rel}","templated":true}]}}