{"id":5021,"date":"2016-07-19T21:48:02","date_gmt":"2016-07-19T21:48:02","guid":{"rendered":"http:\/\/equipomedicocentral.com\/wordpress\/product\/conmed-excalibur-plus-pc\/"},"modified":"2023-08-23T06:17:59","modified_gmt":"2023-08-23T10:17:59","slug":"conmed-excalibur-plus-pc","status":"publish","type":"product","link":"https:\/\/www.somatechnology.com\/spanish\/equipo-medico-usado-remanufacturado\/unidades-electroquirurgicas-electrobisturis\/conmed-excalibur-plus-pc\/","title":{"rendered":"Conmed Excalibur Plus"},"content":{"rendered":"<h2>Caracter\u00edsticas del Conmed Excalibur Plus<\/h2>\n<p>Los modelos<strong> Conmed Excalibur Power Plus<\/strong> y PC Plus est\u00e1n disponibles en bipolar o monopolar con corte y coagulaci\u00f3n. Los Excaliburs son generadores electroquir\u00fargicos multiuso. El control del microprocesador proporciona al usuario la seguridad y el control. En el ajuste de corte, estas unidades proporcionan 300 vatios de salida. Un interruptor de pedal bipolar est\u00e1 disponible pero opcional como est\u00e1n los carros del balanceo.<\/p>\n<ul>\n<li>10, 000V PTP en spray coagulaci\u00f3n<\/li>\n<li>Es la \u00fanica ESU que permite al cirujano ajustar los ajustes de potencia desde el campo quir\u00fargico con un l\u00e1piz es est\u00e1ndar<\/li>\n<li>El voltaje de salida controlado patentado de la PC de Excalibur Plus en corte mantiene el voltaje necesario m\u00ednimo para el corte liso a trav\u00e9s de varios tejidos de la impedancia con da\u00f1o termal m\u00ednimo<\/li>\n<li>El Excalibur Plus PC ofrece un corte en forma de bistur\u00ed y tres modos de mezcla<\/li>\n<\/ul>\n<h2>Especificaciones del Conmed Excalibur Plus<\/h2>\n<h3>Informaci\u00f3n General<\/h3>\n<ul>\n<li>Peso: 40 libras (18.5 kilogramos)<\/li>\n<li>Dimensiones: 6.25 \u00abH x 18\u00bb W x 22,75 \u00abL (15.9 x 45.8 x 57,8 cm)<\/li>\n<li>Red sobre la protecci\u00f3n actual: disyuntor combinado de 2 polos\/interruptor de alimentaci\u00f3n<\/li>\n<li>Exactitud de la exhibici\u00f3n de la energ\u00eda: el mayor de +\/-10% de la exhibici\u00f3n o de la carga clasificada +\/-3 vatios<\/li>\n<li>Enfriamiento: convecci\u00f3n natural, conducci\u00f3n y radiaci\u00f3n. Sin ventilador<\/li>\n<li>Conexiones del paciente al neutro: menos de 10 \u00b5A t\u00edpicos<\/li>\n<li>Chasis a neutro: menos de 25 \u00b5A t\u00edpicos<\/li>\n<li>Modo del monitor de la sola almohadilla: detector de la continuidad de dos alambres, umbral t\u00edpico = 10 ohmios<\/li>\n<li>Modo dual del monitor de la almohadilla: monitor de la resistencia de dos alambres, gama t\u00edpica de la aceptaci\u00f3n 10 a 150 ohmios, umbral del viaje t\u00edpicamente el 20% m\u00e1s arriba que la \u00faltima activaci\u00f3n del punto de ajuste del monitor, una indicaci\u00f3n visual de la resistencia paciente<\/li>\n<\/ul>\n<p>&nbsp;<\/p>\n","protected":false},"excerpt":{"rendered":"<p>Electrobisturis<\/p>\n","protected":false},"featured_media":12067,"template":"","meta":{"_acf_changed":false,"_relevanssi_hide_post":"","_relevanssi_hide_content":"","_relevanssi_pin_for_all":"","_relevanssi_pin_keywords":"","_relevanssi_unpin_keywords":"","_relevanssi_related_keywords":"","_relevanssi_related_include_ids":"","_relevanssi_related_exclude_ids":"","_relevanssi_related_no_append":"","_relevanssi_related_not_related":"","_relevanssi_related_posts":"","_relevanssi_noindex_reason":"","inline_featured_image":false},"pwb-brand":[1168],"product_brand":[],"product_cat":[76],"product_tag":[4904,1524,1523,1521,1522,4925,4926,4924,1896],"class_list":{"0":"post-5021","1":"product","2":"type-product","3":"status-publish","4":"has-post-thumbnail","6":"pwb-brand-electrobisturis-conmed","7":"product_cat-unidades-electroquirurgicas-electrobisturis","8":"product_tag-conmed-electrobisturis","9":"product_tag-conmed-esu","10":"product_tag-conmed-excalibur","11":"product_tag-conmed-excalibur-plus","12":"product_tag-conmed-excalibur-plus-esu","13":"product_tag-conmed-excalibure-electrobisturis","14":"product_tag-conmed-excalibut-plus-electrobisturis","15":"product_tag-conmeed-electrobisturis","16":"product_tag-electrobisturis","18":"first","19":"instock","20":"purchasable","21":"product-type-simple"},"acf":[],"brands":[{"id":1168,"name":"Conmed","slug":"electrobisturis-conmed"}],"_links":{"self":[{"href":"https:\/\/www.somatechnology.com\/spanish\/wp-json\/wp\/v2\/product\/5021","targetHints":{"allow":["GET"]}}],"collection":[{"href":"https:\/\/www.somatechnology.com\/spanish\/wp-json\/wp\/v2\/product"}],"about":[{"href":"https:\/\/www.somatechnology.com\/spanish\/wp-json\/wp\/v2\/types\/product"}],"wp:featuredmedia":[{"embeddable":true,"href":"https:\/\/www.somatechnology.com\/spanish\/wp-json\/wp\/v2\/media\/12067"}],"wp:attachment":[{"href":"https:\/\/www.somatechnology.com\/spanish\/wp-json\/wp\/v2\/media?parent=5021"}],"wp:term":[{"taxonomy":"pwb-brand","embeddable":true,"href":"https:\/\/www.somatechnology.com\/spanish\/wp-json\/wp\/v2\/pwb-brand?post=5021"},{"taxonomy":"product_brand","embeddable":true,"href":"https:\/\/www.somatechnology.com\/spanish\/wp-json\/wp\/v2\/product_brand?post=5021"},{"taxonomy":"product_cat","embeddable":true,"href":"https:\/\/www.somatechnology.com\/spanish\/wp-json\/wp\/v2\/product_cat?post=5021"},{"taxonomy":"product_tag","embeddable":true,"href":"https:\/\/www.somatechnology.com\/spanish\/wp-json\/wp\/v2\/product_tag?post=5021"}],"curies":[{"name":"wp","href":"https:\/\/api.w.org\/{rel}","templated":true}]}}