{"id":5037,"date":"2016-07-19T21:48:02","date_gmt":"2016-07-19T21:48:02","guid":{"rendered":"http:\/\/equipomedicocentral.com\/wordpress\/product\/hospira-lifecare-pca\/"},"modified":"2025-09-23T11:45:43","modified_gmt":"2025-09-23T15:45:43","slug":"hospira-lifecare-pca","status":"publish","type":"product","link":"https:\/\/www.somatechnology.com\/spanish\/equipo-medico-usado-remanufacturado\/terapia-intravenosa\/bombas-intravenosas\/hospira-lifecare-pca\/","title":{"rendered":"Hospira Abbott Lifecare PCA"},"content":{"rendered":"<h2>Caracter\u00edsticas del Hospira Abbott Lifecare PCA<\/h2>\n<p>Dise\u00f1ado espec\u00edficamente para ayudar a prevenir los errores de la medicaci\u00f3n que se presentan com\u00fanmente en analgesia paciente-controlada, la <strong>bomba del PCA de Lifecare<\/strong> ofrece un lector de c\u00f3digo de barras integrado y otras caracter\u00edsticas para realzar entrega segura. Junto con el software Hospira MedNet, este sistema de Lifecare PCA de pr\u00f3xima generaci\u00f3n ofrece una combinaci\u00f3n incomparable de caracter\u00edsticas para la terapia de analgesia controlada por el paciente.<\/p>\n<ul>\n<li>Hospira MedNet software con bibliotecas de medicamentos personalizables<\/li>\n<li>Lector de c\u00f3digo de barras integral para la identificaci\u00f3n de medicamentos de viales prellenados y personalizados con c\u00f3digos de barras generados por farmacias<\/li>\n<li>Conjuntos de reglas de medicamentos m\u00faltiples para hasta 18 \u00e1reas de atenci\u00f3n cl\u00ednica<\/li>\n<li>Viales de medicaci\u00f3n prellenados con c\u00f3digo de barras<\/li>\n<li>Protocolos almacenados para una programaci\u00f3n r\u00e1pida y precisa de los pedidos permanentes<\/li>\n<li>Dise\u00f1o f\u00e1cil de usar basado en la investigaci\u00f3n de factores humanos<\/li>\n<\/ul>\n<h4>Promover la entrega segura<\/h4>\n<ul>\n<li>Lector de c\u00f3digo de barras integrado confirma la droga y la concentraci\u00f3n<\/li>\n<li>Frascos de medicaci\u00f3n prellenados con c\u00f3digos de barras con etiquetas de colores o frascos llenos a la medida con c\u00f3digos de barras generados por farmacias<\/li>\n<li>Pantallas de confirmaci\u00f3n para a\u00f1adir un nivel adicional de seguridad<\/li>\n<\/ul>\n<h4>Mejorar la eficiencia del flujo de trabajo<\/h4>\n<ul>\n<li>Capacidades inal\u00e1mbricas robustas permiten actualizaciones remotas de bibliotecas de medicamentos<\/li>\n<li>Teclado f\u00e1cil de leer<\/li>\n<li>Dispositivo dedicado y dise\u00f1o \u00fanico-el PCA de Lifecare se dise\u00f1a intencionalmente para destacar de los dispositivos generales de la infusi\u00f3n para ayudar a reducir el riesgo de la confusi\u00f3n y de la mezcla de la l\u00ednea-UPS del usuario<\/li>\n<\/ul>\n<h4>Entrega segura<\/h4>\n<ul>\n<li>La llave conducida sistema de fijaci\u00f3n agrega seguridad en varios niveles<\/li>\n<li>Cerraduras de la abrazadera del poste al poste IV<\/li>\n<li>Bloqueo de la puerta del medicamento<\/li>\n<li>Bloqueo de programaci\u00f3n<\/li>\n<\/ul>\n<h4>F\u00e1cil actualizaci\u00f3n para incluir el software de seguridad Hospira MedNet \u2122<\/h4>\n<ul>\n<li>Cumplimiento obligatorio de la biblioteca de medicamentos con la adici\u00f3n de software de seguridad Hospira MedNet<\/li>\n<li>Bibliotecas de medicamentos personalizadas para hasta 18 \u00e1reas de atenci\u00f3n cl\u00ednica<\/li>\n<li>Hasta 25 medicamentos por \u00e1rea de atenci\u00f3n cl\u00ednica<\/li>\n<li>L\u00edmites duros y blandos para cada medicaci\u00f3n<\/li>\n<\/ul>\n<p>&nbsp;<\/p>\n","protected":false},"excerpt":{"rendered":"<p>Dise\u00f1ado espec\u00edficamente para ayudar a prevenir los errores de la medicaci\u00f3n que se presentan com\u00fanmente en analgesia paciente-controlada, la bomba del PCA de Lifecare ofrece un lector de c\u00f3digo de barras integrado y otras caracter\u00edsticas para realzar entrega segura. Junto con el software Hospira MedNet, este sistema de Lifecare PCA de pr\u00f3xima generaci\u00f3n ofrece una combinaci\u00f3n incomparable de caracter\u00edsticas para la terapia de analgesia controlada por el paciente.<\/p>\n","protected":false},"featured_media":11820,"template":"","meta":{"_acf_changed":false,"_relevanssi_hide_post":"","_relevanssi_hide_content":"","_relevanssi_pin_for_all":"","_relevanssi_pin_keywords":"","_relevanssi_unpin_keywords":"","_relevanssi_related_keywords":"","_relevanssi_related_include_ids":"","_relevanssi_related_exclude_ids":"","_relevanssi_related_no_append":"","_relevanssi_related_not_related":"","_relevanssi_related_posts":"","_relevanssi_noindex_reason":"","inline_featured_image":false},"pwb-brand":[1323],"product_brand":[],"product_cat":[52],"product_tag":[3048,3676,2917,3677,2954,2956,2957,3678],"class_list":{"0":"post-5037","1":"product","2":"type-product","3":"status-publish","4":"has-post-thumbnail","6":"pwb-brand-bombas-intravenosas-hospira","7":"product_cat-bombas-intravenosas","8":"product_tag-bombas-intravenosas","9":"product_tag-bombas-intravenosas-hospira-lifecare-pca","10":"product_tag-hospira","11":"product_tag-hospira-bombas-intravenosas","12":"product_tag-hospira-lifecare","13":"product_tag-hospira-lifecare-pca","14":"product_tag-lifecare-pca","15":"product_tag-lifecare-pca-bombas-intravenosas","17":"first","18":"instock","19":"purchasable","20":"product-type-simple"},"acf":[],"brands":[{"id":1323,"name":"Hospira","slug":"bombas-intravenosas-hospira"}],"_links":{"self":[{"href":"https:\/\/www.somatechnology.com\/spanish\/wp-json\/wp\/v2\/product\/5037","targetHints":{"allow":["GET"]}}],"collection":[{"href":"https:\/\/www.somatechnology.com\/spanish\/wp-json\/wp\/v2\/product"}],"about":[{"href":"https:\/\/www.somatechnology.com\/spanish\/wp-json\/wp\/v2\/types\/product"}],"wp:featuredmedia":[{"embeddable":true,"href":"https:\/\/www.somatechnology.com\/spanish\/wp-json\/wp\/v2\/media\/11820"}],"wp:attachment":[{"href":"https:\/\/www.somatechnology.com\/spanish\/wp-json\/wp\/v2\/media?parent=5037"}],"wp:term":[{"taxonomy":"pwb-brand","embeddable":true,"href":"https:\/\/www.somatechnology.com\/spanish\/wp-json\/wp\/v2\/pwb-brand?post=5037"},{"taxonomy":"product_brand","embeddable":true,"href":"https:\/\/www.somatechnology.com\/spanish\/wp-json\/wp\/v2\/product_brand?post=5037"},{"taxonomy":"product_cat","embeddable":true,"href":"https:\/\/www.somatechnology.com\/spanish\/wp-json\/wp\/v2\/product_cat?post=5037"},{"taxonomy":"product_tag","embeddable":true,"href":"https:\/\/www.somatechnology.com\/spanish\/wp-json\/wp\/v2\/product_tag?post=5037"}],"curies":[{"name":"wp","href":"https:\/\/api.w.org\/{rel}","templated":true}]}}