{"id":5038,"date":"2016-07-19T21:48:02","date_gmt":"2016-07-19T21:48:02","guid":{"rendered":"http:\/\/equipomedicocentral.com\/wordpress\/product\/hospira-lifecare-pca3\/"},"modified":"2025-09-23T11:45:30","modified_gmt":"2025-09-23T15:45:30","slug":"hospira-lifecare-pca3","status":"publish","type":"product","link":"https:\/\/www.somatechnology.com\/spanish\/equipo-medico-usado-remanufacturado\/terapia-intravenosa\/bombas-intravenosas\/hospira-lifecare-pca3\/","title":{"rendered":"Hospira Abbott Lifecare PCA3"},"content":{"rendered":"<h2>Caracter\u00edsticas del Hospira Abbott Lifecare PCA3<\/h2>\n<p>Junto con el software Hospira MedNet, este sistema de <strong>Lifecare PCA<\/strong> de pr\u00f3xima generaci\u00f3n ofrece una combinaci\u00f3n incomparable de caracter\u00edsticas para la terapia de analgesia controlada por el paciente, incluyendo el software Hospira MedNet con bibliotecas de f\u00e1rmacos personalizables, bar integral lector de c\u00f3digo para la identificaci\u00f3n de medicamentos de frascos pre-llenados y personalizados con c\u00f3digos de barras generados por farmacia, conjuntos de reglas de medicamentos m\u00faltiples para tanto como 18 \u00e1rea de atenci\u00f3n cl\u00ednica, viales con c\u00f3digo de barras, prellenados de medicamentos, protocolos almacenados para una r\u00e1pida y precisa programaci\u00f3n de \u00f3rdenes permanentes y dise\u00f1o f\u00e1cil de usar basado en la investigaci\u00f3n de factores humanos.<\/p>\n<ul>\n<li>Capacidad de conectividad inal\u00e1mbrica que facilita el monitoreo en tiempo real de la infusi\u00f3n, incluyendo el apoyo a la verificaci\u00f3n en tiempo real de 5 derechos.<\/li>\n<li>Pantallas de confirmaci\u00f3n y protocolos almacenados que se muestran en pantallas de programaci\u00f3n intuitivas y f\u00e1ciles de entender.<\/li>\n<li>Un lector de c\u00f3digo de barras incorporado para ayudar a confirmar la medicaci\u00f3n correcta y la concentraci\u00f3n correcta.<\/li>\n<li>Frascos de medicaci\u00f3n prellenados con c\u00f3digos de barras con etiquetas de colores que ayudan a reducir los errores y aseguran una coincidencia correcta con el conjunto de reglas de medicaci\u00f3n del hospital.<\/li>\n<li>Un teclado num\u00e9rico claro y f\u00e1cil de leer que permite la entrada directa de n\u00fameros.<\/li>\n<\/ul>\n<p>&nbsp;<\/p>\n","protected":false},"excerpt":{"rendered":"<p>Junto con el software Hospira MedNet, este sistema de Lifecare PCA de pr\u00f3xima generaci\u00f3n ofrece una combinaci\u00f3n incomparable de caracter\u00edsticas para la terapia de analgesia controlada por el paciente, incluyendo el software Hospira MedNet con bibliotecas de f\u00e1rmacos personalizables, bar integral lector de c\u00f3digo para la identificaci\u00f3n de medicamentos de frascos pre-llenados y personalizados con c\u00f3digos de barras generados por farmacia, conjuntos de reglas de medicamentos m\u00faltiples para tanto como 18 \u00e1rea de atenci\u00f3n cl\u00ednica, viales con c\u00f3digo de barras, prellenados de medicamentos, protocolos almacenados para una r\u00e1pida y precisa programaci\u00f3n de \u00f3rdenes permanentes y dise\u00f1o f\u00e1cil de usar basado en la investigaci\u00f3n de factores humanos.<\/p>\n","protected":false},"featured_media":11824,"template":"","meta":{"_acf_changed":false,"_relevanssi_hide_post":"","_relevanssi_hide_content":"","_relevanssi_pin_for_all":"","_relevanssi_pin_keywords":"","_relevanssi_unpin_keywords":"","_relevanssi_related_keywords":"","_relevanssi_related_include_ids":"","_relevanssi_related_exclude_ids":"","_relevanssi_related_no_append":"","_relevanssi_related_not_related":"","_relevanssi_related_posts":"","_relevanssi_noindex_reason":"","inline_featured_image":false},"pwb-brand":[1323],"product_brand":[],"product_cat":[52],"product_tag":[3048,2917,3680,3677,2954,2953,2955,3679],"class_list":{"0":"post-5038","1":"product","2":"type-product","3":"status-publish","4":"has-post-thumbnail","6":"pwb-brand-bombas-intravenosas-hospira","7":"product_cat-bombas-intravenosas","8":"product_tag-bombas-intravenosas","9":"product_tag-hospira","10":"product_tag-hospira-abbott-lifecare-pca3-bombas-intravenosas","11":"product_tag-hospira-bombas-intravenosas","12":"product_tag-hospira-lifecare","13":"product_tag-hospira-lifecare-pca3","14":"product_tag-lifecare-pca3","15":"product_tag-lifepace-pca-3-bombas-intravenosas","17":"first","18":"instock","19":"purchasable","20":"product-type-simple"},"acf":[],"brands":[{"id":1323,"name":"Hospira","slug":"bombas-intravenosas-hospira"}],"_links":{"self":[{"href":"https:\/\/www.somatechnology.com\/spanish\/wp-json\/wp\/v2\/product\/5038","targetHints":{"allow":["GET"]}}],"collection":[{"href":"https:\/\/www.somatechnology.com\/spanish\/wp-json\/wp\/v2\/product"}],"about":[{"href":"https:\/\/www.somatechnology.com\/spanish\/wp-json\/wp\/v2\/types\/product"}],"wp:featuredmedia":[{"embeddable":true,"href":"https:\/\/www.somatechnology.com\/spanish\/wp-json\/wp\/v2\/media\/11824"}],"wp:attachment":[{"href":"https:\/\/www.somatechnology.com\/spanish\/wp-json\/wp\/v2\/media?parent=5038"}],"wp:term":[{"taxonomy":"pwb-brand","embeddable":true,"href":"https:\/\/www.somatechnology.com\/spanish\/wp-json\/wp\/v2\/pwb-brand?post=5038"},{"taxonomy":"product_brand","embeddable":true,"href":"https:\/\/www.somatechnology.com\/spanish\/wp-json\/wp\/v2\/product_brand?post=5038"},{"taxonomy":"product_cat","embeddable":true,"href":"https:\/\/www.somatechnology.com\/spanish\/wp-json\/wp\/v2\/product_cat?post=5038"},{"taxonomy":"product_tag","embeddable":true,"href":"https:\/\/www.somatechnology.com\/spanish\/wp-json\/wp\/v2\/product_tag?post=5038"}],"curies":[{"name":"wp","href":"https:\/\/api.w.org\/{rel}","templated":true}]}}