{"id":5039,"date":"2016-07-19T21:48:02","date_gmt":"2016-07-19T21:48:02","guid":{"rendered":"http:\/\/equipomedicocentral.com\/wordpress\/product\/alaris-medsystem-iii-2863\/"},"modified":"2025-09-23T11:46:02","modified_gmt":"2025-09-23T15:46:02","slug":"bd-carefusion-alaris-medsystem-iii-series","status":"publish","type":"product","link":"https:\/\/www.somatechnology.com\/spanish\/equipo-medico-usado-remanufacturado\/terapia-intravenosa\/bombas-intravenosas\/bd-carefusion-alaris-medsystem-iii-series\/","title":{"rendered":"BD CareFusion Alaris MedSystem III Series"},"content":{"rendered":"<h2>BD CareFusion Alaris MedSystem III Series<\/h2>\n<h3>Caracter\u00edsticas Carefusion Alaris BD MedSystem III (2860, 2063, 2865)<\/h3>\n<p>El MedSystem III est\u00e1 destinado a instalaciones que utilizan bombas de infusi\u00f3n para la entrega de l\u00edquidos, medicamentos, sangre y productos sangu\u00edneos mediante la entrega continua o intermitente a trav\u00e9s de v\u00edas de administraci\u00f3n cl\u00ednicamente aceptables; por ejemplo, intravenoso (IV), intra-arterial (IA), subcut\u00e1nea, epidural, enteral, o irrigaci\u00f3n de los espacios fl\u00faidos.<\/p>\n<p>El MedSystem III es una bomba de infusi\u00f3n multicanal destinada a entregar infusiones m\u00faltiples a un solo paciente.<\/p>\n<ul>\n<li>Tres sistemas de distribuci\u00f3n de fluidos independientes en el espacio de uno<\/li>\n<li>Tama\u00f1o compacto<\/li>\n<li>F\u00e1cil a la disposici\u00f3n y al uso, con todo proporciona caracter\u00edsticas avanzadas<\/li>\n<li>Acomoda los tipos clasificados del envase<\/li>\n<li>M\u00faltiples m\u00e9todos de entrega<\/li>\n<li>Entrega precisa de una variedad de fluidos<\/li>\n<li>Utiliza conjuntos de administraci\u00f3n que proporcionan protecci\u00f3n de flujo libre<\/li>\n<li>Seis tipos de dispositivos disponibles con par\u00e1metros configurables (tasas m\u00e1ximas y m\u00ednimas, vol\u00famenes m\u00e1ximos, presiones iniciales y m\u00e1ximas, y umbrales de aire en l\u00ednea) para lograr aplicaciones cl\u00ednicas espec\u00edficas<\/li>\n<li>Mostrar el estado de infusi\u00f3n para la velocidad, el volumen restante y el volumen infundido.<\/li>\n<li>Las infusiones pueden ser programadas para entregar a una tasa especificada o durante un per\u00edodo de tiempo especificado.<\/li>\n<li>El modo secundario permite que los l\u00edquidos y medicamentos se entreguen a dos tipos diferentes, secuencialmente.<\/li>\n<li>La funci\u00f3n calculadora de tasa de dosis (DRC) realiza c\u00e1lculos volum\u00e9tricos y\/o tasa de dosis.<\/li>\n<li>Con la RDC activada, el MedSystem III muestra el estado de infusi\u00f3n para la tasa, el r\u00e9gimen de dosificaci\u00f3n y el nombre del f\u00e1rmaco.<\/li>\n<li>El protocolo de comunicaciones permite la monitorizaci\u00f3n cl\u00ednica, configuraci\u00f3n y mantenimiento de MedSystem III.<\/li>\n<li>Software de mantenimiento de campo (FMS) disponible para Biomed para configurar, servicio y soluci\u00f3n de problemas de la MedSystem III.<\/li>\n<\/ul>\n<h3>Especificaciones Carefusion Alaris BD MedSystem III (2860, 2063, 2865)<\/h3>\n<h4>Distribuci\u00f3n<\/h4>\n<ul>\n<li>2865 ofrece una gama de distribuci\u00f3n de 0,1-999 mililitros\/hora para cada canal y un KVO de la tarifa de 0,1-20,0 mililitros\/hora.<\/li>\n<li>2863 ofrece una gama de distribuci\u00f3n de 0,1-999 mililitros\/hora para cada canal y un KVO de la tarifa de 0,1-20,0 mililitros\/hora.<\/li>\n<li>2860 ofrece una gama de distribuci\u00f3n de 0,1-999 mililitros\/hora para cada canal y un KVO de la tarifa de 0,1-20,0 mililitros\/hora.<\/li>\n<\/ul>\n","protected":false},"excerpt":{"rendered":"<p>El MedSystem III est\u00e1 destinado a instalaciones que utilizan bombas de infusi\u00f3n para la entrega de l\u00edquidos, medicamentos, sangre y productos sangu\u00edneos mediante la entrega continua o intermitente a trav\u00e9s de v\u00edas de administraci\u00f3n cl\u00ednicamente aceptables; por ejemplo, intravenoso (IV), intra-arterial (IA), subcut\u00e1nea, epidural, enteral, o irrigaci\u00f3n de los espacios fl\u00faidos.<\/p>\n","protected":false},"featured_media":11793,"template":"","meta":{"_acf_changed":false,"_relevanssi_hide_post":"","_relevanssi_hide_content":"","_relevanssi_pin_for_all":"","_relevanssi_pin_keywords":"","_relevanssi_unpin_keywords":"","_relevanssi_related_keywords":"","_relevanssi_related_include_ids":"","_relevanssi_related_exclude_ids":"","_relevanssi_related_no_append":"","_relevanssi_related_not_related":"","_relevanssi_related_posts":"","_relevanssi_noindex_reason":"","inline_featured_image":false},"pwb-brand":[1327],"product_brand":[],"product_cat":[52],"product_tag":[2898,2899,2933,2932,2931,2930,2929,1025,2934],"class_list":{"0":"post-5039","1":"product","2":"type-product","3":"status-publish","4":"has-post-thumbnail","6":"pwb-brand-equipo-medico-bd-becton-dickinson","7":"product_cat-bombas-intravenosas","8":"product_tag-alaris","9":"product_tag-bd","10":"product_tag-bd-carefusion","11":"product_tag-bd-carefusion-alaris","12":"product_tag-bd-carefusion-alaris-medsystem","13":"product_tag-bd-carefusion-alaris-medsystem-3","14":"product_tag-bd-carefusion-alaris-medsystem-iii","15":"product_tag-carefusion","16":"product_tag-medsystem","18":"first","19":"instock","20":"purchasable","21":"product-type-simple"},"acf":[],"brands":[{"id":1327,"name":"BD","slug":"equipo-medico-bd-becton-dickinson"}],"_links":{"self":[{"href":"https:\/\/www.somatechnology.com\/spanish\/wp-json\/wp\/v2\/product\/5039","targetHints":{"allow":["GET"]}}],"collection":[{"href":"https:\/\/www.somatechnology.com\/spanish\/wp-json\/wp\/v2\/product"}],"about":[{"href":"https:\/\/www.somatechnology.com\/spanish\/wp-json\/wp\/v2\/types\/product"}],"wp:featuredmedia":[{"embeddable":true,"href":"https:\/\/www.somatechnology.com\/spanish\/wp-json\/wp\/v2\/media\/11793"}],"wp:attachment":[{"href":"https:\/\/www.somatechnology.com\/spanish\/wp-json\/wp\/v2\/media?parent=5039"}],"wp:term":[{"taxonomy":"pwb-brand","embeddable":true,"href":"https:\/\/www.somatechnology.com\/spanish\/wp-json\/wp\/v2\/pwb-brand?post=5039"},{"taxonomy":"product_brand","embeddable":true,"href":"https:\/\/www.somatechnology.com\/spanish\/wp-json\/wp\/v2\/product_brand?post=5039"},{"taxonomy":"product_cat","embeddable":true,"href":"https:\/\/www.somatechnology.com\/spanish\/wp-json\/wp\/v2\/product_cat?post=5039"},{"taxonomy":"product_tag","embeddable":true,"href":"https:\/\/www.somatechnology.com\/spanish\/wp-json\/wp\/v2\/product_tag?post=5039"}],"curies":[{"name":"wp","href":"https:\/\/api.w.org\/{rel}","templated":true}]}}