{"id":5045,"date":"2016-07-19T21:48:55","date_gmt":"2016-07-19T21:48:55","guid":{"rendered":"http:\/\/equipomedicocentral.com\/wordpress\/product\/sigma-8000\/"},"modified":"2023-08-23T06:18:17","modified_gmt":"2023-08-23T10:18:17","slug":"sigma-8000","status":"publish","type":"product","link":"https:\/\/www.somatechnology.com\/spanish\/equipo-medico-usado-remanufacturado\/terapia-intravenosa\/bombas-intravenosas\/sigma-8000\/","title":{"rendered":"Baxter Sigma 8000"},"content":{"rendered":"<h2>Bomba de Infusi\u00f3n Baxter Sigma 8000<\/h2>\n<p>La <strong>sigma 8000<\/strong> realiza todas las funciones de la bomba programable 6000 + y utiliza los mismos sistemas de IV est\u00e1ndar. Las caracter\u00edsticas adicionales del SG 8000 incluyen la capacidad de ser calibrado en el campo para cualquiera de los tres tubos del fabricante (los modelos anteriores de la sigma son duro-calibrados en la f\u00e1brica), ofrece la programaci\u00f3n de la infusi\u00f3n de la NPT del perfil, introduciendo tiempo y el volumen total a ser entregado, y puede ser funcionado con el mismo sistema por 72 horas (en vez del normal 24) antes de que la tuber\u00eda deba ser cambiada sin afectar a su exactitud del \u00b1 5%. Un sistema integral de protecci\u00f3n de flujo libre impide que el conjunto se retire de la bomba sin cerrar las abrazaderas de l\u00ednea. La nueva tecnolog\u00eda incorporada en el sistema del sensor reduce el n\u00famero de alarmas aire-en-l\u00ednea y de la obstrucci\u00f3n, largo un problema con los modelos anteriores de la sigma. Las opciones futuras incluir\u00e1n la PCA y la operaci\u00f3n de dosificaci\u00f3n en bolos, la aceptaci\u00f3n de aplicaciones de jeringas, la entrega primaria y secundaria de tiempo\/volumen y la calibraci\u00f3n de la bomba para aceptar los tubos de otros fabricantes, como los productos de las especialidades m\u00e9dicas.<\/p>\n","protected":false},"excerpt":{"rendered":"<p>Bomba de Infusi\u00f3n<\/p>\n","protected":false},"featured_media":11783,"template":"","meta":{"_acf_changed":false,"_relevanssi_hide_post":"","_relevanssi_hide_content":"","_relevanssi_pin_for_all":"","_relevanssi_pin_keywords":"","_relevanssi_unpin_keywords":"","_relevanssi_related_keywords":"","_relevanssi_related_include_ids":"","_relevanssi_related_exclude_ids":"","_relevanssi_related_no_append":"","_relevanssi_related_not_related":"","_relevanssi_related_posts":"","_relevanssi_noindex_reason":"","inline_featured_image":false},"pwb-brand":[1321],"product_brand":[],"product_cat":[52],"product_tag":[2936,3670,2969,3051,4735,4734,3048,3671,3052],"class_list":{"0":"post-5045","1":"product","2":"type-product","3":"status-publish","4":"has-post-thumbnail","6":"pwb-brand-bombas-intravenosas-baxter","7":"product_cat-bombas-intravenosas","8":"product_tag-baxter","9":"product_tag-baxter-bombas-intravenosas","10":"product_tag-baxter-sigma","11":"product_tag-baxter-sigma-8000","12":"product_tag-baxter-sigma-8000-bombas-intravenosas","13":"product_tag-baxter-sigma-bombas-intravenosas","14":"product_tag-bombas-intravenosas","15":"product_tag-bombas-intravenosas-baxter","16":"product_tag-sigma-8000","18":"first","19":"instock","20":"purchasable","21":"product-type-simple"},"acf":[],"brands":[{"id":1321,"name":"Baxter","slug":"bombas-intravenosas-baxter"}],"_links":{"self":[{"href":"https:\/\/www.somatechnology.com\/spanish\/wp-json\/wp\/v2\/product\/5045","targetHints":{"allow":["GET"]}}],"collection":[{"href":"https:\/\/www.somatechnology.com\/spanish\/wp-json\/wp\/v2\/product"}],"about":[{"href":"https:\/\/www.somatechnology.com\/spanish\/wp-json\/wp\/v2\/types\/product"}],"wp:featuredmedia":[{"embeddable":true,"href":"https:\/\/www.somatechnology.com\/spanish\/wp-json\/wp\/v2\/media\/11783"}],"wp:attachment":[{"href":"https:\/\/www.somatechnology.com\/spanish\/wp-json\/wp\/v2\/media?parent=5045"}],"wp:term":[{"taxonomy":"pwb-brand","embeddable":true,"href":"https:\/\/www.somatechnology.com\/spanish\/wp-json\/wp\/v2\/pwb-brand?post=5045"},{"taxonomy":"product_brand","embeddable":true,"href":"https:\/\/www.somatechnology.com\/spanish\/wp-json\/wp\/v2\/product_brand?post=5045"},{"taxonomy":"product_cat","embeddable":true,"href":"https:\/\/www.somatechnology.com\/spanish\/wp-json\/wp\/v2\/product_cat?post=5045"},{"taxonomy":"product_tag","embeddable":true,"href":"https:\/\/www.somatechnology.com\/spanish\/wp-json\/wp\/v2\/product_tag?post=5045"}],"curies":[{"name":"wp","href":"https:\/\/api.w.org\/{rel}","templated":true}]}}