{"id":5047,"date":"2016-07-19T21:48:55","date_gmt":"2016-07-19T21:48:55","guid":{"rendered":"http:\/\/equipomedicocentral.com\/wordpress\/product\/ge-airborne-750i\/"},"modified":"2023-08-23T06:18:18","modified_gmt":"2023-08-23T10:18:18","slug":"ge-airborne-750i","status":"publish","type":"product","link":"https:\/\/www.somatechnology.com\/spanish\/equipo-medico-usado-remanufacturado\/ucii-nicu-unidades-neonatales-cuidado-intensivo\/incubadoras\/ge-airborne-750i\/","title":{"rendered":"GE Airborne 750i"},"content":{"rendered":"<h2>Caracter\u00edsticas del\u00a0GE Airborne 750i<\/h2>\n<p>La <strong>incubadora de transporte 750i de GE<\/strong> est\u00e1 dise\u00f1ada para que pueda proporcionar un cuidado excepcional a los reci\u00e9n nacidos durante el transporte intra-hospitalario. El dise\u00f1o compacto ayuda a garantizar la comodidad del beb\u00e9, y puede ser equipado con todo lo necesario para proporcionar un transporte seguro dentro del hospital, incluyendo un monitor opcional y\/o un sistema de gesti\u00f3n de las v\u00edas respiratorias.<\/p>\n<p>La incubadora de transporte 750i en el aire tambi\u00e9n ofrece<\/p>\n<ul>\n<li>Un dise\u00f1o compacto<\/li>\n<li>Una duraci\u00f3n prolongada de la bater\u00eda de hasta 5 horas<\/li>\n<li>Una capucha de doble pared que reduce la p\u00e9rdida de calor mientras proporciona acceso total y alta visibilidad<\/li>\n<li>Espacio para al menos dos (2) cilindros de gas<\/li>\n<\/ul>\n<h2 dir=\"ltr\" data-placeholder=\"Translation\"><span lang=\"es\">Especificaciones del\u00a0<\/span>GE Airborne 750i<\/h2>\n<ul>\n<li>C\u00e1mara infantil grande de la doble-pared con la visibilidad de 360 \u02da<\/li>\n<li>Puerta de acceso principal<\/li>\n<li>Puerta de acceso delantera<\/li>\n<li>2 puertos de mano<\/li>\n<li>5 puertos accesorios para tuber\u00eda IV\/respiratoria<\/li>\n<li>Deslice la bandeja de intubaci\u00f3n y el colch\u00f3n<\/li>\n<li>Luz de examen de alta intensidad<\/li>\n<li>Bater\u00eda de vida extendida<\/li>\n<li>Sonda de temperatura cut\u00e1nea<\/li>\n<li>Exhibici\u00f3n de LED grande<\/li>\n<li>Dep\u00f3sito de humidificaci\u00f3n<\/li>\n<li>Poste IV<\/li>\n<li>2 pares de correas de seguridad para ni\u00f1os<\/li>\n<li>2 montajes de cilindros \u00abD\u00bb o 2 \u00abE\u00bb<\/li>\n<li>Carrito m\u00f3vil con 2 estantes de almacenamiento<\/li>\n<li>Grandes ruedas de 5 pulgadas con frenos<\/li>\n<li>4 amortiguadores anti-vibraci\u00f3n<\/li>\n<li>4 enchufes del A\/C del grado m\u00e9dico<\/li>\n<li>Envoltura del cable de alimentaci\u00f3n<\/li>\n<\/ul>\n<h3>Alarmas e indicadores<\/h3>\n<p>Alarmas de audio y visuales<\/p>\n<ul>\n<li>Alta temperatura del aire<\/li>\n<li>Falla de temperatura del aire<\/li>\n<li>Falla del flujo de aire (temperatura del calentador)<\/li>\n<li>Fallo del sistema (fallo del componente)<\/li>\n<li>Aver\u00eda de la CA<\/li>\n<li>Temp &gt; 37 \u02da C<\/li>\n<\/ul>\n<p>Indicadores visuales<\/p>\n<ul>\n<li>Temp del beb\u00e9<\/li>\n<li>Temperatura del aire<\/li>\n<li>Fije Temp<\/li>\n<li>Estado de condici\u00f3n de la bater\u00eda<\/li>\n<li>Estado de recarga de la bater\u00eda<\/li>\n<li>Bater\u00eda baja<\/li>\n<li>Alimentaci\u00f3n de CA<\/li>\n<li>Energ\u00eda de la c.c. (bater\u00eda)<\/li>\n<li>Energ\u00eda de la c.c. externa<\/li>\n<\/ul>\n<h3>Tama\u00f1o y peso<\/h3>\n<p>Incubadora y carro<\/p>\n<ul>\n<li>48,25 \u00abH (122,5 cm)<\/li>\n<li>24,0 \u00abW (61 cm)<\/li>\n<li>50,0 \u00abL (127,0 cm)<\/li>\n<li>Peso 166,5 lbs (75,52 kg)<\/li>\n<\/ul>\n<h2>Voltajes<\/h2>\n<p>AC Power<\/p>\n<ul>\n<li>115 VAC 50-400Hz<\/li>\n<li>230 VAC 50-400Hz<\/li>\n<\/ul>\n<p>Internal Battery<\/p>\n<ul>\n<li>12VDC<\/li>\n<\/ul>\n<p>Corriente continua externa<\/p>\n<ul>\n<li>12VDC<\/li>\n<\/ul>\n<p>Control de temperatura del aire digital<\/p>\n<ul>\n<li>Aire Temp control 17.0-38.9 \u02da C (0,1 \u02da incrementos)<\/li>\n<li>Resoluci\u00f3n 0.1 \u02da C de la exhibici\u00f3n<\/li>\n<\/ul>\n","protected":false},"excerpt":{"rendered":"<p>Incubadora de transporte neonatal<\/p>\n","protected":false},"featured_media":21080,"template":"","meta":{"_acf_changed":false,"_relevanssi_hide_post":"","_relevanssi_hide_content":"","_relevanssi_pin_for_all":"","_relevanssi_pin_keywords":"","_relevanssi_unpin_keywords":"","_relevanssi_related_keywords":"","_relevanssi_related_include_ids":"","_relevanssi_related_exclude_ids":"","_relevanssi_related_no_append":"","_relevanssi_related_not_related":"","_relevanssi_related_posts":"","_relevanssi_noindex_reason":"","inline_featured_image":false},"pwb-brand":[1100],"product_brand":[],"product_cat":[55],"product_tag":[3225,3227,4184,224,3224,3226,4183,4182,3910],"class_list":{"0":"post-5047","1":"product","2":"type-product","3":"status-publish","4":"has-post-thumbnail","6":"pwb-brand-equipo-medico-ge","7":"product_cat-incubadoras","8":"product_tag-airborne","9":"product_tag-airborne-750i","10":"product_tag-airborne-750i-incubadoras","11":"product_tag-ge","12":"product_tag-ge-airborne","13":"product_tag-ge-airborne-750i","14":"product_tag-ge-airborne-incubadoras","15":"product_tag-ge-incubadoras","16":"product_tag-incubadoras","18":"first","19":"instock","20":"purchasable","21":"product-type-simple"},"acf":[],"brands":[{"id":1100,"name":"GE","slug":"equipo-medico-ge"}],"_links":{"self":[{"href":"https:\/\/www.somatechnology.com\/spanish\/wp-json\/wp\/v2\/product\/5047","targetHints":{"allow":["GET"]}}],"collection":[{"href":"https:\/\/www.somatechnology.com\/spanish\/wp-json\/wp\/v2\/product"}],"about":[{"href":"https:\/\/www.somatechnology.com\/spanish\/wp-json\/wp\/v2\/types\/product"}],"wp:featuredmedia":[{"embeddable":true,"href":"https:\/\/www.somatechnology.com\/spanish\/wp-json\/wp\/v2\/media\/21080"}],"wp:attachment":[{"href":"https:\/\/www.somatechnology.com\/spanish\/wp-json\/wp\/v2\/media?parent=5047"}],"wp:term":[{"taxonomy":"pwb-brand","embeddable":true,"href":"https:\/\/www.somatechnology.com\/spanish\/wp-json\/wp\/v2\/pwb-brand?post=5047"},{"taxonomy":"product_brand","embeddable":true,"href":"https:\/\/www.somatechnology.com\/spanish\/wp-json\/wp\/v2\/product_brand?post=5047"},{"taxonomy":"product_cat","embeddable":true,"href":"https:\/\/www.somatechnology.com\/spanish\/wp-json\/wp\/v2\/product_cat?post=5047"},{"taxonomy":"product_tag","embeddable":true,"href":"https:\/\/www.somatechnology.com\/spanish\/wp-json\/wp\/v2\/product_tag?post=5047"}],"curies":[{"name":"wp","href":"https:\/\/api.w.org\/{rel}","templated":true}]}}