{"id":5049,"date":"2016-07-19T21:48:55","date_gmt":"2016-07-19T21:48:55","guid":{"rendered":"http:\/\/equipomedicocentral.com\/wordpress\/product\/5049\/"},"modified":"2023-08-23T06:18:19","modified_gmt":"2023-08-23T10:18:19","slug":"maquet-datascope-cs100i","status":"publish","type":"product","link":"https:\/\/www.somatechnology.com\/spanish\/equipo-medico-usado-remanufacturado\/cardiovascular\/bombas-intra-aorticas\/maquet-datascope-cs100i\/","title":{"rendered":"Maquet Datascope CS100i"},"content":{"rendered":"<h3>CARACTER\u00cdSTICAS DE MAQUET DATASCOPE CS100i<\/h3>\n<p>El <strong>Datascope CS 100i<\/strong> es un bomba intra-aortica que incorpora el software Intellasync. El Datascope CS 100i es un modelo m\u00e1s reciente de IABP que se bas\u00f3 en la serie Datascope 90. El sistema CS100i viene con hardware y software actualizados junto con caracter\u00edsticas adicionales. El Maquet Datascope CS100i viene con tres modos de funcionamiento diferentes: autom\u00e1tico, semiautom\u00e1tico y manual, lo que facilita el cambio de uno a otro cuando sea necesario. El Datascope Cs 100i y el Datascope CS 100 son el mismo sistema, la \u00fanica diferencia entre ellos es el software actualizado de las unidades actuales. El Datascope IAPB puede utilizarse en un quir\u00f3fano, un laboratorio de cateterismo o un entorno de cuidados intensivos. El Datascope puede personalizarse para adaptarse a cada necesidad.<\/p>\n<ul>\n<li>Eval\u00faa y selecciona autom\u00e1ticamente la fuente de disparo y la derivaci\u00f3n \u00f3ptimas<\/li>\n<li>Establece el inflado en la muesca dicr\u00f3tica y desinfla el BCIA al inicio de la s\u00edstole<\/li>\n<li>Responde a los cambios en la calidad de la se\u00f1al seleccionando una nueva fuente de disparo<\/li>\n<li>La gesti\u00f3n automatizada de la fuente de disparo y del tiempo proporciona una asistencia continua y coherente a su paciente.<\/li>\n<\/ul>\n<h2>ESPECIFICACIONES DE MAQUET DATASCOPE CS100i<\/h2>\n<h3>Dimensiones<\/h3>\n<ul>\n<li>Altura: 30 pulg (76.2 cm)<\/li>\n<li>Anchura: 22.5 pulg (57.2 cm)<\/li>\n<li>Profundidad: 13.2 pulg (33.5 cm)<\/li>\n<\/ul>\n<p>Sobre Carro<\/p>\n<ul>\n<li>Altura: 42.2 pulg (114.8 cm)<\/li>\n<li>Anchura: 17.6 pulg (44.7 cm)<\/li>\n<li>Profundidad: 23.4 pulg ( 59.4 cm)<\/li>\n<\/ul>\n<p>Fuera del Carro<\/p>\n<ul>\n<li>Altura: 28.2 pulg (71.6 cm)<\/li>\n<li>Anchura: 11.3 pulg (28.7 cm)<\/li>\n<li>Profundidad: 21.5 pulg (54.6 cm)<\/li>\n<li>Peso del monitor: 9.5 lbs (4.3 kg)<\/li>\n<li>Peso de la consola: 133.2 lbs (60.4 kg)<\/li>\n<\/ul>\n<h3>Pantalla en Color<\/h3>\n<ul>\n<li>Anchura: 8.3 pulg (21 cm)<\/li>\n<li>Altura: 6.2 pulg (15.8 cm)<\/li>\n<li>\u00c1ngulo de visi\u00f3n:\n<ul>\n<li>Arriba 45\u00b0<\/li>\n<li>Abajo: 55\u00b0<\/li>\n<li>Derecha 70\u00b0<\/li>\n<li>Izquierda 70\u00b0<\/li>\n<li>Gira 330\u00b0<\/li>\n<li>Inclinaci\u00f3n 180\u00b0<\/li>\n<\/ul>\n<\/li>\n<li>Cierre desmontable tipo ordenador port\u00e1til para guardarlo y protegerlo<\/li>\n<\/ul>\n<h3>Alimentaci\u00f3n<\/h3>\n<ul>\n<li>Tensi\u00f3n de Red: 100-120 VCA \u00b1 10% o 220-240 VCA \u00b1 10%.<\/li>\n<li>Frecuencia de Red: 50\/60 Hz \u00b1 3 Hz<\/li>\n<li>Bater\u00eda Interna: 24 V CC (nominal), 17,2 amperios-hora, 3 h (aprox. a 90 bpm)<\/li>\n<li>Tipo de Bater\u00eda: Sin mantenimiento; Plomo-\u00e1cido sellado<\/li>\n<\/ul>\n<h3>Informaci\u00f3n General<\/h3>\n<ul>\n<li>Ganancia ECG (por defecto): 1 V de salida por 1 mV de entrada \u00b15% (forma de onda escalada autom\u00e1ticamente para ocupar la ventana de visualizaci\u00f3n de ECG)<\/li>\n<li>Ganancia (variable): 0.15 a 3.0 cm\/mV \u00b120% (escala autom\u00e1tica desactivada)<\/li>\n<li>Respuesta en frecuencia: 0.5-12 Hz (pantalla); 0.5-135 Hz (salida al monitor)<\/li>\n<li>Protecci\u00f3n del desfibrilador: Niveles de descarga 360 J (el trazo vuelve a la pantalla en 5 seg. m\u00e1x.)<\/li>\n<\/ul>\n<h3>Condiciones de Funcionamiento<\/h3>\n<ul>\n<li>Temperatura de funcionamiento: 10\u00b0C &#8211; 40\u00b0C<\/li>\n<li>Humedad de funcionamiento: 5 &#8211; 95% (H.R.) sin condensaci\u00f3n<\/li>\n<li>Altitud de funcionamiento: 0 \u2013 12,000 pies (3,657 m); correcci\u00f3n autom\u00e1tica de la altitud para la presi\u00f3n IAB<\/li>\n<\/ul>\n<h2>M\u00c1S INFORMACI\u00d3N SOBRE EL MAQUET DATASCOPE CS100i<\/h2>\n<h3>Maquet Datascope CS100i Reconstruido<\/h3>\n<p>Soma Tech Intl ofrece el Maquet Datascope CS100i hasta un 50% por debajo de los precios original con el mismo servicio y garant\u00eda que los nuevos. El Datascope CS100i no s\u00f3lo est\u00e1 t\u00e9cnicamente reconstruido, sino que tambi\u00e9n est\u00e1 cosm\u00e9ticamente reacondicionado para que funcione y se vea como nuevo. Cuando se inicia el proceso de reacondicionamiento del CS100i \u00e9sta cuidadosamente inspeccionado y probado por nuestros propios ingenieros biom\u00e9dicos quien son certificados para trabajar con bomba intra-aorticas. Si es necesario, se reemplazan las piezas para asegurarse de que todos los aspectos del CS100i funcionen con eficaz. Una vez que todo est\u00e1 en orden de funcionamiento, la unidad se calibra con las especificaciones originales del fabricante. Esto asegura que la unidad est\u00e1 funcionando de la misma manera que cuando sali\u00f3 originalmente del fabricante. Despu\u00e9s de que la m\u00e1quina funciona como nuevo, se somete a un proceso especial de restauraci\u00f3n cosm\u00e9tica. Se limpia, se reparan los peque\u00f1os ara\u00f1azos y abolladuras, se pinta y se sustituyen las calcoman\u00edas si es necesario. Soma Tech Intl cuenta con la certificaci\u00f3n ISO 13485 y se asegura de que se d\u00e9 la mejor calidad a todos los equipos m\u00e9dicos que venden. Antes de que el CS100i sea etiquetado como listo para el paciente y empacado para su env\u00edo, pasa por una \u00faltima prueba de control de calidad que asegura que todos los aspectos est\u00e1n funcionando de nuevo como deber\u00edan. Si desea comprar el Datascope CS100i reconstruido, p\u00f3ngase en contacto con nosotros en Soma@SomaTechnology.com o ll\u00e1menos al 1-800-GET-SOMA.<\/p>\n<p>Soma Tech Intl tambi\u00e9n est\u00e1 buscando activamente para comprar un Maquet Datascope CS100i. Si usted o su instalaci\u00f3n est\u00e1 buscando vender su unidad, aseg\u00farese de ponerse en contacto con Soma Tech Intl. Soma tiene un departamento de compras dedicado en ayudar a trav\u00e9s de todo el proceso. La venta de su bomba intra-aortica usado o de segunda mano a Soma Tech Intl elimina el intermediario en la ecuaci\u00f3n. Esto tambi\u00e9n asegura que su centro m\u00e9dico obtiene el mejor precio por su equipo. Soma cumple al 100% con las normas HIPPA y se asegura de que su equipo llegue a nuestras instalaciones en las mismas condiciones en que sali\u00f3 del suyo. Soma Tech Intl tambi\u00e9n da la opci\u00f3n de cr\u00e9dito de intercambio en su equipo m\u00e9dico. Si usted o su instalaci\u00f3n est\u00e1 buscando recuperar espacio para nuevos equipos, o si usted est\u00e1 buscando para actualizar su equipo actual, p\u00f3ngase en contacto con el departamento de compras en Buyer@SomaTechnology.com o env\u00edenos un mensaje en nuestro sitio web Vender a Soma.<\/p>\n","protected":false},"excerpt":{"rendered":"<p>Bombas Intra-Aorticas<\/p>\n","protected":false},"featured_media":21098,"template":"","meta":{"_acf_changed":false,"_relevanssi_hide_post":"","_relevanssi_hide_content":"","_relevanssi_pin_for_all":"","_relevanssi_pin_keywords":"","_relevanssi_unpin_keywords":"","_relevanssi_related_keywords":"","_relevanssi_related_include_ids":"","_relevanssi_related_exclude_ids":"","_relevanssi_related_no_append":"","_relevanssi_related_not_related":"","_relevanssi_related_posts":"","_relevanssi_noindex_reason":"","inline_featured_image":false},"pwb-brand":[1109],"product_brand":[],"product_cat":[96],"product_tag":[3348,6954,6955,507,6956,6957,519,3351,6958],"class_list":{"0":"post-5049","1":"product","2":"type-product","3":"status-publish","4":"has-post-thumbnail","6":"pwb-brand-equipo-medico-maquet","7":"product_cat-bombas-intra-aorticas","8":"product_tag-bombas-intra-aorticas","9":"product_tag-cs100","10":"product_tag-cs100i","11":"product_tag-datascope","12":"product_tag-datascope-cs100","13":"product_tag-datascope-cs100i","14":"product_tag-maquet","15":"product_tag-maquet-cs100","16":"product_tag-maquet-cs100i","18":"first","19":"instock","20":"purchasable","21":"product-type-simple"},"acf":[],"brands":[{"id":1109,"name":"Maquet","slug":"equipo-medico-maquet"}],"_links":{"self":[{"href":"https:\/\/www.somatechnology.com\/spanish\/wp-json\/wp\/v2\/product\/5049","targetHints":{"allow":["GET"]}}],"collection":[{"href":"https:\/\/www.somatechnology.com\/spanish\/wp-json\/wp\/v2\/product"}],"about":[{"href":"https:\/\/www.somatechnology.com\/spanish\/wp-json\/wp\/v2\/types\/product"}],"wp:featuredmedia":[{"embeddable":true,"href":"https:\/\/www.somatechnology.com\/spanish\/wp-json\/wp\/v2\/media\/21098"}],"wp:attachment":[{"href":"https:\/\/www.somatechnology.com\/spanish\/wp-json\/wp\/v2\/media?parent=5049"}],"wp:term":[{"taxonomy":"pwb-brand","embeddable":true,"href":"https:\/\/www.somatechnology.com\/spanish\/wp-json\/wp\/v2\/pwb-brand?post=5049"},{"taxonomy":"product_brand","embeddable":true,"href":"https:\/\/www.somatechnology.com\/spanish\/wp-json\/wp\/v2\/product_brand?post=5049"},{"taxonomy":"product_cat","embeddable":true,"href":"https:\/\/www.somatechnology.com\/spanish\/wp-json\/wp\/v2\/product_cat?post=5049"},{"taxonomy":"product_tag","embeddable":true,"href":"https:\/\/www.somatechnology.com\/spanish\/wp-json\/wp\/v2\/product_tag?post=5049"}],"curies":[{"name":"wp","href":"https:\/\/api.w.org\/{rel}","templated":true}]}}