{"id":5059,"date":"2016-07-19T21:48:55","date_gmt":"2016-07-19T21:48:55","guid":{"rendered":"http:\/\/equipomedicocentral.com\/wordpress\/product\/storz-xenon-300-20133120\/"},"modified":"2024-10-25T09:54:28","modified_gmt":"2024-10-25T13:54:28","slug":"storz-xenon-300-20133120","status":"publish","type":"product","link":"https:\/\/www.somatechnology.com\/spanish\/equipo-medico-usado-remanufacturado\/sistema-de-video-endoscopia\/fuentes-de-luz\/storz-xenon-300-20133120\/","title":{"rendered":"Storz Xenon 300 &#8211; 20133120"},"content":{"rendered":"<h2><strong>Caracter\u00edsticas de la <\/strong>Storz Xenon 300<\/h2>\n<p>La<a href=\"https:\/\/www.somatechnology.com\/wp-content\/uploads\/sites\/2\/2016\/07\/Storz-Xenon-300-20133120-spa.pdf\"> <strong>l\u00e1mpara de xen\u00f3n Karl Storz 20133120 Cermax<\/strong><\/a> de <strong>Excelitas<\/strong> es la fuente de luz de xen\u00f3n preferida para aplicaciones de iluminaci\u00f3n con fibra \u00f3ptica, como en la endoscopia y l\u00e1mparas quir\u00fargicas. Esta es una bombilla m\u00e9dica de endoscopio quir\u00fargico de arco de xen\u00f3n de 300 vatios con un reflector parab\u00f3lico. La bombilla PE300BF tiene una vida \u00fatil de 1000 horas y un per\u00edodo de garant\u00eda de hasta 500 horas.<\/p>\n<ul>\n<li>Bombilla de xen\u00f3n de 300 vatios<\/li>\n<li>Conectores BNC de entrada\/salida de video<\/li>\n<li>Conectores Mini-Din de 6 pines para interfaz SCB opcional<\/li>\n<\/ul>\n<p>&nbsp;<\/p>\n","protected":false},"excerpt":{"rendered":"<p>Rigid Light Source<\/p>\n","protected":false},"featured_media":31141,"template":"","meta":{"_acf_changed":false,"_relevanssi_hide_post":"","_relevanssi_hide_content":"","_relevanssi_pin_for_all":"","_relevanssi_pin_keywords":"","_relevanssi_unpin_keywords":"","_relevanssi_related_keywords":"","_relevanssi_related_include_ids":"","_relevanssi_related_exclude_ids":"","_relevanssi_related_no_append":"","_relevanssi_related_not_related":"","_relevanssi_related_posts":"","_relevanssi_noindex_reason":"","inline_featured_image":false},"pwb-brand":[1081],"product_brand":[],"product_cat":[74,84],"product_tag":[168,2198,2184,2181,2197,2183],"class_list":{"0":"post-5059","1":"product","2":"type-product","3":"status-publish","4":"has-post-thumbnail","6":"pwb-brand-storz","7":"product_cat-fuentes-de-luz","8":"product_cat-sistema-de-video-endoscopia","9":"product_tag-storz","10":"product_tag-storz-fuentes-de-luz","11":"product_tag-storz-xenon","12":"product_tag-storz-xenon-300","13":"product_tag-storz-xenon-300-20133120","14":"product_tag-storz-xenon-300-fuentes-de-luz","16":"first","17":"instock","18":"purchasable","19":"product-type-simple"},"acf":[],"brands":[{"id":1081,"name":"Storz","slug":"storz"}],"_links":{"self":[{"href":"https:\/\/www.somatechnology.com\/spanish\/wp-json\/wp\/v2\/product\/5059","targetHints":{"allow":["GET"]}}],"collection":[{"href":"https:\/\/www.somatechnology.com\/spanish\/wp-json\/wp\/v2\/product"}],"about":[{"href":"https:\/\/www.somatechnology.com\/spanish\/wp-json\/wp\/v2\/types\/product"}],"wp:featuredmedia":[{"embeddable":true,"href":"https:\/\/www.somatechnology.com\/spanish\/wp-json\/wp\/v2\/media\/31141"}],"wp:attachment":[{"href":"https:\/\/www.somatechnology.com\/spanish\/wp-json\/wp\/v2\/media?parent=5059"}],"wp:term":[{"taxonomy":"pwb-brand","embeddable":true,"href":"https:\/\/www.somatechnology.com\/spanish\/wp-json\/wp\/v2\/pwb-brand?post=5059"},{"taxonomy":"product_brand","embeddable":true,"href":"https:\/\/www.somatechnology.com\/spanish\/wp-json\/wp\/v2\/product_brand?post=5059"},{"taxonomy":"product_cat","embeddable":true,"href":"https:\/\/www.somatechnology.com\/spanish\/wp-json\/wp\/v2\/product_cat?post=5059"},{"taxonomy":"product_tag","embeddable":true,"href":"https:\/\/www.somatechnology.com\/spanish\/wp-json\/wp\/v2\/product_tag?post=5059"}],"curies":[{"name":"wp","href":"https:\/\/api.w.org\/{rel}","templated":true}]}}