{"id":5101,"date":"2016-07-19T21:50:45","date_gmt":"2016-07-19T21:50:45","guid":{"rendered":"http:\/\/equipomedicocentral.com\/wordpress\/product\/ge-ohmeda-4400\/"},"modified":"2023-08-23T06:18:37","modified_gmt":"2023-08-23T10:18:37","slug":"ge-ohmeda-4400","status":"publish","type":"product","link":"https:\/\/www.somatechnology.com\/spanish\/equipo-medico-usado-remanufacturado\/ucii-nicu-unidades-neonatales-cuidado-intensivo\/cunas-termicas\/ge-ohmeda-4400\/","title":{"rendered":"GE Ohmeda 4400"},"content":{"rendered":"<h2>Caracter\u00edsticas del\u00a0Cuna T\u00e9rmica GE Ohmeda 4400<\/h2>\n<p>El sistema de calentamiento infantil <strong>GE Ohmeda 4400<\/strong> utiliza un modo de operaci\u00f3n manual que permite seleccionar el nivel de la salida de calor radiante como se indica en el display de% Power del panel de control y el circuito de control mantiene el nivel seleccionado de calor radiante. El modo de funcionamiento servo permite la selecci\u00f3n de la temperatura de control del paciente y un sistema de control modula el calor radiante para mantener al paciente a la temperatura de control seleccionada. Las alarmas se activan para alertar al operador de una temperatura baja o alta del paciente, un fallo de la sonda de temperatura de la piel, un apag\u00f3n, un fallo del equipo o un indicador de comprobaci\u00f3n del paciente<\/p>\n<ul>\n<li>Control de microprocesador<\/li>\n<li>Control de salida de 20 segmentos<\/li>\n<li>Temporizador Apgar digital<\/li>\n<li>Base de elevaci\u00f3n accionada<\/li>\n<li>Modo de pre-calentamiento<\/li>\n<li>Sistema de montaje de riel de cola de Milano<\/li>\n<li>La cama grande acomoda a infantes m\u00e1s grandes f\u00e1cilmente<\/li>\n<li>La altura de la cama se ajusta a un nivel de trabajo c\u00f3modo<\/li>\n<li>El calentador infantil de GE Ohmeda 4400 utiliza un sistema avanzado del microprocesador supervisa continuamente el estado del paciente y de la m\u00e1quina<\/li>\n<li>F\u00e1cil acceso del paciente desde cualquier lugar alrededor de la unidad<\/li>\n<li>Energ\u00eda del calentador: 550 vatios el \u00b1 5% en el ajuste m\u00e1ximo de la energ\u00eda%<\/li>\n<li>Luz de la examinaci\u00f3n luminancia: 100 (nominal) velas del pie en el centro del colch\u00f3n<\/li>\n<\/ul>\n<h2 dir=\"ltr\" data-placeholder=\"Translation\"><span lang=\"es\">Especificaciones del\u00a0<\/span>GE Ohmeda 4400<\/h2>\n<h3>Dimensiones<\/h3>\n<ul>\n<li>Altura: 183 a 203 cm (72 a 80 pulg.)<\/li>\n<li>Profundidad: ambos: 114 cm (45 adentro)<\/li>\n<li>Anchura: ambos: 76 cm (30 adentro)<\/li>\n<li>Peso: 4400: aprox. 91 kg (200 lbs)<\/li>\n<li>Est\u00e1ndar 3 caj\u00f3n pkg: 25 kilogramos (56 libras)<\/li>\n<li>Giratorio 3 caj\u00f3n pkg: 32 kg (70 lbs)<\/li>\n<li>Caj\u00f3n profundo est\u00e1ndar pkg: 25 kilogramos (56 libras)<\/li>\n<li>Caj\u00f3n profundo giratorio pkg: 32 kilogramos (70 libras)<\/li>\n<li>Impresi\u00f3n del pie: ambos: 75 x 114 cm (29,5 x 45 adentro)<\/li>\n<li>Espacio de piso: ambos: 8572 sq cm (1327,5 sq adentro)<\/li>\n<li>Tama\u00f1o de la cama: ambos: 61,2 x 76,5 cm (24 x 30 adentro)<\/li>\n<li>Cama a piso: 98 \u2013 118 cm (38,75 \u2013 46,5 in)<\/li>\n<li>Inclinaci\u00f3n de la cama: ambos: \u00b1 10 \u00b0 reverso Trendelenburg y Trendelenburg, humedecido<\/li>\n<\/ul>\n<h3>Caracter\u00edsticas del control de sistema<\/h3>\n<ul>\n<li>Sistema de control basado microprocesador: funci\u00f3n de la uno mismo-prueba realizada en la energ\u00eda encendido y continuamente durante la operaci\u00f3n normal<\/li>\n<li>Salida del calentador: 0-540 vatios de potencia ajustable de 0 a 100% en incrementos de veinticinco%<\/li>\n<li>Modo de control del paciente (servo): 35 \u00b0 c a 37,5 \u00b0 c en incrementos de 0,1 \u00b0 c (95 \u00b0 f a 99.5 \u00b0 f)<\/li>\n<li>Modo manual: indica el rango de selecci\u00f3n de calor de modo manual de 0 a 100% en incrementos del 5%<\/li>\n<li>Variabilidad de la temperatura: menos que \u00b1 0.3 \u00b0 c<\/li>\n<li>Resoluci\u00f3n: \u00b1 0.1 \u00b0 c<\/li>\n<li>Intercambiabilidad de la punta de prueba: \u00b1 0.1 \u00b0 c<\/li>\n<li>Gama de la punta de prueba: 30 \u00b0 c a 42 \u00b0 c (71.6 \u00b0 f a 107.6 \u00b0 f)<\/li>\n<li>Control de calor proporcional con la conmutaci\u00f3n cero del voltaje para reducir al m\u00ednimo la EMI irradiada y conducida<\/li>\n<li>Luz de observaci\u00f3n: 100-velas de pie en el centro del colch\u00f3n; duraci\u00f3n estimada de la l\u00e1mpara 3000 horas<\/li>\n<\/ul>\n<h3>Montaje del calentador<\/h3>\n<ul>\n<li>El calentador radiante proporciona una fuente de calor enfocada usando un elemento calefactor cal-Rod, que dirige el calor controlado a la superficie de la cama<\/li>\n<li>El conjunto del calefactor, situado sobre el centro de la cama, est\u00e1 constituido por el calentador radiante, el reflector parab\u00f3lico, la luz de observaci\u00f3n integral y la luz indicadora de alarma roja visible<\/li>\n<li>El m\u00f3dulo calefactor gira 90 grados hacia un lado para facilitar los procedimientos de rayos X. El calentador se apaga autom\u00e1ticamente cuando en esta posici\u00f3n<\/li>\n<\/ul>\n<h3>Mesa<\/h3>\n<ul>\n<li>El sistema de inclinaci\u00f3n hidr\u00e1ulica proporciona inclinaci\u00f3n de hasta + 10o para posicionamiento en Trendelenburg y posiciones inversas de Trendelenburg<\/li>\n<li>Los cuatro paneles de cabecera se pliegan para un acceso completo al beb\u00e9<\/li>\n<li>El panel trasero incluye ranuras de gesti\u00f3n de la tuber\u00eda para la retenci\u00f3n de ventilaci\u00f3n y tubos de aerosol<\/li>\n<li>La cama incorpora una bandeja de casete de rayos X. Los sistemas de marcado de la ubicaci\u00f3n de la rejilla en los paneles laterales coinciden con la bandeja para la ubicaci\u00f3n del casete. La construcci\u00f3n de la cama es radiolucent<\/li>\n<li>Un soporte de drenaje tor\u00e1cico permite la colocaci\u00f3n conveniente de los sistemas de drenaje del t\u00f3rax<\/li>\n<\/ul>\n<p>&nbsp;<\/p>\n","protected":false},"excerpt":{"rendered":"<p>Cuna T\u00e9rmica<\/p>\n","protected":false},"featured_media":11086,"template":"","meta":{"_acf_changed":false,"_relevanssi_hide_post":"","_relevanssi_hide_content":"","_relevanssi_pin_for_all":"","_relevanssi_pin_keywords":"","_relevanssi_unpin_keywords":"","_relevanssi_related_keywords":"","_relevanssi_related_include_ids":"","_relevanssi_related_exclude_ids":"","_relevanssi_related_no_append":"","_relevanssi_related_not_related":"","_relevanssi_related_posts":"","_relevanssi_noindex_reason":"","inline_featured_image":false},"pwb-brand":[1100],"product_brand":[],"product_cat":[56],"product_tag":[3160,4137,4138,224,3147,3146,3145,4136,502,3149,3148],"class_list":{"0":"post-5101","1":"product","2":"type-product","3":"status-publish","4":"has-post-thumbnail","6":"pwb-brand-equipo-medico-ge","7":"product_cat-cunas-termicas","8":"product_tag-cunas-termicas","9":"product_tag-cunas-termicas-ge-ohmeda-4400","10":"product_tag-cunas-termicas-ge-ohmenda-4400-iws","11":"product_tag-ge","12":"product_tag-ge-ohmeda","13":"product_tag-ge-ohmeda-4400","14":"product_tag-ge-ohmeda-4400-iws","15":"product_tag-gecunas-termicas-cunas-termicas-ge","16":"product_tag-ohmeda","17":"product_tag-ohmeda-4400","18":"product_tag-ohmeda-4400-iws","20":"first","21":"instock","22":"purchasable","23":"product-type-simple"},"acf":[],"brands":[{"id":1100,"name":"GE","slug":"equipo-medico-ge"}],"_links":{"self":[{"href":"https:\/\/www.somatechnology.com\/spanish\/wp-json\/wp\/v2\/product\/5101","targetHints":{"allow":["GET"]}}],"collection":[{"href":"https:\/\/www.somatechnology.com\/spanish\/wp-json\/wp\/v2\/product"}],"about":[{"href":"https:\/\/www.somatechnology.com\/spanish\/wp-json\/wp\/v2\/types\/product"}],"wp:featuredmedia":[{"embeddable":true,"href":"https:\/\/www.somatechnology.com\/spanish\/wp-json\/wp\/v2\/media\/11086"}],"wp:attachment":[{"href":"https:\/\/www.somatechnology.com\/spanish\/wp-json\/wp\/v2\/media?parent=5101"}],"wp:term":[{"taxonomy":"pwb-brand","embeddable":true,"href":"https:\/\/www.somatechnology.com\/spanish\/wp-json\/wp\/v2\/pwb-brand?post=5101"},{"taxonomy":"product_brand","embeddable":true,"href":"https:\/\/www.somatechnology.com\/spanish\/wp-json\/wp\/v2\/product_brand?post=5101"},{"taxonomy":"product_cat","embeddable":true,"href":"https:\/\/www.somatechnology.com\/spanish\/wp-json\/wp\/v2\/product_cat?post=5101"},{"taxonomy":"product_tag","embeddable":true,"href":"https:\/\/www.somatechnology.com\/spanish\/wp-json\/wp\/v2\/product_tag?post=5101"}],"curies":[{"name":"wp","href":"https:\/\/api.w.org\/{rel}","templated":true}]}}