{"id":5138,"date":"2016-07-19T21:52:33","date_gmt":"2016-07-19T21:52:33","guid":{"rendered":"http:\/\/equipomedicocentral.com\/wordpress\/product\/olympus-cv-240-system\/"},"modified":"2023-08-23T06:18:40","modified_gmt":"2023-08-23T10:18:40","slug":"olympus-cv-240-system","status":"publish","type":"product","link":"https:\/\/www.somatechnology.com\/spanish\/equipo-medico-usado-remanufacturado\/sistema-de-video-endoscopia\/procesadores-de-video\/olympus-cv-240-system\/","title":{"rendered":"Olympus CV 240 System"},"content":{"rendered":"<h2><strong>Olympus Evis CV-240 Video Processor <\/strong><\/h2>\n<p>El procesador de video Olympus CV-240 es compatible con endoscopios est\u00e1ndar y de gran tama\u00f1o. El CV-240 permite al usuario mejorar, congelar y ajustar la configuraci\u00f3n de color para proporcionar im\u00e1genes claras y precisas desde el interior del cuerpo.<\/p>\n<ul>\n<li>Compatible con la gama completa de endoscopios de los endoscopios EVIS 100, 130 y 140<\/li>\n<li>Funcionalidad de imagen panor\u00e1mica con uso en conjunto con endoscopios de la serie Q tales como GIF-Q140 y CF-Q140L<\/li>\n<li>Preestablezca las funciones del interruptor de alcance. El endoscopista tiene una opci\u00f3n de hasta 20 funciones de interruptor de endoscopio preestablecidas<\/li>\n<li>Preprograma de datos del paciente. Se pueden ingresar previamente hasta 40 archivos de datos del paciente en la memoria para acelerar el procedimiento.<\/li>\n<\/ul>\n<h3>Dimensiones<\/h3>\n<ul>\n<li>Ancho: 45.0 cm<\/li>\n<li>Altura: 7.2 cm<\/li>\n<li>Largo: 46.5 cm<\/li>\n<li>Peso: 10 kg<\/li>\n<\/ul>\n","protected":false},"excerpt":{"rendered":"<p>Sistema de Endoscopia<\/p>\n","protected":false},"featured_media":12569,"template":"","meta":{"_acf_changed":false,"_relevanssi_hide_post":"","_relevanssi_hide_content":"","_relevanssi_pin_for_all":"","_relevanssi_pin_keywords":"","_relevanssi_unpin_keywords":"","_relevanssi_related_keywords":"","_relevanssi_related_include_ids":"","_relevanssi_related_exclude_ids":"","_relevanssi_related_no_append":"","_relevanssi_related_not_related":"","_relevanssi_related_posts":"","_relevanssi_noindex_reason":"","inline_featured_image":false},"pwb-brand":[1080],"product_brand":[],"product_cat":[7016,84],"product_tag":[618,138,617,616,615],"class_list":{"0":"post-5138","1":"product","2":"type-product","3":"status-publish","4":"has-post-thumbnail","6":"pwb-brand-equipo-medico-olympus","7":"product_cat-procesadores-de-video","8":"product_cat-sistema-de-video-endoscopia","9":"product_tag-cv-240","10":"product_tag-olympus","11":"product_tag-olympus-240","12":"product_tag-olympus-cv-240","13":"product_tag-olympus-evis-cv-240","15":"first","16":"instock","17":"purchasable","18":"product-type-simple"},"acf":[],"brands":[{"id":1080,"name":"Olympus","slug":"equipo-medico-olympus"}],"_links":{"self":[{"href":"https:\/\/www.somatechnology.com\/spanish\/wp-json\/wp\/v2\/product\/5138","targetHints":{"allow":["GET"]}}],"collection":[{"href":"https:\/\/www.somatechnology.com\/spanish\/wp-json\/wp\/v2\/product"}],"about":[{"href":"https:\/\/www.somatechnology.com\/spanish\/wp-json\/wp\/v2\/types\/product"}],"wp:featuredmedia":[{"embeddable":true,"href":"https:\/\/www.somatechnology.com\/spanish\/wp-json\/wp\/v2\/media\/12569"}],"wp:attachment":[{"href":"https:\/\/www.somatechnology.com\/spanish\/wp-json\/wp\/v2\/media?parent=5138"}],"wp:term":[{"taxonomy":"pwb-brand","embeddable":true,"href":"https:\/\/www.somatechnology.com\/spanish\/wp-json\/wp\/v2\/pwb-brand?post=5138"},{"taxonomy":"product_brand","embeddable":true,"href":"https:\/\/www.somatechnology.com\/spanish\/wp-json\/wp\/v2\/product_brand?post=5138"},{"taxonomy":"product_cat","embeddable":true,"href":"https:\/\/www.somatechnology.com\/spanish\/wp-json\/wp\/v2\/product_cat?post=5138"},{"taxonomy":"product_tag","embeddable":true,"href":"https:\/\/www.somatechnology.com\/spanish\/wp-json\/wp\/v2\/product_tag?post=5138"}],"curies":[{"name":"wp","href":"https:\/\/api.w.org\/{rel}","templated":true}]}}