{"id":5170,"date":"2016-07-19T21:54:24","date_gmt":"2016-07-19T21:54:24","guid":{"rendered":"http:\/\/equipomedicocentral.com\/wordpress\/product\/mitsubishi-p91\/"},"modified":"2023-08-23T06:18:58","modified_gmt":"2023-08-23T10:18:58","slug":"mitsubishi-p91","status":"publish","type":"product","link":"https:\/\/www.somatechnology.com\/spanish\/equipo-medico-usado-remanufacturado\/sistema-de-video-endoscopia\/impresoras\/mitsubishi-p91\/","title":{"rendered":"Mitsubishi P91"},"content":{"rendered":"<h2>Caracter\u00edsticas del\u00a0Impresoras Mitsubishi P91<\/h2>\n<p>El <strong>Mitsubishi P91W<\/strong> (P-91w) es una impresora t\u00e9rmica monocrom\u00e1tica que combina la alta resoluci\u00f3n, simplicidad del dise\u00f1o, y multi-formato, capacidad de la impresi\u00f3n de la multi-imagen, todo en un recinto compacto. El Mitsubishi P-91w es ideal para la entrega impresa en todo tipo de aplicaciones industriales y m\u00e9dicas. Este modelo ha sido descontinuado por el fabricante.<\/p>\n<ul>\n<li>Cabeza termal de alta densidad de 260 dpi<\/li>\n<li>Compatibilidad mundial<\/li>\n<li>Configuraci\u00f3n de usuario imprimible<\/li>\n<li>Tama\u00f1o compacto del recinto<\/li>\n<li>UUser-friendly Controls conviently situado en un panel frontal<\/li>\n<li>2 opciones de medios \u2013 K65HM, K61B o K61S<\/li>\n<\/ul>\n<p>&nbsp;<\/p>\n","protected":false},"excerpt":{"rendered":"<p>Impresora Blanco y Negro<\/p>\n","protected":false},"featured_media":9562,"template":"","meta":{"_acf_changed":false,"_relevanssi_hide_post":"","_relevanssi_hide_content":"","_relevanssi_pin_for_all":"","_relevanssi_pin_keywords":"","_relevanssi_unpin_keywords":"","_relevanssi_related_keywords":"","_relevanssi_related_include_ids":"","_relevanssi_related_exclude_ids":"","_relevanssi_related_no_append":"","_relevanssi_related_not_related":"","_relevanssi_related_posts":"","_relevanssi_noindex_reason":"","inline_featured_image":false},"pwb-brand":[1128],"product_brand":[],"product_cat":[106,84],"product_tag":[5406,5404,5403,5405],"class_list":{"0":"post-5170","1":"product","2":"type-product","3":"status-publish","4":"has-post-thumbnail","6":"pwb-brand-impresoras-mitsubishi","7":"product_cat-impresoras","8":"product_cat-sistema-de-video-endoscopia","9":"product_tag-impresoras","10":"product_tag-impresoras-mitsubishi","11":"product_tag-impresoras-mitsubishi-p91","12":"product_tag-mitsubishi-p91","14":"first","15":"instock","16":"purchasable","17":"product-type-simple"},"acf":[],"brands":[{"id":1128,"name":"Mitsubishi","slug":"impresoras-mitsubishi"}],"_links":{"self":[{"href":"https:\/\/www.somatechnology.com\/spanish\/wp-json\/wp\/v2\/product\/5170","targetHints":{"allow":["GET"]}}],"collection":[{"href":"https:\/\/www.somatechnology.com\/spanish\/wp-json\/wp\/v2\/product"}],"about":[{"href":"https:\/\/www.somatechnology.com\/spanish\/wp-json\/wp\/v2\/types\/product"}],"wp:featuredmedia":[{"embeddable":true,"href":"https:\/\/www.somatechnology.com\/spanish\/wp-json\/wp\/v2\/media\/9562"}],"wp:attachment":[{"href":"https:\/\/www.somatechnology.com\/spanish\/wp-json\/wp\/v2\/media?parent=5170"}],"wp:term":[{"taxonomy":"pwb-brand","embeddable":true,"href":"https:\/\/www.somatechnology.com\/spanish\/wp-json\/wp\/v2\/pwb-brand?post=5170"},{"taxonomy":"product_brand","embeddable":true,"href":"https:\/\/www.somatechnology.com\/spanish\/wp-json\/wp\/v2\/product_brand?post=5170"},{"taxonomy":"product_cat","embeddable":true,"href":"https:\/\/www.somatechnology.com\/spanish\/wp-json\/wp\/v2\/product_cat?post=5170"},{"taxonomy":"product_tag","embeddable":true,"href":"https:\/\/www.somatechnology.com\/spanish\/wp-json\/wp\/v2\/product_tag?post=5170"}],"curies":[{"name":"wp","href":"https:\/\/api.w.org\/{rel}","templated":true}]}}