{"id":5487,"date":"2016-08-22T20:57:00","date_gmt":"2016-08-22T20:57:00","guid":{"rendered":"http:\/\/equipomedicocentral.com\/wordpress\/?post_type=product&#038;p=5487"},"modified":"2023-08-23T06:19:07","modified_gmt":"2023-08-23T10:19:07","slug":"stryker-led-ii","status":"publish","type":"product","link":"https:\/\/www.somatechnology.com\/spanish\/equipo-medico-usado-remanufacturado\/luces-de-cirugia-lamparas-quirurgicas\/stryker-led-ii\/","title":{"rendered":"Stryker LED II"},"content":{"rendered":"<h2>Caracter\u00edsticas Luces Quir\u00fargicas Stryker LED II<\/h2>\n<ul>\n<li>41 \u2033 columna de luz \u2013 el tama\u00f1o y la profundidad de campo grandes proporciona una gran columna de luz, disminuyendo la necesidad de ajustar la luz durante un procedimiento.<\/li>\n<li>Resoluci\u00f3n superior de la sombra \u2013 la tecnolog\u00eda propietaria del reflector de Stryker reduce con eficacia las sombras para mantener el sitio quir\u00fargico iluminado claramente mientras que mantiene una profundidad de campo grande.<\/li>\n<li>LEDs de un solo color \u2013 proporciona to160 Lux de luz blanca pura.<\/li>\n<li>Salida de bajo calor \u2013 los LEDs no emiten ondas de luz UV o infrarrojas, lo que ayuda a mantener el o personal fresco incluso durante los casos largos, y crear un ambiente de trabajo m\u00e1s c\u00f3modo.<\/li>\n<li>LEDs de larga duraci\u00f3n \u2013 los LEDs est\u00e1n dise\u00f1ados para 50000 + horas de uso, disminuyendo los costos de operaci\u00f3n y el downtime mientras aumenta su rentabilidad de la inversi\u00f3n.<\/li>\n<li>Compacta, ligera suspensi\u00f3n \u2013 permite un f\u00e1cil reposicionamiento durante los procedimientos quir\u00fargicos.<\/li>\n<\/ul>\n<p>&nbsp;<\/p>\n","protected":false},"excerpt":{"rendered":"<p>Caracter\u00edsticas Luces Quir\u00fargicas Stryker LED II 41 \u2033 columna de luz \u2013 el tama\u00f1o y la profundidad de campo grandes proporciona una gran columna&#8230;<\/p>\n","protected":false},"featured_media":5488,"template":"","meta":{"_acf_changed":false,"_relevanssi_hide_post":"","_relevanssi_hide_content":"","_relevanssi_pin_for_all":"","_relevanssi_pin_keywords":"","_relevanssi_unpin_keywords":"","_relevanssi_related_keywords":"","_relevanssi_related_include_ids":"","_relevanssi_related_exclude_ids":"","_relevanssi_related_no_append":"","_relevanssi_related_not_related":"","_relevanssi_related_posts":"","_relevanssi_noindex_reason":"","inline_featured_image":false},"pwb-brand":[1079],"product_brand":[],"product_cat":[71],"product_tag":[],"class_list":{"0":"post-5487","1":"product","2":"type-product","3":"status-publish","4":"has-post-thumbnail","6":"pwb-brand-equipo-medico-stryker","7":"product_cat-luces-de-cirugia-lamparas-quirurgicas","9":"first","10":"instock","11":"shipping-taxable","12":"purchasable","13":"product-type-simple"},"acf":[],"brands":[{"id":1079,"name":"Stryker","slug":"equipo-medico-stryker"}],"_links":{"self":[{"href":"https:\/\/www.somatechnology.com\/spanish\/wp-json\/wp\/v2\/product\/5487","targetHints":{"allow":["GET"]}}],"collection":[{"href":"https:\/\/www.somatechnology.com\/spanish\/wp-json\/wp\/v2\/product"}],"about":[{"href":"https:\/\/www.somatechnology.com\/spanish\/wp-json\/wp\/v2\/types\/product"}],"wp:featuredmedia":[{"embeddable":true,"href":"https:\/\/www.somatechnology.com\/spanish\/wp-json\/wp\/v2\/media\/5488"}],"wp:attachment":[{"href":"https:\/\/www.somatechnology.com\/spanish\/wp-json\/wp\/v2\/media?parent=5487"}],"wp:term":[{"taxonomy":"pwb-brand","embeddable":true,"href":"https:\/\/www.somatechnology.com\/spanish\/wp-json\/wp\/v2\/pwb-brand?post=5487"},{"taxonomy":"product_brand","embeddable":true,"href":"https:\/\/www.somatechnology.com\/spanish\/wp-json\/wp\/v2\/product_brand?post=5487"},{"taxonomy":"product_cat","embeddable":true,"href":"https:\/\/www.somatechnology.com\/spanish\/wp-json\/wp\/v2\/product_cat?post=5487"},{"taxonomy":"product_tag","embeddable":true,"href":"https:\/\/www.somatechnology.com\/spanish\/wp-json\/wp\/v2\/product_tag?post=5487"}],"curies":[{"name":"wp","href":"https:\/\/api.w.org\/{rel}","templated":true}]}}