{"id":5489,"date":"2016-08-22T21:01:44","date_gmt":"2016-08-22T21:01:44","guid":{"rendered":"http:\/\/equipomedicocentral.com\/wordpress\/?post_type=product&#038;p=5489"},"modified":"2025-10-03T14:44:05","modified_gmt":"2025-10-03T18:44:05","slug":"stryker-visum-ii","status":"publish","type":"product","link":"https:\/\/www.somatechnology.com\/spanish\/equipo-medico-usado-remanufacturado\/luces-de-cirugia-lamparas-quirurgicas\/stryker-visum-ii\/","title":{"rendered":"Stryker Visum II LED"},"content":{"rendered":"<h2>Caracter\u00edsticas la Stryker Visum II LED<\/h2>\n<p>La Stryker Visum LED II ofrece una iluminaci\u00f3n de primera clase para el quir\u00f3fano. Con un brillo m\u00e1ximo y una resoluci\u00f3n de sombras excepcional, la Visum LED II proporciona una iluminaci\u00f3n superior. Esto se consigue proporcionando una luz blanca pura que se mantiene fr\u00eda incluso en las condiciones m\u00e1s exigentes.<\/p>\n<ul>\n<li><strong>41 \u2033 columna de luz:<\/strong> su fuente de luz grande minimiza la cantidad de ajustes necesarios durante los procedimientos.<\/li>\n<li><strong>Resoluci\u00f3n superior de sombras:<\/strong> la tecnolog\u00eda propietaria del reflector de Stryker reduce con eficacia las sombras.<\/li>\n<li><strong>LED de un solo color:<\/strong> proporciona sobre\u00a0 de 160,000 Lux de la luz blanca pura.<\/li>\n<li><strong>Salida de calor bajo:<\/strong> los LEDs no emiten ondas de luz UV o infrarrojas, ayudando a mantener la temperatura ambiental.<\/li>\n<li><strong>LEDs de larga duraci\u00f3n<\/strong>: los LEDs est\u00e1n dise\u00f1ados para 50,000 + horas de uso, disminuyendo los costos de operaci\u00f3n y tiempo de inactividad.<\/li>\n<li><strong>Suspensi\u00f3n compacta y ligera:<\/strong> permite reposicionamiento r\u00e1pidos durante los procedimientos quir\u00fargicos.<\/li>\n<li><strong>Vida de la Bombilla<\/strong>: 20000 HR<\/li>\n<li><strong>Color de temperatura:<\/strong> 4400 K<\/li>\n<\/ul>\n","protected":false},"excerpt":{"rendered":"<p>La Stryker Visum LED II ofrece una iluminaci\u00f3n de primera clase para el quir\u00f3fano. Con un brillo m\u00e1ximo y una resoluci\u00f3n de sombras excepcional, la Visum LED II proporciona una iluminaci\u00f3n superior. Esto se consigue proporcionando una luz blanca pura que se mantiene fr\u00eda incluso en las condiciones m\u00e1s exigentes.<\/p>\n","protected":false},"featured_media":32698,"template":"","meta":{"_acf_changed":false,"_relevanssi_hide_post":"","_relevanssi_hide_content":"","_relevanssi_pin_for_all":"","_relevanssi_pin_keywords":"","_relevanssi_unpin_keywords":"","_relevanssi_related_keywords":"","_relevanssi_related_include_ids":"","_relevanssi_related_exclude_ids":"","_relevanssi_related_no_append":"","_relevanssi_related_not_related":"","_relevanssi_related_posts":"","_relevanssi_noindex_reason":"","inline_featured_image":false},"pwb-brand":[1079],"product_brand":[],"product_cat":[71],"product_tag":[1568,10865,10858,7407,10862,10855,10373,10869,3610,10868,10854,178,10860,10857,10863,10859,10861,10866,10864,10867,10856],"class_list":{"0":"post-5489","1":"product","2":"type-product","3":"status-publish","4":"has-post-thumbnail","6":"pwb-brand-equipo-medico-stryker","7":"product_cat-luces-de-cirugia-lamparas-quirurgicas","8":"product_tag-1568","9":"product_tag-2-led","10":"product_tag-ii-led","11":"product_tag-led","12":"product_tag-led-stryker","13":"product_tag-led-stryker-visum-ii","14":"product_tag-luces","15":"product_tag-luces-quirurgicas","16":"product_tag-luz","17":"product_tag-luz-quirurgica","18":"product_tag-luz-quirurgica-led-stryker-visum-ii","19":"product_tag-stryker","20":"product_tag-stryker-ii-led","21":"product_tag-stryker-visum","22":"product_tag-stryker-visum-2-led","23":"product_tag-stryker-visum-ii","24":"product_tag-stryker-visum-led","25":"product_tag-visum-2","26":"product_tag-visum-2-led","27":"product_tag-visum-ii","28":"product_tag-visum-ii-led","30":"first","31":"instock","32":"featured","33":"shipping-taxable","34":"purchasable","35":"product-type-simple"},"acf":[],"brands":[{"id":1079,"name":"Stryker","slug":"equipo-medico-stryker"}],"_links":{"self":[{"href":"https:\/\/www.somatechnology.com\/spanish\/wp-json\/wp\/v2\/product\/5489","targetHints":{"allow":["GET"]}}],"collection":[{"href":"https:\/\/www.somatechnology.com\/spanish\/wp-json\/wp\/v2\/product"}],"about":[{"href":"https:\/\/www.somatechnology.com\/spanish\/wp-json\/wp\/v2\/types\/product"}],"wp:featuredmedia":[{"embeddable":true,"href":"https:\/\/www.somatechnology.com\/spanish\/wp-json\/wp\/v2\/media\/32698"}],"wp:attachment":[{"href":"https:\/\/www.somatechnology.com\/spanish\/wp-json\/wp\/v2\/media?parent=5489"}],"wp:term":[{"taxonomy":"pwb-brand","embeddable":true,"href":"https:\/\/www.somatechnology.com\/spanish\/wp-json\/wp\/v2\/pwb-brand?post=5489"},{"taxonomy":"product_brand","embeddable":true,"href":"https:\/\/www.somatechnology.com\/spanish\/wp-json\/wp\/v2\/product_brand?post=5489"},{"taxonomy":"product_cat","embeddable":true,"href":"https:\/\/www.somatechnology.com\/spanish\/wp-json\/wp\/v2\/product_cat?post=5489"},{"taxonomy":"product_tag","embeddable":true,"href":"https:\/\/www.somatechnology.com\/spanish\/wp-json\/wp\/v2\/product_tag?post=5489"}],"curies":[{"name":"wp","href":"https:\/\/api.w.org\/{rel}","templated":true}]}}