{"id":5589,"date":"2016-08-26T14:37:42","date_gmt":"2016-08-26T14:37:42","guid":{"rendered":"http:\/\/equipomedicocentral.com\/wordpress\/?post_type=product&#038;p=5589"},"modified":"2023-08-23T06:19:23","modified_gmt":"2023-08-23T10:19:23","slug":"axia-tria-touch-screen-patient-monitor","status":"publish","type":"product","link":"https:\/\/www.somatechnology.com\/spanish\/equipo-medico-usado-remanufacturado\/monitores-de-signos-vitales\/monitores-multiparametros\/axia-tria-touch-screen-patient-monitor\/","title":{"rendered":"Monitor de Paciente Axia TRIA con Pantalla Tactil"},"content":{"rendered":"<h1><strong>Monitor de Paciente Axia TRIA con Pantalla Tactil<\/strong><\/h1>\n<p>El Axia TRIA es un enfoque nuevo e intuitivo para las mediciones de signos vitales del paciente. El TRIA se puede configurar para medir cualquier combinaci\u00f3n de presi\u00f3n arterial no invasiva, SpO2, temperatura r\u00e1pida y capnograf\u00eda (EtCO2).<\/p>\n<p>El TRIA es ideal para cualquier \u00e1rea de atenci\u00f3n al paciente al ofrecer una multitud de combinaciones de signos vitales. El TRIA se puede utilizar como un ox\u00edmetro de pulso b\u00e1sico o configurado para un monitor de comprobaci\u00f3n de puntos NIBP \/ SpO2 \/ Temp. El TRIA tambi\u00e9n se puede configurar para ser un capn\u00f3grafo aut\u00f3nomo o un cap\u00f3grafo combinado SpO2 \/ monitor NIBP. El TRIA es ideal para el uso de cheques spot m\u00f3vil y de cabecera.<\/p>\n<ul>\n<li>Pantalla t\u00e1ctil<\/li>\n<li>Interfaz simple<\/li>\n<li>Intuitivo<\/li>\n<li>Bater\u00eda de litio de larga duraci\u00f3n<\/li>\n<li>M\u00f3vil (con bater\u00eda de respaldo)<\/li>\n<li>Port\u00e1til (peso 1.71 lbs)<\/li>\n<li>Formas de onda de color<\/li>\n<li>Aplicaciones: pacientes neonatales, pedi\u00e1tricos y adultos<\/li>\n<\/ul>\n<p><strong>Especificaciones del Monitor Axia TRIA Touch Screen<\/strong><\/p>\n<h3>Dimensiones<\/h3>\n<ul>\n<li>Tama\u00f1o: 8 x 4.5 x 4 (HxWxD pulgadas)<\/li>\n<li>Peso: 2.5 LBS<\/li>\n<\/ul>\n<h3>Especificaciones de Rendimiento<\/h3>\n<ul>\n<li>Pantalla: TFT a color de 5.0 pulgadas (Diagonal)<\/li>\n<li>Resoluci\u00f3n: 800 \u00d7 3 (RGB) \u00d7 480<\/li>\n<li>Rastreo: 2 formas de onda<\/li>\n<li>Formas de onda: PLETH, ETCO2<\/li>\n<li>Indicador: Indicador de alarma, indicador de encendido, pitido de pulso y sonido de alarma<\/li>\n<li>Tiempo de tendencia: de 1 a 72 horas<\/li>\n<\/ul>\n<h3>SPO2<\/h3>\n<ul>\n<li>ASpO2: Anti-motion SpO2<\/li>\n<li>SpO2% Rango: 0 ~ 100%<\/li>\n<li>Precisi\u00f3n de SpO2: \u00b1 2% (70 ~ 100%, sin movimiento), \u00b1 3% (70 ~ 100%, movimiento)<\/li>\n<li>Rango de frecuencia de pulso: 30-250 lpm<\/li>\n<li>Precisi\u00f3n de frecuencia del pulso: \u00b1 2 bpm (sin movimiento), \u00b1 3 bpm (movimiento)<\/li>\n<li>L\u00edmite superior-inferior de la alarma: l\u00edmite superior 70 ~ 100%, l\u00edmite inferior 70 ~ 100% bpm (movimiento)<\/li>\n<li>Sonda SpO2: longitud de onda LED de luz roja: 660nm \u00b1 5nm, luz infrarroja longitud de onda LED: 940nm \u00b1 10nm<\/li>\n<li>Est\u00e1ndares: Cumple con el rendimiento de EN ISO 9919: 2015<\/li>\n<\/ul>\n<h3>NIBP<\/h3>\n<ul>\n<li>Tecnolog\u00eda de medici\u00f3n: medici\u00f3n oscilante autom\u00e1tica<\/li>\n<li>Inflado del manguito: &lt;30 s (0 ~ 300 mmH, manguito adulto est\u00e1ndar)<\/li>\n<li>Per\u00edodo de medici\u00f3n: AVE &lt;40 s<\/li>\n<li>Modo: Manual, Autom\u00e1tico, STAT<\/li>\n<li>en modo AUTO: 2 min ~ 4 h<\/li>\n<li>Rango de frecuencia del pulso: 30 lpm ~ 250 lpm<\/li>\n<li>Rango de medici\u00f3n: modo adulto \/ pedi\u00e1trico, SYS: 40 ~ 250 (mmHg), DIA: 15 ~ 200 (mmHg), modo neonatal, SYS: 40 ~ 135 (mmHg), DIA: 15 ~ 100 (mmHg)<\/li>\n<li>Resoluci\u00f3n: 1 mmHg<\/li>\n<li>Exactitud de la presi\u00f3n: error medio m\u00e1ximo: \u00b1 5 mmHg<\/li>\n<li>Desviaci\u00f3n: 8 mmHg<\/li>\n<li>Protecci\u00f3n contra sobrepresi\u00f3n: modo adulto: 280 (mmHg), modo neonatal: 150 (mmHg)<\/li>\n<li>L\u00edmite de alarma: SYS: 50 ~ 240 mmHg, DIA: 15 ~ 180 mmHg<\/li>\n<li>Est\u00e1ndares: Cumple con los est\u00e1ndares de rendimiento ANSI \/ AAMI SP10: 2002<\/li>\n<\/ul>\n<h3>ETCO2 (Opcional)<\/h3>\n<ul>\n<li>Modo de muestreo: Sidestream o Mainstream<\/li>\n<li>El principio de funcionamiento: \u00f3ptica de haz \u00fanico no infrarrojo no dispersivo (NDIR), longitud de onda dual, sin partes m\u00f3viles.<\/li>\n<li>Medici\u00f3n de CO2 Rango: 0 a 150 mmHg (0 a 19.7%, 0 a 20 kPa)<\/li>\n<li>M\u00e9todo de c\u00e1lculo de CO2: BTPS (presi\u00f3n de temperatura corporal saturada)<\/li>\n<li>Resoluci\u00f3n de CO2: 0.1 mmHg (0-69 mmHg), 0.25 mmHg (70-150 mmHg)<\/li>\n<li>Precisi\u00f3n de CO2: 0 ~ 40 mmHg \u00b1 2 mmHg, 41 ~ 70 mmHg \u00b1 5% de lectura, 71 ~ 100 mmHg \u00b1 8% de lectura, 101 ~ 150 mmHg \u00b1 10% de lectura, Por encima de 80 respiraci\u00f3n por minuto \u00b1 12% de leyendo<\/li>\n<li>Velocidad de muestreo: 100Hz<\/li>\n<li>Tasa de respiraci\u00f3n: 2 ~ 150 lpm<\/li>\n<li>Exactitud de la frecuencia de respiraci\u00f3n: \u00b1 1 respiraci\u00f3n<\/li>\n<li>Tiempo de respuesta: &lt;3 segundos: incluye tiempo de transporte y tiempo de subida<\/li>\n<li>Rango de medici\u00f3n: 3 ~ 50 mmHg<\/li>\n<li>Est\u00e1ndares: Cumple con los est\u00e1ndares de rendimiento de ISO \/ FDIS 21647: 2004 (E)<\/li>\n<\/ul>\n<h3>Conexi\u00f3n a redes<\/h3>\n<ul>\n<li>Conexi\u00f3n en red por cable: est\u00e1ndar de la industria: red cableada 802.11b \/ g, Rango de frecuencia: 2.412 ~ 2.484 GHz N\u00famero de cabecera conectado: hasta 16 monitores de cabecera<\/li>\n<li>Redes inal\u00e1mbricas: hasta 100 m en interiores, est\u00e1ndar industrial 802.11b \/ g inal\u00e1mbrico Admite protocolos TCP \/ IP y UDP \/ IP<\/li>\n<\/ul>\n<h3>Voltajes<\/h3>\n<ul>\n<li>Fuente: alimentaci\u00f3n de CA externa o bater\u00eda interna<\/li>\n<li>Energ\u00eda AC: 100 ~ 240VAC, 50 \/ 60Hz, 150VA<\/li>\n<li>Bater\u00eda: incorporada e Ion de litio recargable, 12.6V \/ 5Ah<\/li>\n<li>Tiempo de carga: 8 horas<\/li>\n<li>Tiempo de funcionamiento: 3 horas<\/li>\n<\/ul>\n<h3>Fusible<\/h3>\n<ul>\n<li>15A\/250V<\/li>\n<\/ul>\n<h3>Especificaciones de LCD<\/h3>\n<ul>\n<li>Tipo de pantalla: LCD a color TFT<\/li>\n<li>Tama\u00f1o (diagonal): 5.0 pulgadas<\/li>\n<li>\u00c1rea activa: 152.4 (W) \u00d7 91.44 (H) mm<\/li>\n<li>Disposici\u00f3n del color: RGB-raya<\/li>\n<li>Paso de punto: 0.0635 (W) \u00d7 0.1905 (H) mm<\/li>\n<li>Modo de visualizaci\u00f3n: normalmente blanco, transmisivo<\/li>\n<li>Interfaz: Digital (TTL)<\/li>\n<li>Superficie: tratamiento: antideslumbrante<\/li>\n<\/ul>\n<h3>Especificaciones de la pantalla t\u00e1ctil<\/h3>\n<ul>\n<li>Tipo: Panel t\u00e1ctil resistivo anal\u00f3gico de cuatro hilos<\/li>\n<li>Modo de entrada: l\u00e1piz \u00f3ptico o dedo<\/li>\n<li>Conector: FPC<\/li>\n<li>Resistencia de aislamiento: 25M\u03a9<\/li>\n<li>\u00a07VDC<\/li>\n<li>Chattering: 10 ms<\/li>\n<li>Transparencia: 80%<\/li>\n<li>Dureza superficial: 3H<\/li>\n<li>Durabilidad: raspado superficial: escriba 100.000<\/li>\n<li>Fuerza activa: 80gf<\/li>\n<li>Prueba de golpes: 1.000.000 de veces<\/li>\n<\/ul>\n<h3>Temperatura R\u00e1pida (Opcional)<\/h3>\n<ul>\n<li>Rango de medici\u00f3n: 30 \u00b0 C a 43 \u00b0 C (86 \u00b0 F a 109 \u00b0 F)<\/li>\n<li>Tiempos de medici\u00f3n t\u00edpicos: oral (modo r\u00e1pido): 3-5 segundos (temperatura sin fiebre)<\/li>\n<li>(despu\u00e9s de la inserci\u00f3n en el sitio de medici\u00f3n): 8-10 segundos (temperatura de fiebre), Oral (modo est\u00e1ndar): 6-10 segundos Modo axilar: 8-12, modo rectal: 10-14 segundos, modo directo (todos los sitios): 60 -120 segundos<\/li>\n<li>Temporizador de pulso: 60 segundos cuentan con un \u00abpitido\u00bb a los 15 segundos, 2 \u00abpitidos\u00bb a los 30 segundos, 1 \u00abpitido\u00bb a los 45 segundos y 2 \u00abpitidos\u00bb a los 60 segundos<\/li>\n<li>Precisi\u00f3n del paciente: una lectura del modo de predicci\u00f3n est\u00e1ndar y una lectura de modo directo diferir\u00e1n en menos de \u00b1 0.2 \u00b0 C (\u00b1 0.4 \u00b0 F) en el 98% de los pacientes probados<\/li>\n<li>Bater\u00edas: se requieren cuatro \u00abAA\u00bb, tama\u00f1o de paquete IEC est\u00e1ndar. Alcalino -1.5 voltios, aprox. 6000 lecturas de temperatura<\/li>\n<li>Est\u00e1ndares: Cumple con los est\u00e1ndares de rendimiento de EN 12470-3: 2000 y ASTM E1112: 2006<\/li>\n<\/ul>\n<h3>Protecci\u00f3n<\/h3>\n<ul>\n<li>Cumple con los requisitos de la serie EN60601, marcado CE seg\u00fan MDD93 \/ 42 \/ EEC<\/li>\n<li>Tipo de protecci\u00f3n: Clase I (con alimentaci\u00f3n de CA), equipo con alimentaci\u00f3n interna (con alimentaci\u00f3n por bater\u00eda): seg\u00fan I.E.C. 60601-1, cl\u00e1usula 2.2.4<\/li>\n<li>Grado de protecci\u00f3n: Tipo BF, CF a prueba de desfibriladores &#8211; Parte aplicada<\/li>\n<li>M\u00e9todos de esterilizaci\u00f3n o desinfecci\u00f3n: soluci\u00f3n de alcohol isoprop\u00edlico al 70% o un desinfectante que no manche. Equipo no adecuado para su uso en la presencia de una mezcla anest\u00e9sica inflamable con aire o con ox\u00edgeno u \u00f3xido nitroso<\/li>\n<li>Modo de operaci\u00f3n: continuo<\/li>\n<li>Protecci\u00f3n contra el ingreso de l\u00edquidos: IPXO<\/li>\n<\/ul>\n","protected":false},"excerpt":{"rendered":"<p>Monitor multiparametro<\/p>\n","protected":false},"featured_media":22356,"template":"","meta":{"_acf_changed":false,"_relevanssi_hide_post":"","_relevanssi_hide_content":"","_relevanssi_pin_for_all":"","_relevanssi_pin_keywords":"","_relevanssi_unpin_keywords":"","_relevanssi_related_keywords":"","_relevanssi_related_include_ids":"","_relevanssi_related_exclude_ids":"","_relevanssi_related_no_append":"","_relevanssi_related_not_related":"","_relevanssi_related_posts":"","_relevanssi_noindex_reason":"","inline_featured_image":false},"pwb-brand":[1098],"product_brand":[],"product_cat":[50,185,4764],"product_tag":[191,3602,745,3603,186,3601,746],"class_list":{"0":"post-5589","1":"product","2":"type-product","3":"status-publish","4":"has-post-thumbnail","6":"pwb-brand-equipo-medico-axia","7":"product_cat-monitores-multiparametros","8":"product_cat-monitor-multiparametro-para-uti","9":"product_cat-monitores-de-paciente-portatiles","10":"product_tag-axia","11":"product_tag-axia-pantalla-tactil","12":"product_tag-axia-tria","13":"product_tag-axia-tria-pantalla-tactil","14":"product_tag-monitor-multiparametro-para-uti","15":"product_tag-pantalla-tactil","16":"product_tag-tria","18":"first","19":"instock","20":"shipping-taxable","21":"purchasable","22":"product-type-simple"},"acf":[],"brands":[{"id":1098,"name":"Axia","slug":"equipo-medico-axia"}],"_links":{"self":[{"href":"https:\/\/www.somatechnology.com\/spanish\/wp-json\/wp\/v2\/product\/5589","targetHints":{"allow":["GET"]}}],"collection":[{"href":"https:\/\/www.somatechnology.com\/spanish\/wp-json\/wp\/v2\/product"}],"about":[{"href":"https:\/\/www.somatechnology.com\/spanish\/wp-json\/wp\/v2\/types\/product"}],"wp:featuredmedia":[{"embeddable":true,"href":"https:\/\/www.somatechnology.com\/spanish\/wp-json\/wp\/v2\/media\/22356"}],"wp:attachment":[{"href":"https:\/\/www.somatechnology.com\/spanish\/wp-json\/wp\/v2\/media?parent=5589"}],"wp:term":[{"taxonomy":"pwb-brand","embeddable":true,"href":"https:\/\/www.somatechnology.com\/spanish\/wp-json\/wp\/v2\/pwb-brand?post=5589"},{"taxonomy":"product_brand","embeddable":true,"href":"https:\/\/www.somatechnology.com\/spanish\/wp-json\/wp\/v2\/product_brand?post=5589"},{"taxonomy":"product_cat","embeddable":true,"href":"https:\/\/www.somatechnology.com\/spanish\/wp-json\/wp\/v2\/product_cat?post=5589"},{"taxonomy":"product_tag","embeddable":true,"href":"https:\/\/www.somatechnology.com\/spanish\/wp-json\/wp\/v2\/product_tag?post=5589"}],"curies":[{"name":"wp","href":"https:\/\/api.w.org\/{rel}","templated":true}]}}