{"id":5619,"date":"2016-08-26T17:04:26","date_gmt":"2016-08-26T17:04:26","guid":{"rendered":"http:\/\/equipomedicocentral.com\/wordpress\/?post_type=product&#038;p=5619"},"modified":"2023-08-23T06:19:27","modified_gmt":"2023-08-23T10:19:27","slug":"ge-b40","status":"publish","type":"product","link":"https:\/\/www.somatechnology.com\/spanish\/equipo-medico-usado-remanufacturado\/monitores-de-signos-vitales\/monitores-multiparametros\/ge-b40\/","title":{"rendered":"GE B40"},"content":{"rendered":"<h2>Caracter\u00edsticas del GE B40<\/h2>\n<h3>Informaci\u00f3n General<\/h3>\n<ul>\n<li>Capacidades cl\u00ednicas vers\u00e1tiles para monitorear una amplia gama de pacientes.<\/li>\n<li>Facilidad de operaci\u00f3n para todos los niveles profesionales.<\/li>\n<li>Programa de arritmia GE EK-Pro * con an\u00e1lisis simult\u00e1neo de m\u00faltiples derivaciones de ECG para optimizar la detecci\u00f3n de arritmias y otros eventos card\u00edacos.<\/li>\n<li>GE DINAMAP * SuperSTAT * NIBP para lecturas r\u00e1pidas, c\u00f3modas y no invasivas de la presi\u00f3n arterial con un alto grado de precisi\u00f3n.<\/li>\n<li>GE SpO2 para un monitoreo de saturaci\u00f3n de ox\u00edgeno confiable y rentable. (Nellcor ** OxiMax ** SpO2 y Masimo ** SET ** SpO2 opcional.)<\/li>\n<li>GE Datex-Ohmeda * monitoreo compacto de flujo lateral de CO2 con una nueva generaci\u00f3n de tecnolog\u00eda infrarroja.<\/li>\n<\/ul>\n<h2 dir=\"ltr\" data-placeholder=\"Translation\"><span lang=\"es\">Especificaciones del\u00a0<\/span>GE B40<\/h2>\n<ul>\n<li>El monitor de paciente B40 facilita la adquisici\u00f3n de datos exactos del paciente para apoyar la toma de decisiones oportuna. El sistema est\u00e1 dise\u00f1ado para mejorar la facilidad y fiabilidad de la monitorizaci\u00f3n con:\n<ul>\n<li>A crystal-clear monitor that lets you see the patient\u2019s status at a glance, displaying up to six waveforms simultaneously on a 12.1 in (30.7 cm) display.<\/li>\n<li>Acceso con un solo bot\u00f3n a funciones de uso com\u00fan para aumentar la eficiencia.<\/li>\n<li>Men\u00fas intuitivos que reducen el tiempo de configuraci\u00f3n y pueden hacer que incluso los usuarios principiantes se sientan expertos.<\/li>\n<li>Visualizaci\u00f3n de tendencias de 72 horas con datos gr\u00e1ficos y num\u00e9ricos para revisar el progreso del paciente.<\/li>\n<li>Sistema de alarma avanzado con l\u00edmites preestablecidos para alertar a los cuidadores de situaciones cr\u00edticas.<\/li>\n<li>Con su dise\u00f1o aerodin\u00e1mico, el monitor de paciente B40 port\u00e1til se adapta f\u00e1cilmente a espacios atestados en el Departamento de Emergencia (DE), Unidad de Cuidados Intensivos (UCI), Salas de Recuperaci\u00f3n y Sala de Operaciones (O), y se traslada f\u00e1cilmente a diferentes \u00e1reas de atenci\u00f3n seg\u00fan sea necesario<\/li>\n<\/ul>\n<\/li>\n<\/ul>\n<ul>\n<li>Acceso con un solo bot\u00f3n a funciones de uso com\u00fan para aumentar la eficiencia.<\/li>\n<li>Men\u00fas intuitivos que reducen el tiempo de configuraci\u00f3n y pueden hacer que incluso los usuarios principiantes se sientan expertos.<\/li>\n<li>Visualizaci\u00f3n de tendencias de 72 horas con datos gr\u00e1ficos y num\u00e9ricos para revisar el progreso del paciente.<\/li>\n<li>Sistema de alarma avanzado con l\u00edmites preestablecidos para alertar a los cuidadores de situaciones cr\u00edticas.<\/li>\n<li>Con su dise\u00f1o aerodin\u00e1mico, el monitor de paciente B40 port\u00e1til se adapta f\u00e1cilmente a espacios atestados en el Departamento de Emergencia (DE), Unidad de Cuidados Intensivos (UCI), Salas de Recuperaci\u00f3n y Sala de Operaciones (O), y se traslada f\u00e1cilmente a diferentes \u00e1reas de atenci\u00f3n seg\u00fan sea necesario.<\/li>\n<\/ul>\n<p>Se ha verificado que el monitor de paciente B40 funciona en entornos de red CARESCAPE * y S \/ 5. El sistema tiene m\u00faltiples opciones de montaje y una amplia gama de accesorios para que pueda configurar el espacio de trabajo para satisfacer sus necesidades..<\/p>\n<p>&nbsp;<\/p>\n","protected":false},"excerpt":{"rendered":"<p>Monitores Multiparametros<\/p>\n","protected":false},"featured_media":22482,"template":"","meta":{"_acf_changed":false,"_relevanssi_hide_post":"","_relevanssi_hide_content":"","_relevanssi_pin_for_all":"","_relevanssi_pin_keywords":"","_relevanssi_unpin_keywords":"","_relevanssi_related_keywords":"","_relevanssi_related_include_ids":"","_relevanssi_related_exclude_ids":"","_relevanssi_related_no_append":"","_relevanssi_related_not_related":"","_relevanssi_related_posts":"","_relevanssi_noindex_reason":"","inline_featured_image":false},"pwb-brand":[1100],"product_brand":[],"product_cat":[50],"product_tag":[818,224,817,3713,3715,3614,3714],"class_list":{"0":"post-5619","1":"product","2":"type-product","3":"status-publish","4":"has-post-thumbnail","6":"pwb-brand-equipo-medico-ge","7":"product_cat-monitores-multiparametros","8":"product_tag-b40","9":"product_tag-ge","10":"product_tag-ge-b40","11":"product_tag-ge-b40-monitores-multiparametros","12":"product_tag-ge-monitores-multiparametros","13":"product_tag-monitores-multiparametros","14":"product_tag-monitores-multiparametros-ge-b40","16":"first","17":"instock","18":"shipping-taxable","19":"purchasable","20":"product-type-simple"},"acf":[],"brands":[{"id":1100,"name":"GE","slug":"equipo-medico-ge"}],"_links":{"self":[{"href":"https:\/\/www.somatechnology.com\/spanish\/wp-json\/wp\/v2\/product\/5619","targetHints":{"allow":["GET"]}}],"collection":[{"href":"https:\/\/www.somatechnology.com\/spanish\/wp-json\/wp\/v2\/product"}],"about":[{"href":"https:\/\/www.somatechnology.com\/spanish\/wp-json\/wp\/v2\/types\/product"}],"wp:featuredmedia":[{"embeddable":true,"href":"https:\/\/www.somatechnology.com\/spanish\/wp-json\/wp\/v2\/media\/22482"}],"wp:attachment":[{"href":"https:\/\/www.somatechnology.com\/spanish\/wp-json\/wp\/v2\/media?parent=5619"}],"wp:term":[{"taxonomy":"pwb-brand","embeddable":true,"href":"https:\/\/www.somatechnology.com\/spanish\/wp-json\/wp\/v2\/pwb-brand?post=5619"},{"taxonomy":"product_brand","embeddable":true,"href":"https:\/\/www.somatechnology.com\/spanish\/wp-json\/wp\/v2\/product_brand?post=5619"},{"taxonomy":"product_cat","embeddable":true,"href":"https:\/\/www.somatechnology.com\/spanish\/wp-json\/wp\/v2\/product_cat?post=5619"},{"taxonomy":"product_tag","embeddable":true,"href":"https:\/\/www.somatechnology.com\/spanish\/wp-json\/wp\/v2\/product_tag?post=5619"}],"curies":[{"name":"wp","href":"https:\/\/api.w.org\/{rel}","templated":true}]}}