{"id":5638,"date":"2016-08-26T18:03:10","date_gmt":"2016-08-26T18:03:10","guid":{"rendered":"http:\/\/equipomedicocentral.com\/wordpress\/?post_type=product&#038;p=5638"},"modified":"2023-12-22T11:12:48","modified_gmt":"2023-12-22T16:12:48","slug":"ge-dinamap-pro-100-400","status":"publish","type":"product","link":"https:\/\/www.somatechnology.com\/spanish\/equipo-medico-usado-remanufacturado\/monitores-de-signos-vitales\/ge-dinamap-pro-100-400\/","title":{"rendered":"GE Dinamap Pro 100- 400"},"content":{"rendered":"<h2>Caracter\u00edsticas del\u00a0GE Dinamap Pro 100<\/h2>\n<p>El monitor <strong>Dinamap Pro 100<\/strong> mejora la productividad con funciones f\u00e1ciles de usar y una estructura de men\u00fas intuitiva. Con un brazalete de BP de tama\u00f1o adecuado en su lugar, simplemente presione la perilla grande de color gris para tomar una lectura de BP. Es as\u00ed de f\u00e1cil. Todos los monitores de la serie Dinamap Pro son completamente aumentables para que puedan crecer con sus necesidades cambiantes. Con GE Healthcare obtendr\u00e1 m\u00e1s que un monitor. Obtienes un socio estrat\u00e9gico y una soluci\u00f3n total.<\/p>\n<p>Todos los monitores Dinamap usan un patr\u00f3n de deflaci\u00f3n escalonado oscilom\u00e9trico para reconocer y rechazar artefacto. El algoritmo Gold Standard Dinamap busca pulsos de igual frecuencia y amplitud y s\u00f3lo se desinflar\u00e1 cuando se obtenga una lectura adecuada. Dinamap rechaza datos err\u00f3neos para que pueda confiar en los primeros n\u00fameros que aparecen en la pantalla.<\/p>\n<ul>\n<li>NIBP<\/li>\n<li>SpO2<\/li>\n<li>Monitor de temperatura<\/li>\n<li>Grabadora<\/li>\n<\/ul>\n<p>Ofrece la informaci\u00f3n confiable automatizada de la presi\u00f3n arterial y del pulso usando DINATAPTechnology que se ha probado cl\u00ednico como exacto repetidas veces.<\/p>\n<p>Pro-100 tambi\u00e9n disponible con s\u00f3lo NIBP<\/p>\n<p>&nbsp;<\/p>\n","protected":false},"excerpt":{"rendered":"<p>Caracter\u00edsticas del\u00a0GE Dinamap Pro 100 El monitor Dinamap Pro 100 mejora la productividad con funciones f\u00e1ciles de usar y una estructura de men\u00fas intuitiva&#8230;.<\/p>\n","protected":false},"featured_media":11228,"template":"","meta":{"_acf_changed":false,"_relevanssi_hide_post":"","_relevanssi_hide_content":"","_relevanssi_pin_for_all":"","_relevanssi_pin_keywords":"","_relevanssi_unpin_keywords":"","_relevanssi_related_keywords":"","_relevanssi_related_include_ids":"","_relevanssi_related_exclude_ids":"","_relevanssi_related_no_append":"","_relevanssi_related_not_related":"","_relevanssi_related_posts":"","_relevanssi_noindex_reason":"","inline_featured_image":false},"pwb-brand":[1100],"product_brand":[],"product_cat":[129],"product_tag":[3504,3495,3503,3715,3614,3737,4298],"class_list":{"0":"post-5638","1":"product","2":"type-product","3":"status-publish","4":"has-post-thumbnail","6":"pwb-brand-equipo-medico-ge","7":"product_cat-monitores-de-signos-vitales","8":"product_tag-dinamap-pro-100","9":"product_tag-ge-dinamap-pro","10":"product_tag-ge-dinamap-pro-100","11":"product_tag-ge-monitores-multiparametros","12":"product_tag-monitores-multiparametros","13":"product_tag-monitores-multiparametros-ge","14":"product_tag-monitores-multiparametros-ge-dinamap-100","16":"first","17":"instock","18":"shipping-taxable","19":"purchasable","20":"product-type-simple"},"acf":[],"brands":[{"id":1100,"name":"GE","slug":"equipo-medico-ge"}],"_links":{"self":[{"href":"https:\/\/www.somatechnology.com\/spanish\/wp-json\/wp\/v2\/product\/5638","targetHints":{"allow":["GET"]}}],"collection":[{"href":"https:\/\/www.somatechnology.com\/spanish\/wp-json\/wp\/v2\/product"}],"about":[{"href":"https:\/\/www.somatechnology.com\/spanish\/wp-json\/wp\/v2\/types\/product"}],"wp:featuredmedia":[{"embeddable":true,"href":"https:\/\/www.somatechnology.com\/spanish\/wp-json\/wp\/v2\/media\/11228"}],"wp:attachment":[{"href":"https:\/\/www.somatechnology.com\/spanish\/wp-json\/wp\/v2\/media?parent=5638"}],"wp:term":[{"taxonomy":"pwb-brand","embeddable":true,"href":"https:\/\/www.somatechnology.com\/spanish\/wp-json\/wp\/v2\/pwb-brand?post=5638"},{"taxonomy":"product_brand","embeddable":true,"href":"https:\/\/www.somatechnology.com\/spanish\/wp-json\/wp\/v2\/product_brand?post=5638"},{"taxonomy":"product_cat","embeddable":true,"href":"https:\/\/www.somatechnology.com\/spanish\/wp-json\/wp\/v2\/product_cat?post=5638"},{"taxonomy":"product_tag","embeddable":true,"href":"https:\/\/www.somatechnology.com\/spanish\/wp-json\/wp\/v2\/product_tag?post=5638"}],"curies":[{"name":"wp","href":"https:\/\/api.w.org\/{rel}","templated":true}]}}