{"id":5666,"date":"2016-08-29T16:25:21","date_gmt":"2016-08-29T16:25:21","guid":{"rendered":"http:\/\/equipomedicocentral.com\/wordpress\/?post_type=product&#038;p=5666"},"modified":"2024-11-05T14:29:45","modified_gmt":"2024-11-05T19:29:45","slug":"philips-intellivue-mx-450","status":"publish","type":"product","link":"https:\/\/www.somatechnology.com\/spanish\/equipo-medico-usado-remanufacturado\/monitores-de-signos-vitales\/monitores-multiparametros\/philips-intellivue-mx-450\/","title":{"rendered":"Philips IntelliVue MX 450"},"content":{"rendered":"<h2>Caracter\u00edsticas Philips IntelliVue MX 450<\/h2>\n<p>El <a href=\"https:\/\/www.somatechnology.com\/wp-content\/uploads\/sites\/2\/2016\/08\/MX450_spa.pdf\"><strong>monitor multi par\u00e1metros Philips<\/strong> <span class=\"error misspelling\" title=\"Se ha encontrado un posible error ortogr\u00e1fico.\" data-type=\"misspelling\" data-suggestions=\"[{&quot;value&quot;:&quot;Interlinee&quot;},{&quot;value&quot;:&quot;Interline\u00e9&quot;},{&quot;value&quot;:&quot;IntelliJ&quot;}]\" data-rule=\"MORFOLOGIK_RULE_ES\" data-word=\"IntelliVue\">IntelliVue<\/span> MX450<\/a> satisface m\u00faltiples necesidades m\u00e9dicas. Equipado con una pantalla t\u00e1ctil a color de 12 pulgadas, este monitor cuenta con una interfaz intuitiva para facilitar su uso. La pantalla incluye un sensor incorporado que ajusta el brillo para garantizar una legibilidad \u00f3ptima en distintas condiciones de luz. Compacto y liviano, el <span class=\"error misspelling\" title=\"Se ha encontrado un posible error ortogr\u00e1fico.\" data-type=\"misspelling\" data-suggestions=\"[{&quot;value&quot;:&quot;Interlinee&quot;},{&quot;value&quot;:&quot;Interline\u00e9&quot;},{&quot;value&quot;:&quot;IntelliJ&quot;}]\" data-rule=\"MORFOLOGIK_RULE_ES\" data-word=\"IntelliVue\">IntelliVue<\/span> MX450 sirve como <a href=\"https:\/\/www.somatechnology.com\/spanish\/equipos-medicos\/monitores-de-signos-vitales\/monitores-multiparametros\/\">monitor de cama<\/a> y como soluci\u00f3n port\u00e1til para el transporte <span class=\"error misspelling\" title=\"Se ha encontrado un posible error ortogr\u00e1fico.\" data-type=\"misspelling\" data-suggestions=\"[{&quot;value&quot;:&quot;entra&quot;},{&quot;value&quot;:&quot;infra&quot;},{&quot;value&quot;:&quot;cintra&quot;},{&quot;value&quot;:&quot;Indra&quot;},{&quot;value&quot;:&quot;Intza&quot;},{&quot;value&quot;:&quot;Sintra&quot;},{&quot;value&quot;:&quot;entr\u00e1&quot;}]\" data-rule=\"MORFOLOGIK_RULE_ES\" data-word=\"intra\">intra<\/span>-hospitalario. Admite m\u00faltiples m\u00f3dulos, como anestesia, cuidados intensivos, cardiolog\u00eda, neonatolog\u00eda y cuidados generales. Adem\u00e1s, el MX450 se integra a la perfecci\u00f3n con los sistemas de <span class=\"error misspelling\" title=\"Se ha encontrado un posible error ortogr\u00e1fico.\" data-type=\"misspelling\" data-suggestions=\"[{&quot;value&quot;:&quot;EMIR&quot;},{&quot;value&quot;:&quot;EME&quot;},{&quot;value&quot;:&quot;EUR&quot;},{&quot;value&quot;:&quot;EM\u00da&quot;},{&quot;value&quot;:&quot;EXR&quot;}]\" data-rule=\"MORFOLOGIK_RULE_ES\" data-word=\"EMR\">EMR<\/span>, lo que permite compartir datos del paciente en dispositivos o estaciones de datos centralizadas dentro de su centro m\u00e9dico. Philips ofrece otros monitores de la serie MX, como el <span class=\"error misspelling\" title=\"Se ha encontrado un posible error ortogr\u00e1fico.\" data-type=\"misspelling\" data-suggestions=\"[{&quot;value&quot;:&quot;Interlinee&quot;},{&quot;value&quot;:&quot;Interline\u00e9&quot;},{&quot;value&quot;:&quot;IntelliJ&quot;}]\" data-rule=\"MORFOLOGIK_RULE_ES\" data-word=\"IntelliVue\">IntelliVue<\/span> MX500. Gesti\u00f3n de datos del paciente C\u00e1lculos de f\u00e1rmacos, ventilaci\u00f3n, hemodin\u00e1micos y oxigenaci\u00f3n Pantalla t\u00e1ctil f\u00e1cil de leer y de usar\u00a0 Jerarqu\u00eda de men\u00fas simple Capaz de funcionar en una infraestructura inal\u00e1mbrica Dise\u00f1os de pantalla ajustables Grabadora incorporada<\/p>\n<ul>\n<li>Gesti\u00f3n de datos del paciente<\/li>\n<li>C\u00e1lculos de f\u00e1rmacos, ventilaci\u00f3n, hemodin\u00e1micos y oxigenaci\u00f3n<\/li>\n<li>Pantalla t\u00e1ctil f\u00e1cil de leer y de usar<\/li>\n<li>Jerarqu\u00eda de men\u00fas simple<\/li>\n<li>Capaz de funcionar en una infraestructura inal\u00e1mbrica<\/li>\n<li>Dise\u00f1os de pantalla ajustables<\/li>\n<li>Grabadora incorporada<\/li>\n<\/ul>\n","protected":false},"excerpt":{"rendered":"<p>Monitores Multiparametros<\/p>\n","protected":false},"featured_media":31192,"template":"","meta":{"_acf_changed":false,"_relevanssi_hide_post":"","_relevanssi_hide_content":"","_relevanssi_pin_for_all":"","_relevanssi_pin_keywords":"","_relevanssi_unpin_keywords":"","_relevanssi_related_keywords":"","_relevanssi_related_include_ids":"","_relevanssi_related_exclude_ids":"","_relevanssi_related_no_append":"","_relevanssi_related_not_related":"","_relevanssi_related_posts":"","_relevanssi_noindex_reason":"","inline_featured_image":false},"pwb-brand":[1102],"product_brand":[],"product_cat":[50],"product_tag":[3614,3841,4444,4450,4451,3862],"class_list":{"0":"post-5666","1":"product","2":"type-product","3":"status-publish","4":"has-post-thumbnail","6":"pwb-brand-equipo-medico-philips","7":"product_cat-monitores-multiparametros","8":"product_tag-monitores-multiparametros","9":"product_tag-monitores-multiparametros-philips","10":"product_tag-philips-intellivue-monitores-multiparametros","11":"product_tag-philips-intellivue-mx-450","12":"product_tag-philips-intellivue-mx-450-monitores-multiparametros","13":"product_tag-philips-monitores-multiparametros","15":"first","16":"instock","17":"shipping-taxable","18":"purchasable","19":"product-type-simple"},"acf":[],"brands":[{"id":1102,"name":"Philips","slug":"equipo-medico-philips"}],"_links":{"self":[{"href":"https:\/\/www.somatechnology.com\/spanish\/wp-json\/wp\/v2\/product\/5666","targetHints":{"allow":["GET"]}}],"collection":[{"href":"https:\/\/www.somatechnology.com\/spanish\/wp-json\/wp\/v2\/product"}],"about":[{"href":"https:\/\/www.somatechnology.com\/spanish\/wp-json\/wp\/v2\/types\/product"}],"wp:featuredmedia":[{"embeddable":true,"href":"https:\/\/www.somatechnology.com\/spanish\/wp-json\/wp\/v2\/media\/31192"}],"wp:attachment":[{"href":"https:\/\/www.somatechnology.com\/spanish\/wp-json\/wp\/v2\/media?parent=5666"}],"wp:term":[{"taxonomy":"pwb-brand","embeddable":true,"href":"https:\/\/www.somatechnology.com\/spanish\/wp-json\/wp\/v2\/pwb-brand?post=5666"},{"taxonomy":"product_brand","embeddable":true,"href":"https:\/\/www.somatechnology.com\/spanish\/wp-json\/wp\/v2\/product_brand?post=5666"},{"taxonomy":"product_cat","embeddable":true,"href":"https:\/\/www.somatechnology.com\/spanish\/wp-json\/wp\/v2\/product_cat?post=5666"},{"taxonomy":"product_tag","embeddable":true,"href":"https:\/\/www.somatechnology.com\/spanish\/wp-json\/wp\/v2\/product_tag?post=5666"}],"curies":[{"name":"wp","href":"https:\/\/api.w.org\/{rel}","templated":true}]}}