{"id":5670,"date":"2016-08-29T16:31:47","date_gmt":"2016-08-29T16:31:47","guid":{"rendered":"http:\/\/equipomedicocentral.com\/wordpress\/?post_type=product&#038;p=5670"},"modified":"2023-08-23T06:19:31","modified_gmt":"2023-08-23T10:19:31","slug":"philips-intellivue-mx-800","status":"publish","type":"product","link":"https:\/\/www.somatechnology.com\/spanish\/equipo-medico-usado-remanufacturado\/monitores-de-signos-vitales\/monitores-multiparametros\/philips-intellivue-mx-800\/","title":{"rendered":"Philips IntelliVue MX 800"},"content":{"rendered":"<h2>Caracter\u00edsticas de Philips IntelliVue Mx800<\/h2>\n<p>La <strong>IntelliVue MX800<\/strong> es la primera soluci\u00f3n de atenci\u00f3n al paciente de Philips para incorporar la monitorizaci\u00f3n del paciente y la inform\u00e1tica cl\u00ednica. Dise\u00f1ado para simplificar el acceso a la informaci\u00f3n del paciente que necesita para mejorar la confianza diagn\u00f3stica en todo el hospital.<\/p>\n<ul>\n<li>19 \u2033 pantalla t\u00e1ctil panor\u00e1mica y tambi\u00e9n puede ser operado por control remoto. Mostrar hoja de flujo del paciente del sistema de informaci\u00f3n de cuidados cr\u00edticos (Philips ICIP). Acceda a ECGs anteriores de Philips TraceMasterVue u otros sistemas de gesti\u00f3n de ECG.<\/li>\n<li>Permite el acceso r\u00e1pido y f\u00e1cil a la informaci\u00f3n relevante del paciente para tomar decisiones m\u00e1s informadas en el punto de atenci\u00f3n. Puede llamar la \u00faltima imagen de ultrasonido del paciente o la radiograf\u00eda en el monitor.<\/li>\n<li>La integraci\u00f3n excepcional del monitoreo y la informaci\u00f3n del paciente capitaliza las aplicaciones de cabecera centradas en ti de pr\u00f3xima generaci\u00f3n.<\/li>\n<li>El monitor y el PC son simult\u00e1neos e independientes, simplificando el flujo de trabajo.<\/li>\n<li>La interfaz de usuario intuitiva con pantalla ancha y opciones de pantallas flexibles est\u00e1n dise\u00f1adas para suavizar el flujo de trabajo.<\/li>\n<li>La prueba del asiento de coche ayuda a cl\u00ednicos para determinar la capacidad de los reci\u00e9n nacidos de tolerar con seguridad el viaje del coche a casa.<\/li>\n<\/ul>\n<h2>Especificaciones de Philips IntelliVue Mx800<\/h2>\n<h3>Predictivo y preventivo<\/h3>\n<ul>\n<li>El IntelliVue MX800, por ejemplo, supervisa cambios sutiles en la condici\u00f3n del paciente y asiste en el reconocimiento de las muestras y de los s\u00edntomas tempranos de la sepsia comparando el estado del paciente con los criterios definidos para la sepsia del cribado. Esto ayuda a proporcionar atenci\u00f3n de calidad incluso con las limitaciones de recursos de un paisaje de salud cambiante.<\/li>\n<li>Esta robusta soluci\u00f3n combina vistas de monitoreo en tiempo real con informaci\u00f3n cl\u00ednicamente relevante de la intranet o aplicaciones del hospital y est\u00e1 dise\u00f1ada para mejorar el flujo de trabajo en todo el hospital..<\/li>\n<\/ul>\n<h3>Toma una visi\u00f3n m\u00e1s amplia<\/h3>\n<ul>\n<li>Una interfaz de usuario con pantalla ancha e intuitiva y opciones de pantalla flexibles est\u00e1n dise\u00f1adas para mejorar la confianza y el flujo de trabajo de diagn\u00f3stico. Una sola pantalla con monitorizaci\u00f3n integrada de pacientes e informaci\u00f3n cl\u00ednica relevante significa ahorro de espacio y menos cables.<\/li>\n<\/ul>\n<h3>Reconfortantemente<\/h3>\n<ul>\n<li>La interfaz IntelliVue, consistente y f\u00e1cil de usar, simplifica el entrenamiento cl\u00ednico y permite un despliegue m\u00e1s efectivo del personal cl\u00ednico en todo el hospital..<\/li>\n<\/ul>\n<h3>Elija justo lo que necesita<\/h3>\n<ul>\n<li>La modularidad de medici\u00f3n permite la flexibilidad en el cuidado del paciente. El sistema es altamente configurable y ampliable.<\/li>\n<\/ul>\n<h3>Se integra f\u00e1cilmente en las infraestructuras existentes<\/h3>\n<ul>\n<li>Esta estaci\u00f3n de trabajo cl\u00ednica flexible y completamente abierta se conecta imparcialmente con las aplicaciones de TI de otros proveedores, integr\u00e1ndose sin problemas con la infraestructura de TI existente de su instituci\u00f3n para que el hospital retenga el control total de su red.<\/li>\n<\/ul>\n<p>&nbsp;<\/p>\n","protected":false},"excerpt":{"rendered":"<p>Monitores Multiparametros<\/p>\n","protected":false},"featured_media":22723,"template":"","meta":{"_acf_changed":false,"_relevanssi_hide_post":"","_relevanssi_hide_content":"","_relevanssi_pin_for_all":"","_relevanssi_pin_keywords":"","_relevanssi_unpin_keywords":"","_relevanssi_related_keywords":"","_relevanssi_related_include_ids":"","_relevanssi_related_exclude_ids":"","_relevanssi_related_no_append":"","_relevanssi_related_not_related":"","_relevanssi_related_posts":"","_relevanssi_noindex_reason":"","inline_featured_image":false},"pwb-brand":[1102],"product_brand":[],"product_cat":[50],"product_tag":[3614,4461,4463,4444,4462,3862],"class_list":{"0":"post-5670","1":"product","2":"type-product","3":"status-publish","4":"has-post-thumbnail","6":"pwb-brand-equipo-medico-philips","7":"product_cat-monitores-multiparametros","8":"product_tag-monitores-multiparametros","9":"product_tag-monitores-multiparametrosphilips","10":"product_tag-philips-intellivie-mx-800","11":"product_tag-philips-intellivue-monitores-multiparametros","12":"product_tag-philips-intellivue-mx-800-monitores-multiparametros","13":"product_tag-philips-monitores-multiparametros","15":"first","16":"instock","17":"shipping-taxable","18":"purchasable","19":"product-type-simple"},"acf":[],"brands":[{"id":1102,"name":"Philips","slug":"equipo-medico-philips"}],"_links":{"self":[{"href":"https:\/\/www.somatechnology.com\/spanish\/wp-json\/wp\/v2\/product\/5670","targetHints":{"allow":["GET"]}}],"collection":[{"href":"https:\/\/www.somatechnology.com\/spanish\/wp-json\/wp\/v2\/product"}],"about":[{"href":"https:\/\/www.somatechnology.com\/spanish\/wp-json\/wp\/v2\/types\/product"}],"wp:featuredmedia":[{"embeddable":true,"href":"https:\/\/www.somatechnology.com\/spanish\/wp-json\/wp\/v2\/media\/22723"}],"wp:attachment":[{"href":"https:\/\/www.somatechnology.com\/spanish\/wp-json\/wp\/v2\/media?parent=5670"}],"wp:term":[{"taxonomy":"pwb-brand","embeddable":true,"href":"https:\/\/www.somatechnology.com\/spanish\/wp-json\/wp\/v2\/pwb-brand?post=5670"},{"taxonomy":"product_brand","embeddable":true,"href":"https:\/\/www.somatechnology.com\/spanish\/wp-json\/wp\/v2\/product_brand?post=5670"},{"taxonomy":"product_cat","embeddable":true,"href":"https:\/\/www.somatechnology.com\/spanish\/wp-json\/wp\/v2\/product_cat?post=5670"},{"taxonomy":"product_tag","embeddable":true,"href":"https:\/\/www.somatechnology.com\/spanish\/wp-json\/wp\/v2\/product_tag?post=5670"}],"curies":[{"name":"wp","href":"https:\/\/api.w.org\/{rel}","templated":true}]}}