{"id":5691,"date":"2016-08-30T15:44:16","date_gmt":"2016-08-30T15:44:16","guid":{"rendered":"http:\/\/equipomedicocentral.com\/wordpress\/?post_type=product&#038;p=5691"},"modified":"2025-10-02T15:27:54","modified_gmt":"2025-10-02T19:27:54","slug":"maquet-lucea-100-2","status":"publish","type":"product","link":"https:\/\/www.somatechnology.com\/spanish\/equipo-medico-usado-remanufacturado\/luces-de-cirugia-lamparas-quirurgicas\/maquet-lucea-100-2\/","title":{"rendered":"Maquet Lucea 100"},"content":{"rendered":"<h2>Caracter\u00edsticas de la Maquet Lucea 100<\/h2>\n<p>La l\u00e1mpara quir\u00fargica LUCEA 100 se han desarrollado brindar a los quir\u00f3fanos con LED inteligentes. Su dise\u00f1o innovador, combinado con una forma funcional, est\u00e1 disponible en versiones m\u00f3viles, de pared y de techo, as\u00ed como en versi\u00f3n con bater\u00eda.<\/p>\n<ul>\n<li>Control \u00fanico del flujo luminoso LED<\/li>\n<li>El control din\u00e1mico de la iluminaci\u00f3n proporciona una iluminaci\u00f3n constante durante todo el procedimiento<\/li>\n<li>El control capacitivo de la intensidad luminosa en el cabezal permite al usuario adaptar la salida de luz<\/li>\n<li>Las unidades de control de la luz se pueden ajustar a distancia<\/li>\n<li>L\u00e1mpara para cirug\u00eda menor equipada con tecnolog\u00eda multimedia<\/li>\n<\/ul>\n<p>&nbsp;<\/p>\n","protected":false},"excerpt":{"rendered":"<p>Las l\u00e1mparas quir\u00fargicas LUCEA 100 se han desarrollado para dotar cualquier quir\u00f3fano de tecnolog\u00eda LED. Su dise\u00f1o innovador, combinado con una forma funcional, est\u00e1 disponible en versiones m\u00f3viles, de pared y de techo, as\u00ed como en versi\u00f3n con bater\u00eda. Dise\u00f1adas para cirug\u00eda menor.<\/p>\n","protected":false},"featured_media":32278,"template":"","meta":{"_acf_changed":false,"_relevanssi_hide_post":"","_relevanssi_hide_content":"","_relevanssi_pin_for_all":"","_relevanssi_pin_keywords":"","_relevanssi_unpin_keywords":"","_relevanssi_related_keywords":"","_relevanssi_related_include_ids":"","_relevanssi_related_exclude_ids":"","_relevanssi_related_no_append":"","_relevanssi_related_not_related":"","_relevanssi_related_posts":"","_relevanssi_noindex_reason":"","inline_featured_image":false},"pwb-brand":[1109],"product_brand":[],"product_cat":[71],"product_tag":[3291,10883,3610,10868,10884,519,5177,10882],"class_list":{"0":"post-5691","1":"product","2":"type-product","3":"status-publish","4":"has-post-thumbnail","6":"pwb-brand-equipo-medico-maquet","7":"product_cat-luces-de-cirugia-lamparas-quirurgicas","8":"product_tag-3291","9":"product_tag-lucea-100","10":"product_tag-luz","11":"product_tag-luz-quirurgica","12":"product_tag-luz-quirurgica-maquet-lucea-100","13":"product_tag-maquet","14":"product_tag-maquet-lucea","15":"product_tag-maquet-lucea-100","17":"first","18":"instock","19":"featured","20":"shipping-taxable","21":"purchasable","22":"product-type-simple"},"acf":[],"brands":[{"id":1109,"name":"Maquet","slug":"equipo-medico-maquet"}],"_links":{"self":[{"href":"https:\/\/www.somatechnology.com\/spanish\/wp-json\/wp\/v2\/product\/5691","targetHints":{"allow":["GET"]}}],"collection":[{"href":"https:\/\/www.somatechnology.com\/spanish\/wp-json\/wp\/v2\/product"}],"about":[{"href":"https:\/\/www.somatechnology.com\/spanish\/wp-json\/wp\/v2\/types\/product"}],"wp:featuredmedia":[{"embeddable":true,"href":"https:\/\/www.somatechnology.com\/spanish\/wp-json\/wp\/v2\/media\/32278"}],"wp:attachment":[{"href":"https:\/\/www.somatechnology.com\/spanish\/wp-json\/wp\/v2\/media?parent=5691"}],"wp:term":[{"taxonomy":"pwb-brand","embeddable":true,"href":"https:\/\/www.somatechnology.com\/spanish\/wp-json\/wp\/v2\/pwb-brand?post=5691"},{"taxonomy":"product_brand","embeddable":true,"href":"https:\/\/www.somatechnology.com\/spanish\/wp-json\/wp\/v2\/product_brand?post=5691"},{"taxonomy":"product_cat","embeddable":true,"href":"https:\/\/www.somatechnology.com\/spanish\/wp-json\/wp\/v2\/product_cat?post=5691"},{"taxonomy":"product_tag","embeddable":true,"href":"https:\/\/www.somatechnology.com\/spanish\/wp-json\/wp\/v2\/product_tag?post=5691"}],"curies":[{"name":"wp","href":"https:\/\/api.w.org\/{rel}","templated":true}]}}