{"id":5709,"date":"2016-08-30T17:46:25","date_gmt":"2016-08-30T17:46:25","guid":{"rendered":"http:\/\/equipomedicocentral.com\/wordpress\/?post_type=product&#038;p=5709"},"modified":"2025-12-11T02:00:46","modified_gmt":"2025-12-11T07:00:46","slug":"maquet-betastar","status":"publish","type":"product","link":"https:\/\/www.somatechnology.com\/spanish\/equipo-medico-usado-remanufacturado\/mesas-de-cirugia\/maquet-betastar\/","title":{"rendered":"Maquet Betastar"},"content":{"rendered":"<div class=\"wpb-content-wrapper\"><p>[vc_row][vc_column][vc_column_text css=\u00bb\u00bb]<\/p>\n<h2>Mesa Quir\u00fargica Maquet Betastar<\/h2>\n<p>La mesa quir\u00fargica MAQUET Betastar ofrece soluciones eficaces para la m\u00e1s amplia variedad de requisitos en el quir\u00f3fano. Los pacientes se benefician de una comodidad de posicionamiento excelente con una capacidad total m\u00e1xima de 454 KG (1.000 lbs).<\/p>\n<ul>\n<li>Funcionamiento de la mesa es subdividida en seis secciones: placa principal (opcional), placa trasera superior (opcional), una placa posterior m\u00e1s baja, placa de asiento, placas de la pierna (opcionales)<\/li>\n<li>Brazos de apoyo del asiento y de la parte posterior, z\u00f3calos de la placa de la pierna, cubiertas del empalme y carriles laterales hechos del acolchado de m\u00faltiples capas del SFC del cromo-n\u00edquel (base especial de la espuma) para la comodidad de colocaci\u00f3n excepcional y la seguridad m\u00e1s alta del paciente, el grueso del acolchado es 80 mm \/ 3 pulgadas<\/li>\n<\/ul>\n<ul>\n<li>Tablero entero sin travesa\u00f1os para fluoroscopia intraoperatoria<\/li>\n<li>La orientaci\u00f3n del paciente se establece con las unidades de control \u2013 volver al bot\u00f3n de nivel<\/li>\n<\/ul>\n<h3>Dimensiones<\/h3>\n<ul>\n<li>Longitud sin los accesorios 860 mm\/34 \u2033<\/li>\n<li>Anchura sin los carriles laterales 540 mm\/21 \u2033<\/li>\n<li>Anchura con rieles laterales m\u00e1x. 590 mm\/23 \u2033<\/li>\n<li>Altura (sin acolchado) 600 \u2013 950 mm\/24 \u2013 37 \u2033<\/li>\n<\/ul>\n<h3>Peso<\/h3>\n<ul>\n<li>Peso de la tabla de funcionamiento 260 kg\/573 lbs<\/li>\n<li>Carga total admisible m\u00e1xima (peso y accesorios del paciente) 454 kg\/1.000 lbs<\/li>\n<li>MaX. Peso del paciente 1000 libras (454 kg)<\/li>\n<\/ul>\n<h3>Caracter\u00edsticas generales de la construcci\u00f3n<\/h3>\n<ul>\n<li>Mesa de operaciones m\u00f3vil, modular para cirug\u00eda general, accionamiento hidr\u00e1ulico, bater\u00eda y red el\u00e9ctrica controlada<\/li>\n<li>Construcci\u00f3n de base estable con los echadores grandes del disco gemelo para el recorrido f\u00e1cil y maniobrar<\/li>\n<li>Cubiertas de la base, cubierta de la columna y cubierta para el panel de la anulaci\u00f3n hecho del acero del cromo-n\u00edquel<\/li>\n<\/ul>\n<h3>Voltages\/Energ\u00eda<\/h3>\n<ul>\n<li>Bater\u00edas recargables de dise\u00f1o especial sin necesidad de mantenimiento, con capacidad para una semana de uso en el o<\/li>\n<li>El nivel de carga de la bater\u00eda se monitorea electr\u00f3nicamente y se indica de forma \u00f3ptica<\/li>\n<li>Las bater\u00edas de la mesa de operaciones se recargan con un cable de red<\/li>\n<li>Voltajes nominales: 100\/110-115\/127\/200\/220\/230-240 V CA (seleccionable)<\/li>\n<li>Clase II, tipo B; IEC 60601-1<\/li>\n<li>Frecuencia nominal 50\/60 Hz<\/li>\n<\/ul>\n<h3>Movimientos<\/h3>\n<ul>\n<li>Trendelenburg + 30 \u00b0\/-30 \u00b0<\/li>\n<li>Inclinaci\u00f3n lateral, izquierda\/derecha 20 \u00b0\/20 \u00b0<\/li>\n<li>Placa posterior + 70 \u00b0\/-40 \u00b0<\/li>\n<\/ul>\n<h3>Empalme accionado por motor<\/h3>\n<ul>\n<li>Empalme accionado por motor m\u00e1x. 80 \u00b0<\/li>\n<li>Empalme motor-accionado abajo m\u00e1ximo. 90\u00b0<\/li>\n<\/ul>\n<h3>Posici\u00f3n Flex<\/h3>\n<ul>\n<li>Posici\u00f3n Flex m\u00e1x. 40 \u00b0<\/li>\n<li>Trendelenburg inversa 20 \u00b0<\/li>\n<li>Punto de montaje normal hacia abajo 20\u00b0<\/li>\n<\/ul>\n<h3>Posici\u00f3n Reflex<\/h3>\n<ul>\n<li>Posici\u00f3n Flex m\u00e1x. 70 \u00b0<\/li>\n<li>Trendelenburg inversa 30 \u00b0<\/li>\n<li>Punto de montaje normal hacia abajo 40\u00b0<\/li>\n<\/ul>\n<p>&nbsp;<\/p>\n<div id=\"mttContainer\" class=\"notranslate\" style=\"transform: translate(242px, 88px);\" aria-expanded=\"false\">\n<div id=\"tippy-1\" style=\"z-index: 100000200; visibility: hidden; position: absolute; inset: auto auto 0px 0px; margin: 0px; transform: translate3d(399.333px, -20px, 0px);\" data-tippy-root=\"\">\n<div class=\"tippy-box\" style=\"max-width: 350px; transition-duration: 250ms;\" tabindex=\"-1\" role=\"mtttooltip\" data-state=\"hidden\" data-theme=\"custom\" data-animation=\"fade\" data-placement=\"top\">\n<div class=\"tippy-content\" style=\"transition-duration: 250ms;\" data-state=\"hidden\"><span dir=\"ltr\">Maquet Betastar Surgical Table<\/span><\/div>\n<div class=\"tippy-arrow\" style=\"position: absolute; left: 0px; transform: translate3d(92px, 0px, 0px);\"><\/div>\n<\/div>\n<\/div>\n<\/div>\n<p>[\/vc_column_text][\/vc_column][\/vc_row]<\/p>\n<\/div>","protected":false},"excerpt":{"rendered":"<p>[vc_row][vc_column][vc_column_text css=\u00bb\u00bb] Mesa Quir\u00fargica Maquet Betastar La mesa quir\u00fargica MAQUET Betastar ofrece soluciones eficaces para la m\u00e1s amplia variedad de requisitos en el quir\u00f3fano&#8230;.<\/p>\n","protected":false},"featured_media":9543,"template":"","meta":{"_acf_changed":false,"_relevanssi_hide_post":"","_relevanssi_hide_content":"","_relevanssi_pin_for_all":"","_relevanssi_pin_keywords":"","_relevanssi_unpin_keywords":"","_relevanssi_related_keywords":"","_relevanssi_related_include_ids":"","_relevanssi_related_exclude_ids":"","_relevanssi_related_no_append":"","_relevanssi_related_not_related":"","_relevanssi_related_posts":"","_relevanssi_noindex_reason":"","inline_featured_image":false},"pwb-brand":[1109],"product_brand":[],"product_cat":[72],"product_tag":[2509,519,2508,2507,2506,6852],"class_list":{"0":"post-5709","1":"product","2":"type-product","3":"status-publish","4":"has-post-thumbnail","6":"pwb-brand-equipo-medico-maquet","7":"product_cat-mesas-de-cirugia","8":"product_tag-betastar","9":"product_tag-maquet","10":"product_tag-maquet-betastar","11":"product_tag-mesa-de-quirurgica","12":"product_tag-mesa-quirurgicas","13":"product_tag-mesas-quirurgicas-maquet","15":"first","16":"instock","17":"shipping-taxable","18":"purchasable","19":"product-type-simple"},"acf":[],"brands":[{"id":1109,"name":"Maquet","slug":"equipo-medico-maquet"}],"_links":{"self":[{"href":"https:\/\/www.somatechnology.com\/spanish\/wp-json\/wp\/v2\/product\/5709","targetHints":{"allow":["GET"]}}],"collection":[{"href":"https:\/\/www.somatechnology.com\/spanish\/wp-json\/wp\/v2\/product"}],"about":[{"href":"https:\/\/www.somatechnology.com\/spanish\/wp-json\/wp\/v2\/types\/product"}],"wp:featuredmedia":[{"embeddable":true,"href":"https:\/\/www.somatechnology.com\/spanish\/wp-json\/wp\/v2\/media\/9543"}],"wp:attachment":[{"href":"https:\/\/www.somatechnology.com\/spanish\/wp-json\/wp\/v2\/media?parent=5709"}],"wp:term":[{"taxonomy":"pwb-brand","embeddable":true,"href":"https:\/\/www.somatechnology.com\/spanish\/wp-json\/wp\/v2\/pwb-brand?post=5709"},{"taxonomy":"product_brand","embeddable":true,"href":"https:\/\/www.somatechnology.com\/spanish\/wp-json\/wp\/v2\/product_brand?post=5709"},{"taxonomy":"product_cat","embeddable":true,"href":"https:\/\/www.somatechnology.com\/spanish\/wp-json\/wp\/v2\/product_cat?post=5709"},{"taxonomy":"product_tag","embeddable":true,"href":"https:\/\/www.somatechnology.com\/spanish\/wp-json\/wp\/v2\/product_tag?post=5709"}],"curies":[{"name":"wp","href":"https:\/\/api.w.org\/{rel}","templated":true}]}}