{"id":6234,"date":"2016-09-13T18:20:17","date_gmt":"2016-09-13T18:20:17","guid":{"rendered":"http:\/\/equipomedicocentral.com\/wordpress\/product\/stryker-1488\/"},"modified":"2025-12-11T04:28:14","modified_gmt":"2025-12-11T09:28:14","slug":"stryker-1488","status":"publish","type":"product","link":"https:\/\/www.somatechnology.com\/spanish\/equipo-medico-usado-remanufacturado\/sistema-de-video-endoscopia\/camaras-de-video\/stryker-1488\/","title":{"rendered":"Stryker 1488 Camaras de Video"},"content":{"rendered":"<div class=\"wpb-content-wrapper\"><p>[vc_row][vc_column][vc_column_text css=\u00bb\u00bb]<\/p>\n<h2>Camaras de Video Stryker 1488<\/h2>\n<ul>\n<li>El sistema de c\u00e1mara HD 1488 utiliza tecnolog\u00eda avanzada CMOS y \u00f3ptica Premium para continuar la herencia de los mejores sistemas de v\u00eddeo en su clase que Stryker ha entregado a sus clientes durante m\u00e1s de 30 a\u00f1os.<\/li>\n<li>1488 permite a los cirujanos controlar todos sus dispositivos conectados * desde la cabeza de la c\u00e1mara, incluyendo su bomba y o las luces.<\/li>\n<li>1488 ofrece compatibilidad con el artroscopio de precisi\u00f3n HD que est\u00e1 dise\u00f1ado para ser m\u00e1s ergon\u00f3mico para los cirujanos.<\/li>\n<\/ul>\n<p>&nbsp;<\/p>\n<div id=\"mttContainer\" class=\"notranslate\" style=\"transform: translate(229px, 6px);\" aria-expanded=\"false\"><\/div>\n<p>[\/vc_column_text][\/vc_column][\/vc_row]<\/p>\n<\/div>","protected":false},"excerpt":{"rendered":"<p>1-chip Camara de Video de Endoscopia<\/p>\n","protected":false},"featured_media":9510,"template":"","meta":{"_acf_changed":false,"_relevanssi_hide_post":"","_relevanssi_hide_content":"","_relevanssi_pin_for_all":"","_relevanssi_pin_keywords":"","_relevanssi_unpin_keywords":"","_relevanssi_related_keywords":"","_relevanssi_related_include_ids":"","_relevanssi_related_exclude_ids":"","_relevanssi_related_no_append":"","_relevanssi_related_not_related":"","_relevanssi_related_posts":"","_relevanssi_noindex_reason":"","inline_featured_image":false},"pwb-brand":[1079],"product_brand":[],"product_cat":[99,84],"product_tag":[216,142,178,215],"class_list":{"0":"post-6234","1":"product","2":"type-product","3":"status-publish","4":"has-post-thumbnail","6":"pwb-brand-equipo-medico-stryker","7":"product_cat-camaras-de-video","8":"product_cat-sistema-de-video-endoscopia","9":"product_tag-216","10":"product_tag-camaras-de-video","11":"product_tag-stryker","12":"product_tag-stryker-1488","14":"first","15":"instock","16":"purchasable","17":"product-type-simple"},"acf":[],"brands":[{"id":1079,"name":"Stryker","slug":"equipo-medico-stryker"}],"_links":{"self":[{"href":"https:\/\/www.somatechnology.com\/spanish\/wp-json\/wp\/v2\/product\/6234","targetHints":{"allow":["GET"]}}],"collection":[{"href":"https:\/\/www.somatechnology.com\/spanish\/wp-json\/wp\/v2\/product"}],"about":[{"href":"https:\/\/www.somatechnology.com\/spanish\/wp-json\/wp\/v2\/types\/product"}],"wp:featuredmedia":[{"embeddable":true,"href":"https:\/\/www.somatechnology.com\/spanish\/wp-json\/wp\/v2\/media\/9510"}],"wp:attachment":[{"href":"https:\/\/www.somatechnology.com\/spanish\/wp-json\/wp\/v2\/media?parent=6234"}],"wp:term":[{"taxonomy":"pwb-brand","embeddable":true,"href":"https:\/\/www.somatechnology.com\/spanish\/wp-json\/wp\/v2\/pwb-brand?post=6234"},{"taxonomy":"product_brand","embeddable":true,"href":"https:\/\/www.somatechnology.com\/spanish\/wp-json\/wp\/v2\/product_brand?post=6234"},{"taxonomy":"product_cat","embeddable":true,"href":"https:\/\/www.somatechnology.com\/spanish\/wp-json\/wp\/v2\/product_cat?post=6234"},{"taxonomy":"product_tag","embeddable":true,"href":"https:\/\/www.somatechnology.com\/spanish\/wp-json\/wp\/v2\/product_tag?post=6234"}],"curies":[{"name":"wp","href":"https:\/\/api.w.org\/{rel}","templated":true}]}}